{"id":143378,"date":"2025-09-23T14:56:56","date_gmt":"2025-09-23T12:56:56","guid":{"rendered":"https:\/\/www.bontempi.it\/product\/helena-18-76\/"},"modified":"2025-09-23T15:48:54","modified_gmt":"2025-09-23T13:48:54","slug":"helena-18-76","status":"publish","type":"product","link":"https:\/\/www.bontempi.it\/fr\/helena-1876\/","title":{"rendered":"Helena &#8211; 18.76"},"content":{"rendered":"<p>Biblioth\u00e8que avec structure et \u00e9tag\u00e8res en acier, et 4 plateaux sup\u00e9rieurs optionnels.<\/p>\n","protected":false},"excerpt":{"rendered":"<p>Biblioth\u00e8que avec structure et \u00e9tag\u00e8res en acier, et 4 plateaux sup\u00e9rieurs optionnels.<\/p>\n","protected":false},"featured_media":0,"template":"","line":[76913,77571],"kind":[70973,70974],"room":[71459,71464],"material":[68013,68016,68029,68033,68040,68042,68270,68272,75897],"color":[60635,77336,77344,77345,77346],"certification":[],"class_list":["post-143378","product","type-product","status-publish","hentry","line-helena-fr","line-helena-bookcase-fr","kind-bookcases-shelves-fr","kind-bookcases-fr","room-living-fr","room-contract-fr","material-m310-fr","material-m306-fr","material-m097-fr","material-m055-fr","material-m028-fr","material-m312-fr","material-cm005a-fr","material-cm025a-fr","material-cm027a-fr-fr","color-beige-fr","color-white-fr","color-grey-fr","color-chocolate-fr","color-black-fr"],"acf":{"sku":"18.76","line":[76913,77571],"is_accessory":false,"is_configurable":true,"kind":[70973,70974],"rooms":[71459,71464],"seats":"","dimensions":{"diameter":"","x":"180","z":"40","y":"184"},"finishing":{"top":[],"structure":{"68013":68013,"68016":68016,"68029":68029,"68033":68033,"68040":68040,"68042":68042},"lower_cuff":[],"upper_cuff":[],"matchable_top":[],"builtin_revolving_central_top":[],"throat":[],"lampshade":[],"back":[],"sitting":[],"cushions":[],"decorative_inner":[],"decorative_inserts":[],"side":[],"support":[],"front_doors":[],"top_front_doors":[],"seat_structure":[],"top_structure":[],"covering":[],"optional_shelf":[],"mirror":[],"side_panels":[],"centerpiece":[]},"colors":{"top":[],"structure":{"77344":77344,"77336":77336,"77346":77346,"77345":77345,"60635":60635},"lower_cuff":[],"upper_cuff":[],"matchable_top":[],"builtin_revolving_central_top":[],"throat":[],"lampshade":[],"back":[],"sitting":[],"cushions":[],"decorative_inner":[],"decorative_inserts":[],"side":[],"support":[],"front_doors":[],"top_front_doors":[],"seat_structure":[],"top_structure":[],"covering":[],"optional_shelf":[],"mirror":[],"side_panels":[],"centerpiece":[]},"accessories":"","related":"","gallery":[142323],"product_sheet":"","attachments":null,"videos":null,"silhouette":143074},"_links":{"self":[{"href":"https:\/\/www.bontempi.it\/fr\/wp-json\/wp\/v2\/product\/143378","targetHints":{"allow":["GET"]}}],"collection":[{"href":"https:\/\/www.bontempi.it\/fr\/wp-json\/wp\/v2\/product"}],"about":[{"href":"https:\/\/www.bontempi.it\/fr\/wp-json\/wp\/v2\/types\/product"}],"acf:attachment":[{"embeddable":true,"href":"https:\/\/www.bontempi.it\/fr\/wp-json\/wp\/v2\/media\/142323"}],"acf:term":[{"embeddable":true,"taxonomy":"room","href":"https:\/\/www.bontempi.it\/fr\/wp-json\/wp\/v2\/room\/71464"},{"embeddable":true,"taxonomy":"room","href":"https:\/\/www.bontempi.it\/fr\/wp-json\/wp\/v2\/room\/71459"},{"embeddable":true,"taxonomy":"kind","href":"https:\/\/www.bontempi.it\/fr\/wp-json\/wp\/v2\/kind\/70974"},{"embeddable":true,"taxonomy":"kind","href":"https:\/\/www.bontempi.it\/fr\/wp-json\/wp\/v2\/kind\/70973"},{"embeddable":true,"taxonomy":"line","href":"https:\/\/www.bontempi.it\/fr\/wp-json\/wp\/v2\/line\/77571"},{"embeddable":true,"taxonomy":"line","href":"https:\/\/www.bontempi.it\/fr\/wp-json\/wp\/v2\/line\/76913"}],"wp:attachment":[{"href":"https:\/\/www.bontempi.it\/fr\/wp-json\/wp\/v2\/media?parent=143378"}],"wp:term":[{"taxonomy":"line","embeddable":true,"href":"https:\/\/www.bontempi.it\/fr\/wp-json\/wp\/v2\/line?post=143378"},{"taxonomy":"kind","embeddable":true,"href":"https:\/\/www.bontempi.it\/fr\/wp-json\/wp\/v2\/kind?post=143378"},{"taxonomy":"room","embeddable":true,"href":"https:\/\/www.bontempi.it\/fr\/wp-json\/wp\/v2\/room?post=143378"},{"taxonomy":"material","embeddable":true,"href":"https:\/\/www.bontempi.it\/fr\/wp-json\/wp\/v2\/material?post=143378"},{"taxonomy":"color","embeddable":true,"href":"https:\/\/www.bontempi.it\/fr\/wp-json\/wp\/v2\/color?post=143378"},{"taxonomy":"certification","embeddable":true,"href":"https:\/\/www.bontempi.it\/fr\/wp-json\/wp\/v2\/certification?post=143378"}],"curies":[{"name":"wp","href":"https:\/\/api.w.org\/{rel}","templated":true}]}}