{"id":143332,"date":"2025-09-23T14:55:48","date_gmt":"2025-09-23T12:55:48","guid":{"rendered":"https:\/\/www.bontempi.it\/product\/focus-09-59\/"},"modified":"2025-09-23T15:47:59","modified_gmt":"2025-09-23T13:47:59","slug":"focus-09-59","status":"publish","type":"product","link":"https:\/\/www.bontempi.it\/fr\/focus-0959\/","title":{"rendered":"Focus &#8211; 09.59"},"content":{"rendered":"<p>Miroir fa\u00e7onn\u00e9 avec cadre textur\u00e9<\/p>\n","protected":false},"excerpt":{"rendered":"<p>Miroir fa\u00e7onn\u00e9 avec cadre textur\u00e9<\/p>\n","protected":false},"featured_media":0,"template":"","line":[76906],"kind":[70968,70969],"room":[71460],"material":[67900,68537],"color":[75329],"certification":[],"class_list":["post-143332","product","type-product","status-publish","hentry","line-focus-fr","kind-mirrors-hangers-magazineracks-fr","kind-mirrors-fr","room-hall-fr","material-c301-fr","material-c303-fr","color-bronze-fr"],"acf":{"sku":"09.59","line":[76906],"is_accessory":false,"is_configurable":true,"kind":[70968,70969],"rooms":[71460],"seats":"","dimensions":{"diameter":"","x":"180","z":"5","y":"85"},"finishing":{"top":[],"structure":{"67900":67900,"68537":68537},"lower_cuff":[],"upper_cuff":[],"matchable_top":[],"builtin_revolving_central_top":[],"throat":[],"lampshade":[],"back":[],"sitting":[],"cushions":[],"decorative_inner":[],"decorative_inserts":[],"side":[],"support":[],"front_doors":[],"top_front_doors":[],"seat_structure":[],"top_structure":[],"covering":[],"optional_shelf":[],"mirror":[],"side_panels":[],"centerpiece":[]},"colors":{"top":[],"structure":{"75329":75329,"75617":75617},"lower_cuff":[],"upper_cuff":[],"matchable_top":[],"builtin_revolving_central_top":[],"throat":[],"lampshade":[],"back":[],"sitting":[],"cushions":[],"decorative_inner":[],"decorative_inserts":[],"side":[],"support":[],"front_doors":[],"top_front_doors":[],"seat_structure":[],"top_structure":[],"covering":[],"optional_shelf":[],"mirror":[],"side_panels":[],"centerpiece":[]},"accessories":"","related":"","gallery":[142293,142287,142305,142299],"product_sheet":"https:\/\/www.bontempi.it\/wp-content\/uploads\/2025\/10\/Focus-09.58-59.pdf","attachments":null,"videos":null,"silhouette":142888},"_links":{"self":[{"href":"https:\/\/www.bontempi.it\/fr\/wp-json\/wp\/v2\/product\/143332","targetHints":{"allow":["GET"]}}],"collection":[{"href":"https:\/\/www.bontempi.it\/fr\/wp-json\/wp\/v2\/product"}],"about":[{"href":"https:\/\/www.bontempi.it\/fr\/wp-json\/wp\/v2\/types\/product"}],"acf:attachment":[{"embeddable":true,"href":"https:\/\/www.bontempi.it\/fr\/wp-json\/wp\/v2\/media\/142299"},{"embeddable":true,"href":"https:\/\/www.bontempi.it\/fr\/wp-json\/wp\/v2\/media\/142305"},{"embeddable":true,"href":"https:\/\/www.bontempi.it\/fr\/wp-json\/wp\/v2\/media\/142287"},{"embeddable":true,"href":"https:\/\/www.bontempi.it\/fr\/wp-json\/wp\/v2\/media\/142293"}],"acf:term":[{"embeddable":true,"taxonomy":"room","href":"https:\/\/www.bontempi.it\/fr\/wp-json\/wp\/v2\/room\/71460"},{"embeddable":true,"taxonomy":"kind","href":"https:\/\/www.bontempi.it\/fr\/wp-json\/wp\/v2\/kind\/70969"},{"embeddable":true,"taxonomy":"kind","href":"https:\/\/www.bontempi.it\/fr\/wp-json\/wp\/v2\/kind\/70968"},{"embeddable":true,"taxonomy":"line","href":"https:\/\/www.bontempi.it\/fr\/wp-json\/wp\/v2\/line\/76906"}],"wp:attachment":[{"href":"https:\/\/www.bontempi.it\/fr\/wp-json\/wp\/v2\/media?parent=143332"}],"wp:term":[{"taxonomy":"line","embeddable":true,"href":"https:\/\/www.bontempi.it\/fr\/wp-json\/wp\/v2\/line?post=143332"},{"taxonomy":"kind","embeddable":true,"href":"https:\/\/www.bontempi.it\/fr\/wp-json\/wp\/v2\/kind?post=143332"},{"taxonomy":"room","embeddable":true,"href":"https:\/\/www.bontempi.it\/fr\/wp-json\/wp\/v2\/room?post=143332"},{"taxonomy":"material","embeddable":true,"href":"https:\/\/www.bontempi.it\/fr\/wp-json\/wp\/v2\/material?post=143332"},{"taxonomy":"color","embeddable":true,"href":"https:\/\/www.bontempi.it\/fr\/wp-json\/wp\/v2\/color?post=143332"},{"taxonomy":"certification","embeddable":true,"href":"https:\/\/www.bontempi.it\/fr\/wp-json\/wp\/v2\/certification?post=143332"}],"curies":[{"name":"wp","href":"https:\/\/api.w.org\/{rel}","templated":true}]}}