{"id":143312,"date":"2025-09-23T14:55:26","date_gmt":"2025-09-23T12:55:26","guid":{"rendered":"https:\/\/www.bontempi.it\/product\/fusion-54-73\/"},"modified":"2025-09-23T15:47:38","modified_gmt":"2025-09-23T13:47:38","slug":"fusion-54-73","status":"publish","type":"product","link":"https:\/\/www.bontempi.it\/fr\/fusion-5473\/","title":{"rendered":"Fusion &#8211; 54.73"},"content":{"rendered":"<p>Table fixe. Structure avec anneaux en m\u00e9tal laqu\u00e9. Base en m\u00e9tal laqu\u00e9 Bois plaqu\u00e9 ou SuperMarbree. Plateau en bois centenaire massif, bois plaqu\u00e9 avec bords en bois massif, bois plaqu\u00e9, Verre, Verre anti-rayure ou SuperMarbree.<\/p>\n","protected":false},"excerpt":{"rendered":"<p>Table fixe. Structure avec anneaux en m\u00e9tal laqu\u00e9. Base en m\u00e9tal laqu\u00e9 Bois plaqu\u00e9 ou SuperMarbree. Plateau en bois centenaire massif, bois plaqu\u00e9 avec bords en bois massif, bois plaqu\u00e9, Verre, Verre anti-rayure ou SuperMarbree.<\/p>\n","protected":false},"featured_media":0,"template":"","line":[74075],"kind":[70941,70942,70944],"room":[],"material":[68042,68044,68013,68015,68016,68019,68020,68021,68022,68029,68033,68034,68035,68036,68037,68040],"color":[60635,75328,75630,77336,77344,77345,77346,77347,77348],"certification":[60769],"class_list":["post-143312","product","type-product","status-publish","hentry","line-fusion-fr","kind-tables-fr","kind-fixed-fr","kind-fixed-rectangular-fr","material-m312-fr","material-m307-fr","material-m310-fr","material-m326-fr","material-m306-fr","material-bc04-fr","material-bc01-fr","material-bc02-fr","material-bc03-fr","material-m097-fr","material-m055-fr","material-m327-fr","material-m325-fr","material-m329-fr","material-m328-fr","material-m028-fr","color-beige-fr","color-bicolor-fr","color-silver-fr","color-white-fr","color-grey-fr","color-chocolate-fr","color-black-fr","color-gold-fr","color-pink-gold-fr","certification-legno-massello-fr"],"acf":{"sku":"54.73","line":[74075],"is_accessory":false,"is_configurable":true,"kind":[70941,70942,70944],"rooms":false,"seats":"10","dimensions":{"diameter":"","x":"250","z":"100","y":"75"},"finishing":{"top":{"67884":67884,"67886":67886,"67890":67890,"67894":67894,"67903":67903,"67907":67907,"67916":67916,"67919":67919,"67920":67920,"67959":67959,"67961":67961,"67963":67963,"67965":67965,"67990":67990,"67991":67991,"67993":67993,"68244":68244,"68247":68247,"68249":68249,"68252":68252,"68255":68255,"68260":68260,"68262":68262,"68264":68264,"68267":68267,"68269":68269,"68271":68271,"75684":75684},"structure":{"68013":68013,"68015":68015,"68016":68016,"68019":68019,"68020":68020,"68021":68021,"68022":68022,"68029":68029,"68033":68033,"68034":68034,"68035":68035,"68036":68036,"68037":68037,"68040":68040,"68042":68042,"68044":68044},"lower_cuff":[],"upper_cuff":[],"matchable_top":[],"builtin_revolving_central_top":[],"throat":[],"lampshade":[],"back":[],"sitting":[],"cushions":[],"decorative_inner":[],"decorative_inserts":[],"side":[],"support":[],"front_doors":[],"top_front_doors":[],"seat_structure":[],"top_structure":[],"covering":[],"optional_shelf":[],"mirror":[],"side_panels":[],"centerpiece":[]},"colors":{"top":{"77344":77344,"77336":77336,"77346":77346,"60635":60635,"75856":75856,"77345":77345,"75045":75045},"structure":{"77344":77344,"75630":75630,"77336":77336,"75328":75328,"77346":77346,"77347":77347,"77348":77348,"77345":77345,"60635":60635},"lower_cuff":[],"upper_cuff":[],"matchable_top":[],"builtin_revolving_central_top":[],"throat":[],"lampshade":[],"back":[],"sitting":[],"cushions":[],"decorative_inner":[],"decorative_inserts":[],"side":[],"support":[],"front_doors":[],"top_front_doors":[],"seat_structure":[],"top_structure":[],"covering":[],"optional_shelf":[],"mirror":[],"side_panels":[],"centerpiece":[]},"accessories":"","related":[126956],"gallery":[136440],"product_sheet":"https:\/\/www.bontempi.it\/wp-content\/uploads\/2023\/03\/Fusion-52.01-52.02-Rettangolare.pdf","attachments":null,"videos":null,"silhouette":6550},"_links":{"self":[{"href":"https:\/\/www.bontempi.it\/fr\/wp-json\/wp\/v2\/product\/143312","targetHints":{"allow":["GET"]}}],"collection":[{"href":"https:\/\/www.bontempi.it\/fr\/wp-json\/wp\/v2\/product"}],"about":[{"href":"https:\/\/www.bontempi.it\/fr\/wp-json\/wp\/v2\/types\/product"}],"acf:attachment":[{"embeddable":true,"href":"https:\/\/www.bontempi.it\/fr\/wp-json\/wp\/v2\/media\/136440"}],"acf:post":[{"embeddable":true,"href":"https:\/\/www.bontempi.it\/fr\/wp-json\/wp\/v2\/product\/126956"}],"acf:term":[{"embeddable":true,"taxonomy":"kind","href":"https:\/\/www.bontempi.it\/fr\/wp-json\/wp\/v2\/kind\/70944"},{"embeddable":true,"taxonomy":"kind","href":"https:\/\/www.bontempi.it\/fr\/wp-json\/wp\/v2\/kind\/70942"},{"embeddable":true,"taxonomy":"kind","href":"https:\/\/www.bontempi.it\/fr\/wp-json\/wp\/v2\/kind\/70941"},{"embeddable":true,"taxonomy":"line","href":"https:\/\/www.bontempi.it\/fr\/wp-json\/wp\/v2\/line\/74075"}],"wp:attachment":[{"href":"https:\/\/www.bontempi.it\/fr\/wp-json\/wp\/v2\/media?parent=143312"}],"wp:term":[{"taxonomy":"line","embeddable":true,"href":"https:\/\/www.bontempi.it\/fr\/wp-json\/wp\/v2\/line?post=143312"},{"taxonomy":"kind","embeddable":true,"href":"https:\/\/www.bontempi.it\/fr\/wp-json\/wp\/v2\/kind?post=143312"},{"taxonomy":"room","embeddable":true,"href":"https:\/\/www.bontempi.it\/fr\/wp-json\/wp\/v2\/room?post=143312"},{"taxonomy":"material","embeddable":true,"href":"https:\/\/www.bontempi.it\/fr\/wp-json\/wp\/v2\/material?post=143312"},{"taxonomy":"color","embeddable":true,"href":"https:\/\/www.bontempi.it\/fr\/wp-json\/wp\/v2\/color?post=143312"},{"taxonomy":"certification","embeddable":true,"href":"https:\/\/www.bontempi.it\/fr\/wp-json\/wp\/v2\/certification?post=143312"}],"curies":[{"name":"wp","href":"https:\/\/api.w.org\/{rel}","templated":true}]}}