{"id":139981,"date":"2025-03-18T14:52:29","date_gmt":"2025-03-18T13:52:29","guid":{"rendered":"https:\/\/www.bontempi.it\/product\/kaleido-54-48\/"},"modified":"2025-03-18T14:58:01","modified_gmt":"2025-03-18T13:58:01","slug":"kaleido-54-48","status":"publish","type":"product","link":"https:\/\/www.bontempi.it\/fr\/kaleido-5448\/","title":{"rendered":"Kaleido &#8211; 54.48"},"content":{"rendered":"<p>Rond fix table avec plateau central pivotant ins\u00e9r\u00e9 et structure m\u00e9tal laqu\u00e9<\/p>\n","protected":false},"excerpt":{"rendered":"<p>Rond fix table avec plateau central pivotant ins\u00e9r\u00e9 et structure m\u00e9tal laqu\u00e9<\/p>\n","protected":false},"featured_media":139502,"template":"","line":[75723],"kind":[70941,70942,70947],"room":[],"material":[68013,68015,68033,68035,68036,68037,68040,68042],"color":[60635,75630,77344,77345,77346,77347,77348],"certification":[],"class_list":["post-139981","product","type-product","status-publish","has-post-thumbnail","hentry","line-kaleido-fr","kind-tables-fr","kind-fixed-fr","kind-fixed-round-fr","material-m310-fr","material-m326-fr","material-m055-fr","material-m325-fr","material-m329-fr","material-m328-fr","material-m028-fr","material-m312-fr","color-beige-fr","color-silver-fr","color-grey-fr","color-chocolate-fr","color-black-fr","color-gold-fr","color-pink-gold-fr"],"acf":{"sku":"54.48","line":[75723],"is_accessory":false,"is_configurable":true,"kind":[70941,70942,70947],"rooms":false,"seats":"","dimensions":{"diameter":"","x":"210","z":"","y":"75"},"finishing":{"top":{"67959":67959,"67961":67961,"67965":67965,"68255":68255,"68260":68260,"68262":68262,"68264":68264,"68267":68267,"68269":68269,"68271":68271,"75467":75467,"75452":75452,"75684":75684},"structure":{"68013":68013,"68015":68015,"68033":68033,"68035":68035,"68036":68036,"68037":68037,"68040":68040,"68042":68042},"lower_cuff":[],"upper_cuff":[],"matchable_top":[],"builtin_revolving_central_top":[],"throat":[],"lampshade":[],"back":[],"sitting":[],"cushions":[],"decorative_inner":[],"decorative_inserts":[],"side":[],"support":[],"front_doors":[],"top_front_doors":[],"seat_structure":[],"top_structure":[],"covering":[],"optional_shelf":[],"mirror":[],"side_panels":[],"centerpiece":[]},"colors":{"top":{"60635":60635,"77346":77346,"77345":77345,"77336":77336,"75045":75045,"77349":77349},"structure":{"77344":77344,"75630":75630,"77346":77346,"77347":77347,"77348":77348,"77345":77345,"60635":60635},"lower_cuff":[],"upper_cuff":[],"matchable_top":[],"builtin_revolving_central_top":[],"throat":[],"lampshade":[],"back":[],"sitting":[],"cushions":[],"decorative_inner":[],"decorative_inserts":[],"side":[],"support":[],"front_doors":[],"top_front_doors":[],"seat_structure":[],"top_structure":[],"covering":[],"optional_shelf":[],"mirror":[],"side_panels":[],"centerpiece":[]},"accessories":"","related":"","gallery":[139340,139350,139345],"product_sheet":"https:\/\/www.bontempi.it\/wp-content\/uploads\/2025\/07\/Kaleido-54.48-54.49.Tondi-Ring.pdf","attachments":null,"videos":null,"silhouette":139660},"_links":{"self":[{"href":"https:\/\/www.bontempi.it\/fr\/wp-json\/wp\/v2\/product\/139981","targetHints":{"allow":["GET"]}}],"collection":[{"href":"https:\/\/www.bontempi.it\/fr\/wp-json\/wp\/v2\/product"}],"about":[{"href":"https:\/\/www.bontempi.it\/fr\/wp-json\/wp\/v2\/types\/product"}],"acf:attachment":[{"embeddable":true,"href":"https:\/\/www.bontempi.it\/fr\/wp-json\/wp\/v2\/media\/139345"},{"embeddable":true,"href":"https:\/\/www.bontempi.it\/fr\/wp-json\/wp\/v2\/media\/139350"},{"embeddable":true,"href":"https:\/\/www.bontempi.it\/fr\/wp-json\/wp\/v2\/media\/139340"}],"acf:term":[{"embeddable":true,"taxonomy":"kind","href":"https:\/\/www.bontempi.it\/fr\/wp-json\/wp\/v2\/kind\/70947"},{"embeddable":true,"taxonomy":"kind","href":"https:\/\/www.bontempi.it\/fr\/wp-json\/wp\/v2\/kind\/70942"},{"embeddable":true,"taxonomy":"kind","href":"https:\/\/www.bontempi.it\/fr\/wp-json\/wp\/v2\/kind\/70941"},{"embeddable":true,"taxonomy":"line","href":"https:\/\/www.bontempi.it\/fr\/wp-json\/wp\/v2\/line\/75723"}],"wp:featuredmedia":[{"embeddable":true,"href":"https:\/\/www.bontempi.it\/fr\/wp-json\/wp\/v2\/media\/139502"}],"wp:attachment":[{"href":"https:\/\/www.bontempi.it\/fr\/wp-json\/wp\/v2\/media?parent=139981"}],"wp:term":[{"taxonomy":"line","embeddable":true,"href":"https:\/\/www.bontempi.it\/fr\/wp-json\/wp\/v2\/line?post=139981"},{"taxonomy":"kind","embeddable":true,"href":"https:\/\/www.bontempi.it\/fr\/wp-json\/wp\/v2\/kind?post=139981"},{"taxonomy":"room","embeddable":true,"href":"https:\/\/www.bontempi.it\/fr\/wp-json\/wp\/v2\/room?post=139981"},{"taxonomy":"material","embeddable":true,"href":"https:\/\/www.bontempi.it\/fr\/wp-json\/wp\/v2\/material?post=139981"},{"taxonomy":"color","embeddable":true,"href":"https:\/\/www.bontempi.it\/fr\/wp-json\/wp\/v2\/color?post=139981"},{"taxonomy":"certification","embeddable":true,"href":"https:\/\/www.bontempi.it\/fr\/wp-json\/wp\/v2\/certification?post=139981"}],"curies":[{"name":"wp","href":"https:\/\/api.w.org\/{rel}","templated":true}]}}