{"id":139962,"date":"2025-03-18T14:52:10","date_gmt":"2025-03-18T13:52:10","guid":{"rendered":"https:\/\/www.bontempi.it\/product\/olympia-15-97\/"},"modified":"2025-03-18T14:57:39","modified_gmt":"2025-03-18T13:57:39","slug":"olympia-15-97","status":"publish","type":"product","link":"https:\/\/www.bontempi.it\/fr\/olympia-1597\/","title":{"rendered":"Olympia &#8211; 15.97"},"content":{"rendered":"<p>Bahut structure en bois, 3 portes et \u00e9tag\u00e8re internes en verre transparent avec pieds en m\u00e9tal laqu\u00e9<\/p>\n","protected":false},"excerpt":{"rendered":"<p>Bahut structure en bois, 3 portes et \u00e9tag\u00e8re internes en verre transparent avec pieds en m\u00e9tal laqu\u00e9<\/p>\n","protected":false},"featured_media":0,"template":"","line":[75726],"kind":[70972],"room":[],"material":[68250,68261,68263,68270,68272,75684,75897],"color":[77336,77344,77346],"certification":[],"class_list":["post-139962","product","type-product","status-publish","hentry","line-olympia-fr","kind-storage-units-fr","material-cr006a-fr","material-cm012a-fr","material-cm032a-fr","material-cm005a-fr","material-cm025a-fr","material-cm027-fr","material-cm027a-fr-fr","color-white-fr","color-grey-fr","color-black-fr"],"acf":{"sku":"15.97","line":[75726],"is_accessory":false,"is_configurable":true,"kind":[70972],"rooms":false,"seats":"","dimensions":{"diameter":"","x":"216","z":"46,5","y":"79,5"},"finishing":{"top":[],"structure":{"67968":67968,"67970":67970,"67977":67977,"67980":67980},"lower_cuff":[],"upper_cuff":[],"matchable_top":[],"builtin_revolving_central_top":[],"throat":[],"lampshade":[],"back":[],"sitting":[],"cushions":[],"decorative_inner":[],"decorative_inserts":[],"side":[],"support":[],"front_doors":{"68250":68250,"68261":68261,"68263":68263,"68270":68270,"68272":68272,"75897":75897,"75684":75684},"top_front_doors":[],"seat_structure":[],"top_structure":[],"covering":[],"optional_shelf":[],"mirror":[],"side_panels":[],"centerpiece":[]},"colors":{"top":[],"structure":{"77344":77344,"77336":77336,"77346":77346,"60635":60635},"lower_cuff":[],"upper_cuff":[],"matchable_top":[],"builtin_revolving_central_top":[],"throat":[],"lampshade":[],"back":[],"sitting":[],"cushions":[],"decorative_inner":[],"decorative_inserts":[],"side":[],"support":[],"front_doors":{"77344":77344,"77336":77336,"77346":77346},"top_front_doors":[],"seat_structure":[],"top_structure":[],"covering":[],"optional_shelf":[],"mirror":[],"side_panels":[],"centerpiece":[]},"accessories":"","related":"","gallery":[139380,139770,139395,139390],"product_sheet":"https:\/\/www.bontempi.it\/wp-content\/uploads\/2025\/07\/Olympia-1595-1597.pdf","attachments":null,"videos":null,"silhouette":139675},"_links":{"self":[{"href":"https:\/\/www.bontempi.it\/fr\/wp-json\/wp\/v2\/product\/139962","targetHints":{"allow":["GET"]}}],"collection":[{"href":"https:\/\/www.bontempi.it\/fr\/wp-json\/wp\/v2\/product"}],"about":[{"href":"https:\/\/www.bontempi.it\/fr\/wp-json\/wp\/v2\/types\/product"}],"acf:attachment":[{"embeddable":true,"href":"https:\/\/www.bontempi.it\/fr\/wp-json\/wp\/v2\/media\/139390"},{"embeddable":true,"href":"https:\/\/www.bontempi.it\/fr\/wp-json\/wp\/v2\/media\/139395"},{"embeddable":true,"href":"https:\/\/www.bontempi.it\/fr\/wp-json\/wp\/v2\/media\/139770"},{"embeddable":true,"href":"https:\/\/www.bontempi.it\/fr\/wp-json\/wp\/v2\/media\/139380"}],"acf:term":[{"embeddable":true,"taxonomy":"kind","href":"https:\/\/www.bontempi.it\/fr\/wp-json\/wp\/v2\/kind\/70972"},{"embeddable":true,"taxonomy":"line","href":"https:\/\/www.bontempi.it\/fr\/wp-json\/wp\/v2\/line\/75726"}],"wp:attachment":[{"href":"https:\/\/www.bontempi.it\/fr\/wp-json\/wp\/v2\/media?parent=139962"}],"wp:term":[{"taxonomy":"line","embeddable":true,"href":"https:\/\/www.bontempi.it\/fr\/wp-json\/wp\/v2\/line?post=139962"},{"taxonomy":"kind","embeddable":true,"href":"https:\/\/www.bontempi.it\/fr\/wp-json\/wp\/v2\/kind?post=139962"},{"taxonomy":"room","embeddable":true,"href":"https:\/\/www.bontempi.it\/fr\/wp-json\/wp\/v2\/room?post=139962"},{"taxonomy":"material","embeddable":true,"href":"https:\/\/www.bontempi.it\/fr\/wp-json\/wp\/v2\/material?post=139962"},{"taxonomy":"color","embeddable":true,"href":"https:\/\/www.bontempi.it\/fr\/wp-json\/wp\/v2\/color?post=139962"},{"taxonomy":"certification","embeddable":true,"href":"https:\/\/www.bontempi.it\/fr\/wp-json\/wp\/v2\/certification?post=139962"}],"curies":[{"name":"wp","href":"https:\/\/api.w.org\/{rel}","templated":true}]}}