{"id":138067,"date":"2024-07-08T15:39:26","date_gmt":"2024-07-08T13:39:26","guid":{"rendered":"https:\/\/www.bontempi.it\/product\/kunta-15-93\/"},"modified":"2024-07-08T17:19:04","modified_gmt":"2024-07-08T15:19:04","slug":"kunta-15-93","status":"publish","type":"product","link":"https:\/\/www.bontempi.it\/fr\/kunta-1593\/","title":{"rendered":"Kunta &#8211; 15.93"},"content":{"rendered":"<p>Bahut structure en bois, compos\u00e9 de 3 portes battantes, \u00e9tag\u00e8res int\u00e9rieures en verre transparent ; c\u00f4t\u00e9s en bois laqu\u00e9 et portes en bois laqu\u00e9<\/p>\n","protected":false},"excerpt":{"rendered":"<p>Bahut structure en bois, compos\u00e9 de 3 portes battantes, \u00e9tag\u00e8res int\u00e9rieures en verre transparent ; c\u00f4t\u00e9s en bois laqu\u00e9 et portes en bois laqu\u00e9<\/p>\n","protected":false},"featured_media":137662,"template":"","line":[75560],"kind":[70972],"room":[],"material":[67968,67977,67980,75684],"color":[60635,77336,77344,77346],"certification":[],"class_list":["post-138067","product","type-product","status-publish","has-post-thumbnail","hentry","line-kunta-fr","kind-storage-units-fr","material-l087-fr","material-l090-fr","material-l084-fr","material-cm027-fr","color-beige-fr","color-white-fr","color-grey-fr","color-black-fr"],"acf":{"sku":"15.93","line":[75560],"is_accessory":false,"is_configurable":true,"kind":[70972],"rooms":false,"seats":"","dimensions":{"diameter":"","x":"216","z":"46,5","y":"79,5"},"finishing":{"top":[],"structure":{"68013":68013,"68015":68015,"68033":68033,"68034":68034,"68035":68035,"68036":68036,"68037":68037,"68040":68040},"lower_cuff":[],"upper_cuff":[],"matchable_top":[],"builtin_revolving_central_top":[],"throat":[],"lampshade":[],"back":[],"sitting":[],"cushions":[],"decorative_inner":[],"decorative_inserts":[],"side":{"67968":67968,"67977":67977},"support":[],"front_doors":{"67968":67968,"67977":67977,"67980":67980,"75684":75684},"top_front_doors":[],"seat_structure":[],"top_structure":[],"covering":[],"optional_shelf":[],"mirror":[],"side_panels":[],"centerpiece":[]},"colors":{"top":[],"structure":{"77344":77344,"75630":75630,"77346":77346,"77347":77347,"77348":77348,"77345":77345},"lower_cuff":[],"upper_cuff":[],"matchable_top":[],"builtin_revolving_central_top":[],"throat":[],"lampshade":[],"back":[],"sitting":[],"cushions":[],"decorative_inner":[],"decorative_inserts":[],"side":{"77344":77344,"77346":77346},"support":[],"front_doors":{"77344":77344,"77346":77346,"60635":60635,"77336":77336},"top_front_doors":[],"seat_structure":[],"top_structure":[],"covering":[],"optional_shelf":[],"mirror":[],"side_panels":[],"centerpiece":[]},"accessories":"","related":[127255,127256,135939],"gallery":[139370,139365,137765,137760],"product_sheet":"https:\/\/www.bontempi.it\/wp-content\/uploads\/2024\/07\/Kunta-1590-1591-1592-1593.pdf","attachments":null,"videos":null,"silhouette":137886},"_links":{"self":[{"href":"https:\/\/www.bontempi.it\/fr\/wp-json\/wp\/v2\/product\/138067","targetHints":{"allow":["GET"]}}],"collection":[{"href":"https:\/\/www.bontempi.it\/fr\/wp-json\/wp\/v2\/product"}],"about":[{"href":"https:\/\/www.bontempi.it\/fr\/wp-json\/wp\/v2\/types\/product"}],"acf:attachment":[{"embeddable":true,"href":"https:\/\/www.bontempi.it\/fr\/wp-json\/wp\/v2\/media\/137760"},{"embeddable":true,"href":"https:\/\/www.bontempi.it\/fr\/wp-json\/wp\/v2\/media\/137765"},{"embeddable":true,"href":"https:\/\/www.bontempi.it\/fr\/wp-json\/wp\/v2\/media\/139365"},{"embeddable":true,"href":"https:\/\/www.bontempi.it\/fr\/wp-json\/wp\/v2\/media\/139370"}],"acf:post":[{"embeddable":true,"href":"https:\/\/www.bontempi.it\/fr\/wp-json\/wp\/v2\/product\/135939"},{"embeddable":true,"href":"https:\/\/www.bontempi.it\/fr\/wp-json\/wp\/v2\/product\/127256"},{"embeddable":true,"href":"https:\/\/www.bontempi.it\/fr\/wp-json\/wp\/v2\/product\/127255"}],"acf:term":[{"embeddable":true,"taxonomy":"kind","href":"https:\/\/www.bontempi.it\/fr\/wp-json\/wp\/v2\/kind\/70972"},{"embeddable":true,"taxonomy":"line","href":"https:\/\/www.bontempi.it\/fr\/wp-json\/wp\/v2\/line\/75560"}],"wp:featuredmedia":[{"embeddable":true,"href":"https:\/\/www.bontempi.it\/fr\/wp-json\/wp\/v2\/media\/137662"}],"wp:attachment":[{"href":"https:\/\/www.bontempi.it\/fr\/wp-json\/wp\/v2\/media?parent=138067"}],"wp:term":[{"taxonomy":"line","embeddable":true,"href":"https:\/\/www.bontempi.it\/fr\/wp-json\/wp\/v2\/line?post=138067"},{"taxonomy":"kind","embeddable":true,"href":"https:\/\/www.bontempi.it\/fr\/wp-json\/wp\/v2\/kind?post=138067"},{"taxonomy":"room","embeddable":true,"href":"https:\/\/www.bontempi.it\/fr\/wp-json\/wp\/v2\/room?post=138067"},{"taxonomy":"material","embeddable":true,"href":"https:\/\/www.bontempi.it\/fr\/wp-json\/wp\/v2\/material?post=138067"},{"taxonomy":"color","embeddable":true,"href":"https:\/\/www.bontempi.it\/fr\/wp-json\/wp\/v2\/color?post=138067"},{"taxonomy":"certification","embeddable":true,"href":"https:\/\/www.bontempi.it\/fr\/wp-json\/wp\/v2\/certification?post=138067"}],"curies":[{"name":"wp","href":"https:\/\/api.w.org\/{rel}","templated":true}]}}