{"id":138063,"date":"2024-07-08T15:37:41","date_gmt":"2024-07-08T13:37:41","guid":{"rendered":"https:\/\/www.bontempi.it\/product\/impero-09-56\/"},"modified":"2024-07-08T17:17:25","modified_gmt":"2024-07-08T15:17:25","slug":"impero-09-56","status":"publish","type":"product","link":"https:\/\/www.bontempi.it\/fr\/impero-0956\/","title":{"rendered":"Impero &#8211; 09.56"},"content":{"rendered":"<p>Miroir rectangulaire avec cadre en m\u00e9tal laqu\u00e9, avec verre stri\u00e9 et miroirs fa\u00e7onn\u00e9s<\/p>\n","protected":false},"excerpt":{"rendered":"<p>Miroir rectangulaire avec cadre en m\u00e9tal laqu\u00e9, avec verre stri\u00e9 et miroirs fa\u00e7onn\u00e9s<\/p>\n","protected":false},"featured_media":137647,"template":"","line":[75557],"kind":[70968,70970],"room":[71460],"material":[67900,68537],"color":[75329],"certification":[],"class_list":["post-138063","product","type-product","status-publish","has-post-thumbnail","hentry","line-impero-fr","kind-mirrors-hangers-magazineracks-fr","kind-hangers-fr","room-hall-fr","material-c301-fr","material-c303-fr","color-bronze-fr"],"acf":{"sku":"09.56","line":[75557],"is_accessory":false,"is_configurable":true,"kind":[70968,70970],"rooms":[71460],"seats":"","dimensions":{"diameter":"","x":"85","z":"4","y":"190"},"finishing":{"top":[],"structure":{"67900":67900,"68537":68537},"lower_cuff":[],"upper_cuff":[],"matchable_top":[],"builtin_revolving_central_top":[],"throat":[],"lampshade":[],"back":[],"sitting":[],"cushions":[],"decorative_inner":[],"decorative_inserts":[],"side":[],"support":[],"front_doors":[],"top_front_doors":[],"seat_structure":[],"top_structure":[],"covering":[],"optional_shelf":[],"mirror":[],"side_panels":[],"centerpiece":[]},"colors":{"top":[],"structure":{"75329":75329,"75617":75617},"lower_cuff":[],"upper_cuff":[],"matchable_top":[],"builtin_revolving_central_top":[],"throat":[],"lampshade":[],"back":[],"sitting":[],"cushions":[],"decorative_inner":[],"decorative_inserts":[],"side":[],"support":[],"front_doors":[],"top_front_doors":[],"seat_structure":[],"top_structure":[],"covering":[],"optional_shelf":[],"mirror":[],"side_panels":[],"centerpiece":[]},"accessories":"","related":[126612,136730,137990],"gallery":[137700,137695,137690],"product_sheet":"https:\/\/www.bontempi.it\/wp-content\/uploads\/2024\/07\/Impero-09.55-09.56.pdf","attachments":null,"videos":null,"silhouette":137866},"_links":{"self":[{"href":"https:\/\/www.bontempi.it\/fr\/wp-json\/wp\/v2\/product\/138063","targetHints":{"allow":["GET"]}}],"collection":[{"href":"https:\/\/www.bontempi.it\/fr\/wp-json\/wp\/v2\/product"}],"about":[{"href":"https:\/\/www.bontempi.it\/fr\/wp-json\/wp\/v2\/types\/product"}],"acf:attachment":[{"embeddable":true,"href":"https:\/\/www.bontempi.it\/fr\/wp-json\/wp\/v2\/media\/137690"},{"embeddable":true,"href":"https:\/\/www.bontempi.it\/fr\/wp-json\/wp\/v2\/media\/137695"},{"embeddable":true,"href":"https:\/\/www.bontempi.it\/fr\/wp-json\/wp\/v2\/media\/137700"}],"acf:post":[{"embeddable":true,"href":"https:\/\/www.bontempi.it\/fr\/wp-json\/wp\/v2\/product\/137990"},{"embeddable":true,"href":"https:\/\/www.bontempi.it\/fr\/wp-json\/wp\/v2\/product\/136730"},{"embeddable":true,"href":"https:\/\/www.bontempi.it\/fr\/wp-json\/wp\/v2\/product\/126612"}],"acf:term":[{"embeddable":true,"taxonomy":"room","href":"https:\/\/www.bontempi.it\/fr\/wp-json\/wp\/v2\/room\/71460"},{"embeddable":true,"taxonomy":"kind","href":"https:\/\/www.bontempi.it\/fr\/wp-json\/wp\/v2\/kind\/70970"},{"embeddable":true,"taxonomy":"kind","href":"https:\/\/www.bontempi.it\/fr\/wp-json\/wp\/v2\/kind\/70968"},{"embeddable":true,"taxonomy":"line","href":"https:\/\/www.bontempi.it\/fr\/wp-json\/wp\/v2\/line\/75557"}],"wp:featuredmedia":[{"embeddable":true,"href":"https:\/\/www.bontempi.it\/fr\/wp-json\/wp\/v2\/media\/137647"}],"wp:attachment":[{"href":"https:\/\/www.bontempi.it\/fr\/wp-json\/wp\/v2\/media?parent=138063"}],"wp:term":[{"taxonomy":"line","embeddable":true,"href":"https:\/\/www.bontempi.it\/fr\/wp-json\/wp\/v2\/line?post=138063"},{"taxonomy":"kind","embeddable":true,"href":"https:\/\/www.bontempi.it\/fr\/wp-json\/wp\/v2\/kind?post=138063"},{"taxonomy":"room","embeddable":true,"href":"https:\/\/www.bontempi.it\/fr\/wp-json\/wp\/v2\/room?post=138063"},{"taxonomy":"material","embeddable":true,"href":"https:\/\/www.bontempi.it\/fr\/wp-json\/wp\/v2\/material?post=138063"},{"taxonomy":"color","embeddable":true,"href":"https:\/\/www.bontempi.it\/fr\/wp-json\/wp\/v2\/color?post=138063"},{"taxonomy":"certification","embeddable":true,"href":"https:\/\/www.bontempi.it\/fr\/wp-json\/wp\/v2\/certification?post=138063"}],"curies":[{"name":"wp","href":"https:\/\/api.w.org\/{rel}","templated":true}]}}