{"id":138058,"date":"2024-07-08T15:36:30","date_gmt":"2024-07-08T13:36:30","guid":{"rendered":"https:\/\/www.bontempi.it\/product\/kimono-07-17\/"},"modified":"2024-07-08T17:16:15","modified_gmt":"2024-07-08T15:16:15","slug":"kimono-07-17","status":"publish","type":"product","link":"https:\/\/www.bontempi.it\/fr\/kimono-0717\/","title":{"rendered":"Kimono &#8211; 07.17"},"content":{"rendered":"<p>Console structure en m\u00e9tal laqu\u00e9 ou chrom\u00e9.<\/p>\n","protected":false},"excerpt":{"rendered":"<p>Console structure en m\u00e9tal laqu\u00e9 ou chrom\u00e9.<\/p>\n","protected":false},"featured_media":137657,"template":"","line":[75559],"kind":[70967],"room":[71464],"material":[68013,68015,68033,68035,68036,68037,68040,68042],"color":[60635,75630,77344,77345,77346,77347,77348],"certification":[],"class_list":["post-138058","product","type-product","status-publish","has-post-thumbnail","hentry","line-kimono-consolle-fr","kind-desk-consoles-fr","room-contract-fr","material-m310-fr","material-m326-fr","material-m055-fr","material-m325-fr","material-m329-fr","material-m328-fr","material-m028-fr","material-m312-fr","color-beige-fr","color-silver-fr","color-grey-fr","color-chocolate-fr","color-black-fr","color-gold-fr","color-pink-gold-fr"],"acf":{"sku":"07.17","line":[75559],"is_accessory":false,"is_configurable":true,"kind":[70967],"rooms":[71464],"seats":"","dimensions":{"diameter":"","x":"145","z":"45","y":"74,5"},"finishing":{"top":{"67959":67959,"67961":67961,"67963":67963,"67965":67965,"68260":68260,"68262":68262,"68269":68269,"68271":68271,"75684":75684},"structure":{"68013":68013,"68015":68015,"68033":68033,"68035":68035,"68036":68036,"68037":68037,"68040":68040,"68042":68042},"lower_cuff":[],"upper_cuff":[],"matchable_top":[],"builtin_revolving_central_top":[],"throat":[],"lampshade":[],"back":[],"sitting":[],"cushions":[],"decorative_inner":[],"decorative_inserts":[],"side":[],"support":[],"front_doors":[],"top_front_doors":[],"seat_structure":[],"top_structure":[],"covering":[],"optional_shelf":[],"mirror":[],"side_panels":[],"centerpiece":[]},"colors":{"top":{"60635":60635,"77346":77346,"77345":77345,"77336":77336},"structure":{"77344":77344,"75630":75630,"77346":77346,"77347":77347,"77348":77348,"77345":77345,"60635":60635},"lower_cuff":[],"upper_cuff":[],"matchable_top":[],"builtin_revolving_central_top":[],"throat":[],"lampshade":[],"back":[],"sitting":[],"cushions":[],"decorative_inner":[],"decorative_inserts":[],"side":[],"support":[],"front_doors":[],"top_front_doors":[],"seat_structure":[],"top_structure":[],"covering":[],"optional_shelf":[],"mirror":[],"side_panels":[],"centerpiece":[]},"accessories":"","related":[127280,127362],"gallery":[137740,137735],"product_sheet":"https:\/\/www.bontempi.it\/wp-content\/uploads\/2024\/07\/Kimono-07.17-19.pdf","attachments":null,"videos":null,"silhouette":137846},"_links":{"self":[{"href":"https:\/\/www.bontempi.it\/fr\/wp-json\/wp\/v2\/product\/138058","targetHints":{"allow":["GET"]}}],"collection":[{"href":"https:\/\/www.bontempi.it\/fr\/wp-json\/wp\/v2\/product"}],"about":[{"href":"https:\/\/www.bontempi.it\/fr\/wp-json\/wp\/v2\/types\/product"}],"acf:attachment":[{"embeddable":true,"href":"https:\/\/www.bontempi.it\/fr\/wp-json\/wp\/v2\/media\/137735"},{"embeddable":true,"href":"https:\/\/www.bontempi.it\/fr\/wp-json\/wp\/v2\/media\/137740"}],"acf:post":[{"embeddable":true,"href":"https:\/\/www.bontempi.it\/fr\/wp-json\/wp\/v2\/product\/127362"},{"embeddable":true,"href":"https:\/\/www.bontempi.it\/fr\/wp-json\/wp\/v2\/product\/127280"}],"acf:term":[{"embeddable":true,"taxonomy":"room","href":"https:\/\/www.bontempi.it\/fr\/wp-json\/wp\/v2\/room\/71464"},{"embeddable":true,"taxonomy":"kind","href":"https:\/\/www.bontempi.it\/fr\/wp-json\/wp\/v2\/kind\/70967"},{"embeddable":true,"taxonomy":"line","href":"https:\/\/www.bontempi.it\/fr\/wp-json\/wp\/v2\/line\/75559"}],"wp:featuredmedia":[{"embeddable":true,"href":"https:\/\/www.bontempi.it\/fr\/wp-json\/wp\/v2\/media\/137657"}],"wp:attachment":[{"href":"https:\/\/www.bontempi.it\/fr\/wp-json\/wp\/v2\/media?parent=138058"}],"wp:term":[{"taxonomy":"line","embeddable":true,"href":"https:\/\/www.bontempi.it\/fr\/wp-json\/wp\/v2\/line?post=138058"},{"taxonomy":"kind","embeddable":true,"href":"https:\/\/www.bontempi.it\/fr\/wp-json\/wp\/v2\/kind?post=138058"},{"taxonomy":"room","embeddable":true,"href":"https:\/\/www.bontempi.it\/fr\/wp-json\/wp\/v2\/room?post=138058"},{"taxonomy":"material","embeddable":true,"href":"https:\/\/www.bontempi.it\/fr\/wp-json\/wp\/v2\/material?post=138058"},{"taxonomy":"color","embeddable":true,"href":"https:\/\/www.bontempi.it\/fr\/wp-json\/wp\/v2\/color?post=138058"},{"taxonomy":"certification","embeddable":true,"href":"https:\/\/www.bontempi.it\/fr\/wp-json\/wp\/v2\/certification?post=138058"}],"curies":[{"name":"wp","href":"https:\/\/api.w.org\/{rel}","templated":true}]}}