{"id":136825,"date":"2024-05-21T11:14:08","date_gmt":"2024-05-21T09:14:08","guid":{"rendered":"https:\/\/www.bontempi.it\/product\/rain-56-58\/"},"modified":"2024-05-21T16:33:38","modified_gmt":"2024-05-21T14:33:38","slug":"rain-56-58","status":"publish","type":"product","link":"https:\/\/www.bontempi.it\/fr\/rain-5658\/","title":{"rendered":"Rain &#8211; 56.58"},"content":{"rendered":"<p>Lampe suspendue avec structure en laiton naturel pour composition \u00e0 grappe assortie au rosace 56.57RS Rain \u00e0 commander s\u00e9par\u00e9ment avec verre borosilicat\u00e9 fum\u00e9 \u00e0 l\u2019ext\u00e9rieur et milleraies \u00e0 l\u2019int\u00e9rieur.<\/p>\n","protected":false},"excerpt":{"rendered":"<p>Lampe suspendue avec structure en laiton naturel pour composition \u00e0 grappe assortie au rosace 56.57RS Rain \u00e0 commander s\u00e9par\u00e9ment avec verre borosilicat\u00e9 fum\u00e9 \u00e0 l\u2019ext\u00e9rieur et milleraies \u00e0 l\u2019int\u00e9rieur.<\/p>\n","protected":false},"featured_media":136703,"template":"","line":[75386],"kind":[70962],"room":[71460],"material":[68038],"color":[77345],"certification":[],"class_list":["post-136825","product","type-product","status-publish","has-post-thumbnail","hentry","line-rain-fr","kind-lighting-fr","room-hall-fr","material-m352-fr","color-chocolate-fr"],"acf":{"sku":"56.58","line":[75386],"is_accessory":false,"is_configurable":true,"kind":[70962],"rooms":[71460],"seats":"","dimensions":{"diameter":"22","x":"","z":"60","y":""},"finishing":{"top":[],"structure":{"68038":68038},"lower_cuff":[],"upper_cuff":[],"matchable_top":[],"builtin_revolving_central_top":[],"throat":[],"lampshade":[],"back":[],"sitting":[],"cushions":[],"decorative_inner":[],"decorative_inserts":[],"side":[],"support":[],"front_doors":[],"top_front_doors":[],"seat_structure":[],"top_structure":[],"covering":[],"optional_shelf":[],"mirror":[],"side_panels":[],"centerpiece":[]},"colors":{"top":[],"structure":{"77345":77345},"lower_cuff":[],"upper_cuff":[],"matchable_top":[],"builtin_revolving_central_top":[],"throat":[],"lampshade":[],"back":[],"sitting":[],"cushions":[],"decorative_inner":[],"decorative_inserts":[],"side":[],"support":[],"front_doors":[],"top_front_doors":[],"seat_structure":[],"top_structure":[],"covering":[],"optional_shelf":[],"mirror":[],"side_panels":[],"centerpiece":[]},"accessories":"","related":[127252,127263,127280],"gallery":[136706,136711],"product_sheet":"https:\/\/www.bontempi.it\/wp-content\/uploads\/2024\/07\/Rain-56.58.pdf","attachments":null,"videos":null,"silhouette":137279},"_links":{"self":[{"href":"https:\/\/www.bontempi.it\/fr\/wp-json\/wp\/v2\/product\/136825","targetHints":{"allow":["GET"]}}],"collection":[{"href":"https:\/\/www.bontempi.it\/fr\/wp-json\/wp\/v2\/product"}],"about":[{"href":"https:\/\/www.bontempi.it\/fr\/wp-json\/wp\/v2\/types\/product"}],"acf:attachment":[{"embeddable":true,"href":"https:\/\/www.bontempi.it\/fr\/wp-json\/wp\/v2\/media\/136711"},{"embeddable":true,"href":"https:\/\/www.bontempi.it\/fr\/wp-json\/wp\/v2\/media\/136706"}],"acf:post":[{"embeddable":true,"href":"https:\/\/www.bontempi.it\/fr\/wp-json\/wp\/v2\/product\/127280"},{"embeddable":true,"href":"https:\/\/www.bontempi.it\/fr\/wp-json\/wp\/v2\/product\/127263"},{"embeddable":true,"href":"https:\/\/www.bontempi.it\/fr\/wp-json\/wp\/v2\/product\/127252"}],"acf:term":[{"embeddable":true,"taxonomy":"room","href":"https:\/\/www.bontempi.it\/fr\/wp-json\/wp\/v2\/room\/71460"},{"embeddable":true,"taxonomy":"kind","href":"https:\/\/www.bontempi.it\/fr\/wp-json\/wp\/v2\/kind\/70962"},{"embeddable":true,"taxonomy":"line","href":"https:\/\/www.bontempi.it\/fr\/wp-json\/wp\/v2\/line\/75386"}],"wp:featuredmedia":[{"embeddable":true,"href":"https:\/\/www.bontempi.it\/fr\/wp-json\/wp\/v2\/media\/136703"}],"wp:attachment":[{"href":"https:\/\/www.bontempi.it\/fr\/wp-json\/wp\/v2\/media?parent=136825"}],"wp:term":[{"taxonomy":"line","embeddable":true,"href":"https:\/\/www.bontempi.it\/fr\/wp-json\/wp\/v2\/line?post=136825"},{"taxonomy":"kind","embeddable":true,"href":"https:\/\/www.bontempi.it\/fr\/wp-json\/wp\/v2\/kind?post=136825"},{"taxonomy":"room","embeddable":true,"href":"https:\/\/www.bontempi.it\/fr\/wp-json\/wp\/v2\/room?post=136825"},{"taxonomy":"material","embeddable":true,"href":"https:\/\/www.bontempi.it\/fr\/wp-json\/wp\/v2\/material?post=136825"},{"taxonomy":"color","embeddable":true,"href":"https:\/\/www.bontempi.it\/fr\/wp-json\/wp\/v2\/color?post=136825"},{"taxonomy":"certification","embeddable":true,"href":"https:\/\/www.bontempi.it\/fr\/wp-json\/wp\/v2\/certification?post=136825"}],"curies":[{"name":"wp","href":"https:\/\/api.w.org\/{rel}","templated":true}]}}