{"id":136815,"date":"2024-05-21T11:03:31","date_gmt":"2024-05-21T09:03:31","guid":{"rendered":"https:\/\/www.bontempi.it\/product\/kimono-54-06\/"},"modified":"2024-05-21T16:33:52","modified_gmt":"2024-05-21T14:33:52","slug":"kimono-54-06","status":"publish","type":"product","link":"https:\/\/www.bontempi.it\/fr\/kimono-5406\/","title":{"rendered":"Kimono &#8211; 54.06"},"content":{"rendered":"<p>Table rectangulaire avec allonges, structure en m\u00e9tal laqu\u00e9. Plateau en bois plaqu\u00e9, verre brillant, verre anti-rayures Superceramique et Supermarbre<\/p>\n","protected":false},"excerpt":{"rendered":"<p>Table rectangulaire avec allonges, structure en m\u00e9tal laqu\u00e9. Plateau en bois plaqu\u00e9, verre brillant, verre anti-rayures Superceramique et Supermarbre<\/p>\n","protected":false},"featured_media":136678,"template":"","line":[75383],"kind":[70941,70943,70950],"room":[],"material":[68042,68013,68015,68033,68034,68035,68036,68037,68040],"color":[60635,75630,77344,77345,77346,77347,77348],"certification":[],"class_list":["post-136815","product","type-product","status-publish","has-post-thumbnail","hentry","line-kimono-fr","kind-tables-fr","kind-extendible-fr","kind-extendible-rectangular-fr","material-m312-fr","material-m310-fr","material-m326-fr","material-m055-fr","material-m327-fr","material-m325-fr","material-m329-fr","material-m328-fr","material-m028-fr","color-beige-fr","color-silver-fr","color-grey-fr","color-chocolate-fr","color-black-fr","color-gold-fr","color-pink-gold-fr"],"acf":{"sku":"54.06","line":[75383],"is_accessory":false,"is_configurable":true,"kind":[70941,70943,70950],"rooms":false,"seats":"8\/10","dimensions":{"diameter":"","x":"240\/200\/160","z":"90","y":"75"},"finishing":{"top":{"67884":67884,"67886":67886,"67890":67890,"67894":67894,"67903":67903,"67959":67959,"67961":67961,"67963":67963,"67965":67965,"68245":68245,"68248":68248,"68250":68250,"68253":68253,"68256":68256,"68259":68259,"68261":68261,"68265":68265,"68266":68266,"68270":68270,"68272":68272,"75897":75897},"structure":{"68013":68013,"68015":68015,"68033":68033,"68034":68034,"68035":68035,"68036":68036,"68037":68037,"68040":68040,"68042":68042},"lower_cuff":[],"upper_cuff":[],"matchable_top":[],"builtin_revolving_central_top":[],"throat":[],"lampshade":[],"back":[],"sitting":[],"cushions":[],"decorative_inner":[],"decorative_inserts":[],"side":[],"support":[],"front_doors":[],"top_front_doors":[],"seat_structure":[],"top_structure":[],"covering":[],"optional_shelf":[],"mirror":[],"side_panels":[],"centerpiece":[]},"colors":{"top":{"77344":77344,"77336":77336,"77346":77346,"60635":60635,"75856":75856,"77345":77345,"75045":75045},"structure":{"77344":77344,"75630":75630,"77346":77346,"77347":77347,"77348":77348,"77345":77345,"60635":60635},"lower_cuff":[],"upper_cuff":[],"matchable_top":[],"builtin_revolving_central_top":[],"throat":[],"lampshade":[],"back":[],"sitting":[],"cushions":[],"decorative_inner":[],"decorative_inserts":[],"side":[],"support":[],"front_doors":[],"top_front_doors":[],"seat_structure":[],"top_structure":[],"covering":[],"optional_shelf":[],"mirror":[],"side_panels":[],"centerpiece":[]},"accessories":"","related":[127224,127213,127187],"gallery":[136666],"product_sheet":"https:\/\/www.bontempi.it\/wp-content\/uploads\/2024\/07\/Kimono-54.06-07-08-Allungabile-Rettangolare.pdf","attachments":null,"videos":null,"silhouette":137384},"_links":{"self":[{"href":"https:\/\/www.bontempi.it\/fr\/wp-json\/wp\/v2\/product\/136815","targetHints":{"allow":["GET"]}}],"collection":[{"href":"https:\/\/www.bontempi.it\/fr\/wp-json\/wp\/v2\/product"}],"about":[{"href":"https:\/\/www.bontempi.it\/fr\/wp-json\/wp\/v2\/types\/product"}],"acf:attachment":[{"embeddable":true,"href":"https:\/\/www.bontempi.it\/fr\/wp-json\/wp\/v2\/media\/136666"}],"acf:post":[{"embeddable":true,"href":"https:\/\/www.bontempi.it\/fr\/wp-json\/wp\/v2\/product\/127187"},{"embeddable":true,"href":"https:\/\/www.bontempi.it\/fr\/wp-json\/wp\/v2\/product\/127213"},{"embeddable":true,"href":"https:\/\/www.bontempi.it\/fr\/wp-json\/wp\/v2\/product\/127224"}],"acf:term":[{"embeddable":true,"taxonomy":"kind","href":"https:\/\/www.bontempi.it\/fr\/wp-json\/wp\/v2\/kind\/70950"},{"embeddable":true,"taxonomy":"kind","href":"https:\/\/www.bontempi.it\/fr\/wp-json\/wp\/v2\/kind\/70943"},{"embeddable":true,"taxonomy":"kind","href":"https:\/\/www.bontempi.it\/fr\/wp-json\/wp\/v2\/kind\/70941"},{"embeddable":true,"taxonomy":"line","href":"https:\/\/www.bontempi.it\/fr\/wp-json\/wp\/v2\/line\/75383"}],"wp:featuredmedia":[{"embeddable":true,"href":"https:\/\/www.bontempi.it\/fr\/wp-json\/wp\/v2\/media\/136678"}],"wp:attachment":[{"href":"https:\/\/www.bontempi.it\/fr\/wp-json\/wp\/v2\/media?parent=136815"}],"wp:term":[{"taxonomy":"line","embeddable":true,"href":"https:\/\/www.bontempi.it\/fr\/wp-json\/wp\/v2\/line?post=136815"},{"taxonomy":"kind","embeddable":true,"href":"https:\/\/www.bontempi.it\/fr\/wp-json\/wp\/v2\/kind?post=136815"},{"taxonomy":"room","embeddable":true,"href":"https:\/\/www.bontempi.it\/fr\/wp-json\/wp\/v2\/room?post=136815"},{"taxonomy":"material","embeddable":true,"href":"https:\/\/www.bontempi.it\/fr\/wp-json\/wp\/v2\/material?post=136815"},{"taxonomy":"color","embeddable":true,"href":"https:\/\/www.bontempi.it\/fr\/wp-json\/wp\/v2\/color?post=136815"},{"taxonomy":"certification","embeddable":true,"href":"https:\/\/www.bontempi.it\/fr\/wp-json\/wp\/v2\/certification?post=136815"}],"curies":[{"name":"wp","href":"https:\/\/api.w.org\/{rel}","templated":true}]}}