{"id":136809,"date":"2024-05-21T10:20:47","date_gmt":"2024-05-21T08:20:47","guid":{"rendered":"https:\/\/www.bontempi.it\/product\/agatha-34-96\/"},"modified":"2024-09-25T12:56:54","modified_gmt":"2024-09-25T10:56:54","slug":"agatha-34-96","status":"publish","type":"product","link":"https:\/\/www.bontempi.it\/fr\/agatha-tabouret-3496\/","title":{"rendered":"Agatha Tabouret &#8211; 34.96"},"content":{"rendered":"<p>Tabouret pivotant et regable en hautuer avec piston \u00e0 gas chrom\u00e9, coque rembour\u00e9e et rev\u00eatue en: tissu Gourmet, tissu Bouquet, tissu Nordic, Cuir \u00c9co Premium, Vegan Nabuk, Velours Supreme, Tissu Kvadrat Field, Tissu Kvadrat Coda, Peau Prestige et Peau Premium.<\/p>\n","protected":false},"excerpt":{"rendered":"<p>Pivotant avec piston \u00e0 gas<\/p>\n","protected":false},"featured_media":136588,"template":"","line":[75377],"kind":[70955,70957],"room":[71461],"material":[68112,68139,68278,68310,68353,68430,68513,75228,68113,68141,68280,68312,68355,68483,68515,75229,68114,68143,68282,68314,68402,68485,68517,75230,68115,68145,68284,68316,68404,68487,68519,75231,68100,68116,68147,68286,68318,68406,68489,68521,75232,68101,68117,68149,68288,68330,68408,68491,68523,75233,68102,68119,68151,68290,68332,68410,68493,68525,75234,68103,68121,68153,68292,68334,68412,68495,68527,75235,68104,68123,68155,68294,68336,68414,68497,68529,75236,68105,68125,68156,68296,68338,68416,68499,68538,75237,68106,68127,68159,68298,68340,68418,68501,68690,75238,68107,68129,68161,68300,68342,68420,68503,75222,75240,68108,68131,68163,68302,68345,68422,68505,75224,75241,68109,68133,68165,68304,68347,68424,68507,75225,75243,68110,68135,68167,68306,68349,68426,68509,75226,75676,68111,68137,68169,68308,68351,68428,68511,75227],"color":[77346,77347,77349,60635,75039,75171,75753,75754,75755,75756,75758,75759,77336,77344,77345],"certification":[],"class_list":["post-136809","product","type-product","status-publish","has-post-thumbnail","hentry","line-agatha-footstool-fr","kind-seatings-fr","kind-footstool-fr","room-kitchen-fr","material-trp03-fr","material-pr14-fr","material-tebq020-fr","material-tebq007-fr","material-tkf01-fr","material-teno008-fr","material-tevs014-fr","material-tego009-fr","material-trp17-fr","material-pr08-fr","material-tebq004-fr","material-tebq008-fr","material-tkf09-fr","material-tevs008-fr","material-tevs015-fr","material-tego010-fr","material-trp01-fr","material-pr20-fr","material-tebq013-fr","material-tebq001-fr","material-teno009-fr","material-tevs016-fr","material-tevs024-fr","material-tego011-fr","material-trp11-fr","material-pr05-fr","material-tebq016-fr","material-tebq006-fr","material-teno003-fr","material-tevs017-fr","material-tevs011-fr","material-tego012-fr","material-trp16-fr","material-trp06-fr","material-pr25-fr","material-tebq017-fr","material-tebq011-fr","material-teno015-fr","material-tevs007-fr","material-tevs001-fr","material-tego014-fr","material-trp02-fr","material-trp18-fr","material-pr11-fr","material-tebq005-fr","material-tkc03-fr","material-teno002-fr","material-tevs022-fr","material-tevs010-fr","material-tego015-fr","material-trp14-fr","material-pr24-fr","material-pr15-fr","material-tebq010-fr","material-tkc06-fr","material-teno005-fr","material-tevs021-fr","material-tevs023-fr","material-tego016-fr","material-trp12-fr","material-pr10-fr","material-pr23-fr","material-tebq002-fr","material-tkc02-fr","material-teno007-fr","material-tevs003-fr","material-tevs004-fr","material-tego017-fr","material-trp04-fr","material-pr12-fr","material-pr21-fr","material-tebq015-fr","material-tkc01-fr","material-teno013-fr","material-tevs002-fr","material-tevs012-fr","material-tego018-fr","material-trp08-fr","material-pr02-fr","material-pr22-fr","material-tebq014-fr","material-tkc04-fr","material-teno004-fr","material-tevs009-fr","material-tego024-fr","material-tego019-fr","material-trp15-fr","material-pr03-fr","material-pr04-fr","material-tebq021-fr","material-tkc07-fr","material-teno010-fr","material-tevs006-fr","material-tego021-fr","material-tego020-fr","material-trp13-fr","material-pr01-fr","material-pr09-fr","material-tebq018-fr","material-tkc05-fr","material-teno014-fr","material-tevs018-fr","material-tego002-fr","material-tego022-fr","material-trp07-fr","material-pr13-fr","material-pr17-fr","material-tebq019-fr","material-tkf06-fr","material-teno006-fr","material-tevs020-fr","material-tego005-fr","material-tego023-fr","material-trp09-fr","material-pr16-fr","material-pr06-fr","material-tebq003-fr","material-tkf08-fr","material-teno011-fr","material-tevs005-fr","material-tego006-fr","material-tego025-fr","material-trp05-fr","material-pr07-fr","material-pr18-fr","material-tebq012-fr","material-tkf07-fr","material-teno012-fr","material-tevs013-fr","material-tego007-fr","material-sunrise-fabric-fr","material-trp10-fr","material-pr26-fr","material-pr19-fr","material-tebq009-fr","material-tkf02-fr","material-teno001-fr","material-tevs019-fr","material-tego008-fr","color-black-fr","color-gold-fr","color-red-fr","color-beige-fr","color-light-blue-fr","color-white-black-fr","color-blue-fr","color-brown-fr","color-green-fr","color-orange-fr","color-rose-fr","color-yellow-fr","color-white-fr","color-grey-fr","color-chocolate-fr"],"acf":{"sku":"34.96","line":[75377],"is_accessory":false,"is_configurable":true,"kind":[70955,70957],"rooms":[71461],"seats":"","dimensions":{"diameter":"","x":"54","z":"50","y":"90\/60 max 116\/86"},"finishing":{"top":[],"structure":{"68009":68009,"68016":68016,"68042":68042,"68040":68040,"68013":68013,"68033":68033,"68015":68015,"68035":68035,"68037":68037,"68036":68036,"68044":68044},"lower_cuff":[],"upper_cuff":[],"matchable_top":[],"builtin_revolving_central_top":[],"throat":[],"lampshade":[],"back":[],"sitting":{"75222":75222,"75676":75676,"75224":75224,"75225":75225,"75226":75226,"75227":75227,"75228":75228,"75229":75229,"75230":75230,"75231":75231,"75232":75232,"75233":75233,"75234":75234,"75235":75235,"75236":75236,"75237":75237,"75238":75238,"68690":68690,"75240":75240,"75241":75241,"68538":68538,"75243":75243,"68314":68314,"68292":68292,"68304":68304,"68280":68280,"68288":68288,"68316":68316,"68310":68310,"68312":68312,"68308":68308,"68290":68290,"68318":68318,"68306":68306,"68282":68282,"68296":68296,"68294":68294,"68284":68284,"68286":68286,"68300":68300,"68302":68302,"68278":68278,"68298":68298,"68428":68428,"68408":68408,"68404":68404,"68416":68416,"68410":68410,"68422":68422,"68412":68412,"68430":68430,"68402":68402,"68418":68418,"68424":68424,"68426":68426,"68414":68414,"68420":68420,"68406":68406,"68114":68114,"68101":68101,"68112":68112,"68104":68104,"68110":68110,"68116":68116,"68108":68108,"68105":68105,"68109":68109,"68111":68111,"68115":68115,"68103":68103,"68107":68107,"68102":68102,"68106":68106,"68100":68100,"68113":68113,"68117":68117,"68521":68521,"68497":68497,"68495":68495,"68527":68527,"68507":68507,"68501":68501,"68489":68489,"68483":68483,"68499":68499,"68523":68523,"68519":68519,"68529":68529,"68509":68509,"68513":68513,"68515":68515,"68485":68485,"68487":68487,"68503":68503,"68511":68511,"68505":68505,"68493":68493,"68491":68491,"68525":68525,"68517":68517,"68353":68353,"68351":68351,"68355":68355,"68349":68349,"68347":68347,"68345":68345,"68336":68336,"68334":68334,"68330":68330,"68338":68338,"68342":68342,"68332":68332,"68340":68340,"68129":68129,"68125":68125,"68127":68127,"68159":68159,"68145":68145,"68165":68165,"68135":68135,"68141":68141,"68161":68161,"68121":68121,"68149":68149,"68123":68123,"68131":68131,"68139":68139,"68151":68151,"68133":68133,"68163":68163,"68167":68167,"68169":68169,"68143":68143,"68155":68155,"68156":68156,"68119":68119,"68153":68153,"68147":68147,"68137":68137},"cushions":[],"decorative_inner":[],"decorative_inserts":[],"side":[],"support":[],"front_doors":[],"top_front_doors":[],"seat_structure":[],"top_structure":[],"covering":[],"optional_shelf":[],"mirror":[],"side_panels":[],"centerpiece":[]},"colors":{"top":[],"structure":{"77344":77344,"77336":77336,"60635":60635,"77345":77345,"77346":77346,"75630":75630,"77347":77347,"77348":77348},"lower_cuff":[],"upper_cuff":[],"matchable_top":[],"builtin_revolving_central_top":[],"throat":[],"lampshade":[],"back":[],"sitting":{"60635":60635,"75754":75754,"77349":77349,"75759":75759,"75755":75755,"75753":75753,"77344":77344,"77346":77346,"77336":77336,"75756":75756,"75039":75039,"77345":77345,"77347":77347,"75758":75758,"75171":75171},"cushions":[],"decorative_inner":[],"decorative_inserts":[],"side":[],"support":[],"front_doors":[],"top_front_doors":[],"seat_structure":[],"top_structure":[],"covering":[],"optional_shelf":[],"mirror":[],"side_panels":[],"centerpiece":[]},"accessories":"","related":[126915,126933,126889],"gallery":[136591,136596],"product_sheet":"https:\/\/www.bontempi.it\/wp-content\/uploads\/2024\/07\/Agatha-34.96.pdf","attachments":null,"videos":null,"silhouette":137289},"_links":{"self":[{"href":"https:\/\/www.bontempi.it\/fr\/wp-json\/wp\/v2\/product\/136809","targetHints":{"allow":["GET"]}}],"collection":[{"href":"https:\/\/www.bontempi.it\/fr\/wp-json\/wp\/v2\/product"}],"about":[{"href":"https:\/\/www.bontempi.it\/fr\/wp-json\/wp\/v2\/types\/product"}],"acf:attachment":[{"embeddable":true,"href":"https:\/\/www.bontempi.it\/fr\/wp-json\/wp\/v2\/media\/136596"},{"embeddable":true,"href":"https:\/\/www.bontempi.it\/fr\/wp-json\/wp\/v2\/media\/136591"}],"acf:post":[{"embeddable":true,"href":"https:\/\/www.bontempi.it\/fr\/wp-json\/wp\/v2\/product\/126889"},{"embeddable":true,"href":"https:\/\/www.bontempi.it\/fr\/wp-json\/wp\/v2\/product\/126933"},{"embeddable":true,"href":"https:\/\/www.bontempi.it\/fr\/wp-json\/wp\/v2\/product\/126915"}],"acf:term":[{"embeddable":true,"taxonomy":"room","href":"https:\/\/www.bontempi.it\/fr\/wp-json\/wp\/v2\/room\/71461"},{"embeddable":true,"taxonomy":"kind","href":"https:\/\/www.bontempi.it\/fr\/wp-json\/wp\/v2\/kind\/70957"},{"embeddable":true,"taxonomy":"kind","href":"https:\/\/www.bontempi.it\/fr\/wp-json\/wp\/v2\/kind\/70955"},{"embeddable":true,"taxonomy":"line","href":"https:\/\/www.bontempi.it\/fr\/wp-json\/wp\/v2\/line\/75377"}],"wp:featuredmedia":[{"embeddable":true,"href":"https:\/\/www.bontempi.it\/fr\/wp-json\/wp\/v2\/media\/136588"}],"wp:attachment":[{"href":"https:\/\/www.bontempi.it\/fr\/wp-json\/wp\/v2\/media?parent=136809"}],"wp:term":[{"taxonomy":"line","embeddable":true,"href":"https:\/\/www.bontempi.it\/fr\/wp-json\/wp\/v2\/line?post=136809"},{"taxonomy":"kind","embeddable":true,"href":"https:\/\/www.bontempi.it\/fr\/wp-json\/wp\/v2\/kind?post=136809"},{"taxonomy":"room","embeddable":true,"href":"https:\/\/www.bontempi.it\/fr\/wp-json\/wp\/v2\/room?post=136809"},{"taxonomy":"material","embeddable":true,"href":"https:\/\/www.bontempi.it\/fr\/wp-json\/wp\/v2\/material?post=136809"},{"taxonomy":"color","embeddable":true,"href":"https:\/\/www.bontempi.it\/fr\/wp-json\/wp\/v2\/color?post=136809"},{"taxonomy":"certification","embeddable":true,"href":"https:\/\/www.bontempi.it\/fr\/wp-json\/wp\/v2\/certification?post=136809"}],"curies":[{"name":"wp","href":"https:\/\/api.w.org\/{rel}","templated":true}]}}