{"id":136805,"date":"2024-05-20T17:12:57","date_gmt":"2024-05-20T15:12:57","guid":{"rendered":"https:\/\/www.bontempi.it\/product\/eden-15-87\/"},"modified":"2024-05-21T16:24:28","modified_gmt":"2024-05-21T14:24:28","slug":"eden-15-87","status":"publish","type":"product","link":"https:\/\/www.bontempi.it\/fr\/eden-1587\/","title":{"rendered":"Eden &#8211; 15.87"},"content":{"rendered":"<p>Bahut structure en bois, compos\u00e9 de 2 portes battantes, \u00e9tag\u00e8res int\u00e9rieures en verre transparent ; c\u00f4t\u00e9s en bois laqu\u00e9 et portes en bois laqu\u00e9 et plaqu\u00e9. Pieds en aluminium. Tiroir en miroir optionnel.<\/p>\n","protected":false},"excerpt":{"rendered":"<p>Bahut structure en bois, compos\u00e9 de 2 portes battantes, \u00e9tag\u00e8res int\u00e9rieures en verre transparent ; c\u00f4t\u00e9s en bois laqu\u00e9 et portes en bois laqu\u00e9 et plaqu\u00e9. Pieds en aluminium. Tiroir en miroir optionnel.<\/p>\n","protected":false},"featured_media":136653,"template":"","line":[75381],"kind":[70972],"room":[],"material":[67900,68537],"color":[75329],"certification":[],"class_list":["post-136805","product","type-product","status-publish","has-post-thumbnail","hentry","line-eden-fr","kind-storage-units-fr","material-c301-fr","material-c303-fr","color-bronze-fr"],"acf":{"sku":"15.87","line":[75381],"is_accessory":false,"is_configurable":true,"kind":[70972],"rooms":false,"seats":"","dimensions":{"diameter":"","x":"144","z":"46.5","y":"82"},"finishing":{"top":[],"structure":{"68013":68013,"68033":68033,"68015":68015,"68035":68035,"68037":68037,"68036":68036,"68034":68034},"lower_cuff":[],"upper_cuff":[],"matchable_top":[],"builtin_revolving_central_top":[],"throat":[],"lampshade":[],"back":[],"sitting":[],"cushions":[],"decorative_inner":[],"decorative_inserts":[],"side":{"67968":67968,"67977":67977},"support":[],"front_doors":{"67900":67900,"68537":68537},"top_front_doors":[],"seat_structure":[],"top_structure":[],"covering":[],"optional_shelf":[],"mirror":[],"side_panels":[],"centerpiece":[]},"colors":{"top":[],"structure":{"77344":77344,"77346":77346,"75630":75630,"77347":77347,"77345":77345,"77348":77348},"lower_cuff":[],"upper_cuff":[],"matchable_top":[],"builtin_revolving_central_top":[],"throat":[],"lampshade":[],"back":[],"sitting":[],"cushions":[],"decorative_inner":[],"decorative_inserts":[],"side":{"77344":77344,"77346":77346},"support":[],"front_doors":{"75329":75329,"75617":75617},"top_front_doors":[],"seat_structure":[],"top_structure":[],"covering":[],"optional_shelf":[],"mirror":[],"side_panels":[],"centerpiece":[]},"accessories":"","related":[126612,126622],"gallery":[136641,136646],"product_sheet":"https:\/\/www.bontempi.it\/wp-content\/uploads\/2024\/07\/Eden-1585-1586-1587-1588.pdf","attachments":null,"videos":null,"silhouette":137304},"_links":{"self":[{"href":"https:\/\/www.bontempi.it\/fr\/wp-json\/wp\/v2\/product\/136805","targetHints":{"allow":["GET"]}}],"collection":[{"href":"https:\/\/www.bontempi.it\/fr\/wp-json\/wp\/v2\/product"}],"about":[{"href":"https:\/\/www.bontempi.it\/fr\/wp-json\/wp\/v2\/types\/product"}],"acf:attachment":[{"embeddable":true,"href":"https:\/\/www.bontempi.it\/fr\/wp-json\/wp\/v2\/media\/136646"},{"embeddable":true,"href":"https:\/\/www.bontempi.it\/fr\/wp-json\/wp\/v2\/media\/136641"}],"acf:post":[{"embeddable":true,"href":"https:\/\/www.bontempi.it\/fr\/wp-json\/wp\/v2\/product\/126622"},{"embeddable":true,"href":"https:\/\/www.bontempi.it\/fr\/wp-json\/wp\/v2\/product\/126612"}],"acf:term":[{"embeddable":true,"taxonomy":"kind","href":"https:\/\/www.bontempi.it\/fr\/wp-json\/wp\/v2\/kind\/70972"},{"embeddable":true,"taxonomy":"line","href":"https:\/\/www.bontempi.it\/fr\/wp-json\/wp\/v2\/line\/75381"}],"wp:featuredmedia":[{"embeddable":true,"href":"https:\/\/www.bontempi.it\/fr\/wp-json\/wp\/v2\/media\/136653"}],"wp:attachment":[{"href":"https:\/\/www.bontempi.it\/fr\/wp-json\/wp\/v2\/media?parent=136805"}],"wp:term":[{"taxonomy":"line","embeddable":true,"href":"https:\/\/www.bontempi.it\/fr\/wp-json\/wp\/v2\/line?post=136805"},{"taxonomy":"kind","embeddable":true,"href":"https:\/\/www.bontempi.it\/fr\/wp-json\/wp\/v2\/kind?post=136805"},{"taxonomy":"room","embeddable":true,"href":"https:\/\/www.bontempi.it\/fr\/wp-json\/wp\/v2\/room?post=136805"},{"taxonomy":"material","embeddable":true,"href":"https:\/\/www.bontempi.it\/fr\/wp-json\/wp\/v2\/material?post=136805"},{"taxonomy":"color","embeddable":true,"href":"https:\/\/www.bontempi.it\/fr\/wp-json\/wp\/v2\/color?post=136805"},{"taxonomy":"certification","embeddable":true,"href":"https:\/\/www.bontempi.it\/fr\/wp-json\/wp\/v2\/certification?post=136805"}],"curies":[{"name":"wp","href":"https:\/\/api.w.org\/{rel}","templated":true}]}}