{"id":136802,"date":"2024-05-20T16:46:40","date_gmt":"2024-05-20T14:46:40","guid":{"rendered":"https:\/\/www.bontempi.it\/product\/elvis-15-56\/"},"modified":"2024-05-21T16:23:11","modified_gmt":"2024-05-21T14:23:11","slug":"elvis-15-56","status":"publish","type":"product","link":"https:\/\/www.bontempi.it\/fr\/elvis-15-56\/","title":{"rendered":"Etag\u00e8re optionnelle Elvis &#8211; 15.56"},"content":{"rendered":"<p>Etag\u00e8re en t\u00f4le d\u2019acier laqu\u00e9 laiton fonc\u00e9 et plateau en verre transparent bronze.<\/p>\n","protected":false},"excerpt":{"rendered":"<p>Etag\u00e8re en t\u00f4le d\u2019acier laqu\u00e9 laiton fonc\u00e9 et plateau en verre transparent bronze.<\/p>\n","protected":false},"featured_media":136663,"template":"","line":[75382],"kind":[70940,70972],"room":[71460],"material":[68040],"color":[77345],"certification":[],"class_list":["post-136802","product","type-product","status-publish","has-post-thumbnail","hentry","line-elvis-fr","kind-accessories-fr","kind-storage-units-fr","room-hall-fr","material-m028-fr","color-chocolate-fr"],"acf":{"sku":"15.56","line":[75382],"is_accessory":true,"is_configurable":false,"kind":[70940,70972],"rooms":[71460],"seats":"","dimensions":{"diameter":"","x":"52","z":"30","y":"22"},"finishing":{"top":{"67918":67918},"structure":{"68040":68040},"lower_cuff":[],"upper_cuff":[],"matchable_top":[],"builtin_revolving_central_top":[],"throat":[],"lampshade":[],"back":[],"sitting":[],"cushions":[],"decorative_inner":[],"decorative_inserts":[],"side":[],"support":[],"front_doors":[],"top_front_doors":[],"seat_structure":[],"top_structure":[],"covering":[],"optional_shelf":[],"mirror":[],"side_panels":[],"centerpiece":[]},"colors":{"top":{"75856":75856},"structure":{"77345":77345},"lower_cuff":[],"upper_cuff":[],"matchable_top":[],"builtin_revolving_central_top":[],"throat":[],"lampshade":[],"back":[],"sitting":[],"cushions":[],"decorative_inner":[],"decorative_inserts":[],"side":[],"support":[],"front_doors":[],"top_front_doors":[],"seat_structure":[],"top_structure":[],"covering":[],"optional_shelf":[],"mirror":[],"side_panels":[],"centerpiece":[]},"accessories":"","related":[126621],"gallery":[136656],"product_sheet":"https:\/\/www.bontempi.it\/wp-content\/uploads\/2024\/07\/Elvis-15.56.pdf","attachments":null,"videos":null,"silhouette":137319},"_links":{"self":[{"href":"https:\/\/www.bontempi.it\/fr\/wp-json\/wp\/v2\/product\/136802","targetHints":{"allow":["GET"]}}],"collection":[{"href":"https:\/\/www.bontempi.it\/fr\/wp-json\/wp\/v2\/product"}],"about":[{"href":"https:\/\/www.bontempi.it\/fr\/wp-json\/wp\/v2\/types\/product"}],"acf:attachment":[{"embeddable":true,"href":"https:\/\/www.bontempi.it\/fr\/wp-json\/wp\/v2\/media\/136656"}],"acf:post":[{"embeddable":true,"href":"https:\/\/www.bontempi.it\/fr\/wp-json\/wp\/v2\/product\/126621"}],"acf:term":[{"embeddable":true,"taxonomy":"room","href":"https:\/\/www.bontempi.it\/fr\/wp-json\/wp\/v2\/room\/71460"},{"embeddable":true,"taxonomy":"kind","href":"https:\/\/www.bontempi.it\/fr\/wp-json\/wp\/v2\/kind\/70972"},{"embeddable":true,"taxonomy":"kind","href":"https:\/\/www.bontempi.it\/fr\/wp-json\/wp\/v2\/kind\/70940"},{"embeddable":true,"taxonomy":"line","href":"https:\/\/www.bontempi.it\/fr\/wp-json\/wp\/v2\/line\/75382"}],"wp:featuredmedia":[{"embeddable":true,"href":"https:\/\/www.bontempi.it\/fr\/wp-json\/wp\/v2\/media\/136663"}],"wp:attachment":[{"href":"https:\/\/www.bontempi.it\/fr\/wp-json\/wp\/v2\/media?parent=136802"}],"wp:term":[{"taxonomy":"line","embeddable":true,"href":"https:\/\/www.bontempi.it\/fr\/wp-json\/wp\/v2\/line?post=136802"},{"taxonomy":"kind","embeddable":true,"href":"https:\/\/www.bontempi.it\/fr\/wp-json\/wp\/v2\/kind?post=136802"},{"taxonomy":"room","embeddable":true,"href":"https:\/\/www.bontempi.it\/fr\/wp-json\/wp\/v2\/room?post=136802"},{"taxonomy":"material","embeddable":true,"href":"https:\/\/www.bontempi.it\/fr\/wp-json\/wp\/v2\/material?post=136802"},{"taxonomy":"color","embeddable":true,"href":"https:\/\/www.bontempi.it\/fr\/wp-json\/wp\/v2\/color?post=136802"},{"taxonomy":"certification","embeddable":true,"href":"https:\/\/www.bontempi.it\/fr\/wp-json\/wp\/v2\/certification?post=136802"}],"curies":[{"name":"wp","href":"https:\/\/api.w.org\/{rel}","templated":true}]}}