{"id":136801,"date":"2024-05-20T16:42:39","date_gmt":"2024-05-20T14:42:39","guid":{"rendered":"https:\/\/www.bontempi.it\/product\/elvis-15-55\/"},"modified":"2024-05-21T16:22:12","modified_gmt":"2024-05-21T14:22:12","slug":"elvis-15-55","status":"publish","type":"product","link":"https:\/\/www.bontempi.it\/fr\/elvis-1555\/","title":{"rendered":"Elvis &#8211; 15.55"},"content":{"rendered":"<p>Meuble bar en m\u00e9tal laqu\u00e9 et aluminium laqu\u00e9 laiton fonc\u00e9 portes battantes, flancs et plateau sup\u00e9rieur en verre transparent bronze. Ch\u00e2ssis de la structure inf\u00e9rieure en m\u00e9tal laqu\u00e9 laiton fonc\u00e9.<\/p>\n","protected":false},"excerpt":{"rendered":"<p>Meuble bar en m\u00e9tal laqu\u00e9 et aluminium laqu\u00e9 laiton fonc\u00e9 portes battantes, flancs et plateau sup\u00e9rieur en verre transparent bronze. Ch\u00e2ssis de la structure inf\u00e9rieure en m\u00e9tal laqu\u00e9 laiton fonc\u00e9.<\/p>\n","protected":false},"featured_media":136663,"template":"","line":[75382],"kind":[70972],"room":[71460],"material":[67918],"color":[75856],"certification":[],"class_list":["post-136801","product","type-product","status-publish","has-post-thumbnail","hentry","line-elvis-fr","kind-storage-units-fr","room-hall-fr","material-c159-fr","color-transparent-fr"],"acf":{"sku":"15.55","line":[75382],"is_accessory":false,"is_configurable":true,"kind":[70972],"rooms":[71460],"seats":"","dimensions":{"diameter":"","x":"120","z":"43","y":"116"},"finishing":{"top":[],"structure":{"68040":68040},"lower_cuff":[],"upper_cuff":[],"matchable_top":[],"builtin_revolving_central_top":[],"throat":[],"lampshade":[],"back":[],"sitting":[],"cushions":[],"decorative_inner":[],"decorative_inserts":[],"side":[],"support":[],"front_doors":{"67918":67918},"top_front_doors":{"67918":67918},"seat_structure":[],"top_structure":[],"covering":[],"optional_shelf":[],"mirror":[],"side_panels":[],"centerpiece":[]},"colors":{"top":[],"structure":{"77345":77345},"lower_cuff":[],"upper_cuff":[],"matchable_top":[],"builtin_revolving_central_top":[],"throat":[],"lampshade":[],"back":[],"sitting":[],"cushions":[],"decorative_inner":[],"decorative_inserts":[],"side":[],"support":[],"front_doors":{"75856":75856},"top_front_doors":{"75856":75856},"seat_structure":[],"top_structure":[],"covering":[],"optional_shelf":[],"mirror":[],"side_panels":[],"centerpiece":[]},"accessories":[136728],"related":[126621],"gallery":[136656],"product_sheet":"https:\/\/www.bontempi.it\/wp-content\/uploads\/2024\/07\/Elvis-15.55.pdf","attachments":null,"videos":null,"silhouette":137324},"_links":{"self":[{"href":"https:\/\/www.bontempi.it\/fr\/wp-json\/wp\/v2\/product\/136801","targetHints":{"allow":["GET"]}}],"collection":[{"href":"https:\/\/www.bontempi.it\/fr\/wp-json\/wp\/v2\/product"}],"about":[{"href":"https:\/\/www.bontempi.it\/fr\/wp-json\/wp\/v2\/types\/product"}],"acf:attachment":[{"embeddable":true,"href":"https:\/\/www.bontempi.it\/fr\/wp-json\/wp\/v2\/media\/136656"}],"acf:post":[{"embeddable":true,"href":"https:\/\/www.bontempi.it\/fr\/wp-json\/wp\/v2\/product\/126621"},{"embeddable":true,"href":"https:\/\/www.bontempi.it\/fr\/wp-json\/wp\/v2\/product\/136728"}],"acf:term":[{"embeddable":true,"taxonomy":"room","href":"https:\/\/www.bontempi.it\/fr\/wp-json\/wp\/v2\/room\/71460"},{"embeddable":true,"taxonomy":"kind","href":"https:\/\/www.bontempi.it\/fr\/wp-json\/wp\/v2\/kind\/70972"},{"embeddable":true,"taxonomy":"line","href":"https:\/\/www.bontempi.it\/fr\/wp-json\/wp\/v2\/line\/75382"}],"wp:featuredmedia":[{"embeddable":true,"href":"https:\/\/www.bontempi.it\/fr\/wp-json\/wp\/v2\/media\/136663"}],"wp:attachment":[{"href":"https:\/\/www.bontempi.it\/fr\/wp-json\/wp\/v2\/media?parent=136801"}],"wp:term":[{"taxonomy":"line","embeddable":true,"href":"https:\/\/www.bontempi.it\/fr\/wp-json\/wp\/v2\/line?post=136801"},{"taxonomy":"kind","embeddable":true,"href":"https:\/\/www.bontempi.it\/fr\/wp-json\/wp\/v2\/kind?post=136801"},{"taxonomy":"room","embeddable":true,"href":"https:\/\/www.bontempi.it\/fr\/wp-json\/wp\/v2\/room?post=136801"},{"taxonomy":"material","embeddable":true,"href":"https:\/\/www.bontempi.it\/fr\/wp-json\/wp\/v2\/material?post=136801"},{"taxonomy":"color","embeddable":true,"href":"https:\/\/www.bontempi.it\/fr\/wp-json\/wp\/v2\/color?post=136801"},{"taxonomy":"certification","embeddable":true,"href":"https:\/\/www.bontempi.it\/fr\/wp-json\/wp\/v2\/certification?post=136801"}],"curies":[{"name":"wp","href":"https:\/\/api.w.org\/{rel}","templated":true}]}}