{"id":136794,"date":"2024-05-20T15:42:49","date_gmt":"2024-05-20T13:42:49","guid":{"rendered":"https:\/\/www.bontempi.it\/product\/mini-cross-08-28\/"},"modified":"2024-05-27T09:06:03","modified_gmt":"2024-05-27T07:06:03","slug":"mini-cross-08-28","status":"publish","type":"product","link":"https:\/\/www.bontempi.it\/fr\/cross-petit-0828\/","title":{"rendered":"Cross petit &#8211; 08.28"},"content":{"rendered":"<p>Table basse avec structure en m\u00e9tal laqu\u00e9, plateau en: Verre, Verre velvet anti-rayures, SuperC\u00e9ramique et SuperMarbre.<\/p>\n","protected":false},"excerpt":{"rendered":"<p>Table basse avec structure en m\u00e9tal laqu\u00e9, plateau en: Verre, Verre velvet anti-rayures, SuperC\u00e9ramique et SuperMarbre.<\/p>\n","protected":false},"featured_media":136613,"template":"","line":[75379],"kind":[70963,70964],"room":[],"material":[68040,68042,68044,68013,68029,68033],"color":[77346,60635,77344,77345],"certification":[],"class_list":["post-136794","product","type-product","status-publish","has-post-thumbnail","hentry","line-cross-mini-fr","kind-occasionals-fr","kind-coffee-tables-fr","material-m028-fr","material-m312-fr","material-m307-fr","material-m310-fr","material-m097-fr","material-m055-fr","color-black-fr","color-beige-fr","color-grey-fr","color-chocolate-fr"],"acf":{"sku":"08.28","line":[75379],"is_accessory":false,"is_configurable":true,"kind":[70963,70964],"rooms":false,"seats":"","dimensions":{"diameter":"40","x":"","z":"46","y":""},"finishing":{"top":{"67884":67884,"67886":67886,"67890":67890,"67894":67894,"68255":68255,"68260":68260,"68262":68262,"68264":68264,"68267":68267,"68269":68269,"68271":68271,"75684":75684},"structure":{"68013":68013,"68029":68029,"68033":68033,"68040":68040,"68042":68042,"68044":68044},"lower_cuff":[],"upper_cuff":[],"matchable_top":[],"builtin_revolving_central_top":[],"throat":[],"lampshade":[],"back":[],"sitting":[],"cushions":[],"decorative_inner":[],"decorative_inserts":[],"side":[],"support":[],"front_doors":[],"top_front_doors":[],"seat_structure":[],"top_structure":[],"covering":[],"optional_shelf":[],"mirror":[],"side_panels":[],"centerpiece":[]},"colors":{"top":{"77344":77344,"77336":77336,"77346":77346,"60635":60635,"77345":77345,"75045":75045},"structure":{"77344":77344,"77346":77346,"77345":77345,"60635":60635},"lower_cuff":[],"upper_cuff":[],"matchable_top":[],"builtin_revolving_central_top":[],"throat":[],"lampshade":[],"back":[],"sitting":[],"cushions":[],"decorative_inner":[],"decorative_inserts":[],"side":[],"support":[],"front_doors":[],"top_front_doors":[],"seat_structure":[],"top_structure":[],"covering":[],"optional_shelf":[],"mirror":[],"side_panels":[],"centerpiece":[]},"accessories":"","related":[126444,126428,126413],"gallery":[137177,136621],"product_sheet":"https:\/\/www.bontempi.it\/wp-content\/uploads\/2024\/07\/Cross-08.28.pdf","attachments":null,"videos":null,"silhouette":137445},"_links":{"self":[{"href":"https:\/\/www.bontempi.it\/fr\/wp-json\/wp\/v2\/product\/136794","targetHints":{"allow":["GET"]}}],"collection":[{"href":"https:\/\/www.bontempi.it\/fr\/wp-json\/wp\/v2\/product"}],"about":[{"href":"https:\/\/www.bontempi.it\/fr\/wp-json\/wp\/v2\/types\/product"}],"acf:attachment":[{"embeddable":true,"href":"https:\/\/www.bontempi.it\/fr\/wp-json\/wp\/v2\/media\/136621"},{"embeddable":true,"href":"https:\/\/www.bontempi.it\/fr\/wp-json\/wp\/v2\/media\/137177"}],"acf:post":[{"embeddable":true,"href":"https:\/\/www.bontempi.it\/fr\/wp-json\/wp\/v2\/product\/126413"},{"embeddable":true,"href":"https:\/\/www.bontempi.it\/fr\/wp-json\/wp\/v2\/product\/126428"},{"embeddable":true,"href":"https:\/\/www.bontempi.it\/fr\/wp-json\/wp\/v2\/product\/126444"}],"acf:term":[{"embeddable":true,"taxonomy":"kind","href":"https:\/\/www.bontempi.it\/fr\/wp-json\/wp\/v2\/kind\/70964"},{"embeddable":true,"taxonomy":"kind","href":"https:\/\/www.bontempi.it\/fr\/wp-json\/wp\/v2\/kind\/70963"},{"embeddable":true,"taxonomy":"line","href":"https:\/\/www.bontempi.it\/fr\/wp-json\/wp\/v2\/line\/75379"}],"wp:featuredmedia":[{"embeddable":true,"href":"https:\/\/www.bontempi.it\/fr\/wp-json\/wp\/v2\/media\/136613"}],"wp:attachment":[{"href":"https:\/\/www.bontempi.it\/fr\/wp-json\/wp\/v2\/media?parent=136794"}],"wp:term":[{"taxonomy":"line","embeddable":true,"href":"https:\/\/www.bontempi.it\/fr\/wp-json\/wp\/v2\/line?post=136794"},{"taxonomy":"kind","embeddable":true,"href":"https:\/\/www.bontempi.it\/fr\/wp-json\/wp\/v2\/kind?post=136794"},{"taxonomy":"room","embeddable":true,"href":"https:\/\/www.bontempi.it\/fr\/wp-json\/wp\/v2\/room?post=136794"},{"taxonomy":"material","embeddable":true,"href":"https:\/\/www.bontempi.it\/fr\/wp-json\/wp\/v2\/material?post=136794"},{"taxonomy":"color","embeddable":true,"href":"https:\/\/www.bontempi.it\/fr\/wp-json\/wp\/v2\/color?post=136794"},{"taxonomy":"certification","embeddable":true,"href":"https:\/\/www.bontempi.it\/fr\/wp-json\/wp\/v2\/certification?post=136794"}],"curies":[{"name":"wp","href":"https:\/\/api.w.org\/{rel}","templated":true}]}}