{"id":136793,"date":"2024-05-20T15:23:48","date_gmt":"2024-05-20T13:23:48","guid":{"rendered":"https:\/\/www.bontempi.it\/product\/piper-07-20\/"},"modified":"2024-05-21T16:18:03","modified_gmt":"2024-05-21T14:18:03","slug":"piper-07-20-2__trashed","status":"publish","type":"product","link":"https:\/\/www.bontempi.it\/fr\/piper-0720\/","title":{"rendered":"Piper &#8211; 07.20"},"content":{"rendered":"<p>Bureau avec structure et plateau en m\u00e9tal laqu\u00e9 avec etag\u00e8re en cuir avec couture ton sur ton.<\/p>\n","protected":false},"excerpt":{"rendered":"<p>Bureau avec structure et plateau en m\u00e9tal laqu\u00e9 avec etag\u00e8re en cuir avec couture ton sur ton.<\/p>\n","protected":false},"featured_media":136693,"template":"","line":[75385],"kind":[70967],"room":[71460,71464],"material":[68042,68013,68016,68033,68040],"color":[77346,60635,77336,77344,77345],"certification":[],"class_list":["post-136793","product","type-product","status-publish","has-post-thumbnail","hentry","line-piper-fr","kind-desk-consoles-fr","room-hall-fr","room-contract-fr","material-m312-fr","material-m310-fr","material-m306-fr","material-m055-fr","material-m028-fr","color-black-fr","color-beige-fr","color-white-fr","color-grey-fr","color-chocolate-fr"],"acf":{"sku":"07.20","line":[75385],"is_accessory":false,"is_configurable":true,"kind":[70967],"rooms":[71460,71464],"seats":"","dimensions":{"diameter":"","x":"137","z":"40","y":"75"},"finishing":{"top":{"67927":67927,"67923":67923,"67946":67946,"67936":67936,"67947":67947,"67934":67934,"67944":67944,"67932":67932,"67930":67930,"67938":67938,"67940":67940,"67925":67925,"67928":67928,"67922":67922,"67942":67942},"structure":{"68016":68016,"68042":68042,"68040":68040,"68013":68013,"68033":68033},"lower_cuff":[],"upper_cuff":[],"matchable_top":[],"builtin_revolving_central_top":[],"throat":[],"lampshade":[],"back":[],"sitting":[],"cushions":[],"decorative_inner":[],"decorative_inserts":[],"side":[],"support":[],"front_doors":[],"top_front_doors":[],"seat_structure":[],"top_structure":[],"covering":[],"optional_shelf":[],"mirror":[],"side_panels":[],"centerpiece":[]},"colors":{"top":{"77336":77336,"60635":60635,"77345":77345,"77349":77349,"77344":77344,"75039":75039,"77346":77346},"structure":{"77336":77336,"60635":60635,"77345":77345,"77344":77344,"77346":77346},"lower_cuff":[],"upper_cuff":[],"matchable_top":[],"builtin_revolving_central_top":[],"throat":[],"lampshade":[],"back":[],"sitting":[],"cushions":[],"decorative_inner":[],"decorative_inserts":[],"side":[],"support":[],"front_doors":[],"top_front_doors":[],"seat_structure":[],"top_structure":[],"covering":[],"optional_shelf":[],"mirror":[],"side_panels":[],"centerpiece":[]},"accessories":"","related":[126326,126774,126830],"gallery":[136686,136696],"product_sheet":"https:\/\/www.bontempi.it\/wp-content\/uploads\/2024\/07\/Piper-07.20.pdf","attachments":null,"videos":null,"silhouette":137450},"_links":{"self":[{"href":"https:\/\/www.bontempi.it\/fr\/wp-json\/wp\/v2\/product\/136793","targetHints":{"allow":["GET"]}}],"collection":[{"href":"https:\/\/www.bontempi.it\/fr\/wp-json\/wp\/v2\/product"}],"about":[{"href":"https:\/\/www.bontempi.it\/fr\/wp-json\/wp\/v2\/types\/product"}],"acf:attachment":[{"embeddable":true,"href":"https:\/\/www.bontempi.it\/fr\/wp-json\/wp\/v2\/media\/136696"},{"embeddable":true,"href":"https:\/\/www.bontempi.it\/fr\/wp-json\/wp\/v2\/media\/136686"}],"acf:post":[{"embeddable":true,"href":"https:\/\/www.bontempi.it\/fr\/wp-json\/wp\/v2\/product\/126830"},{"embeddable":true,"href":"https:\/\/www.bontempi.it\/fr\/wp-json\/wp\/v2\/product\/126774"},{"embeddable":true,"href":"https:\/\/www.bontempi.it\/fr\/wp-json\/wp\/v2\/product\/126326"}],"acf:term":[{"embeddable":true,"taxonomy":"room","href":"https:\/\/www.bontempi.it\/fr\/wp-json\/wp\/v2\/room\/71464"},{"embeddable":true,"taxonomy":"room","href":"https:\/\/www.bontempi.it\/fr\/wp-json\/wp\/v2\/room\/71460"},{"embeddable":true,"taxonomy":"kind","href":"https:\/\/www.bontempi.it\/fr\/wp-json\/wp\/v2\/kind\/70967"},{"embeddable":true,"taxonomy":"line","href":"https:\/\/www.bontempi.it\/fr\/wp-json\/wp\/v2\/line\/75385"}],"wp:featuredmedia":[{"embeddable":true,"href":"https:\/\/www.bontempi.it\/fr\/wp-json\/wp\/v2\/media\/136693"}],"wp:attachment":[{"href":"https:\/\/www.bontempi.it\/fr\/wp-json\/wp\/v2\/media?parent=136793"}],"wp:term":[{"taxonomy":"line","embeddable":true,"href":"https:\/\/www.bontempi.it\/fr\/wp-json\/wp\/v2\/line?post=136793"},{"taxonomy":"kind","embeddable":true,"href":"https:\/\/www.bontempi.it\/fr\/wp-json\/wp\/v2\/kind?post=136793"},{"taxonomy":"room","embeddable":true,"href":"https:\/\/www.bontempi.it\/fr\/wp-json\/wp\/v2\/room?post=136793"},{"taxonomy":"material","embeddable":true,"href":"https:\/\/www.bontempi.it\/fr\/wp-json\/wp\/v2\/material?post=136793"},{"taxonomy":"color","embeddable":true,"href":"https:\/\/www.bontempi.it\/fr\/wp-json\/wp\/v2\/color?post=136793"},{"taxonomy":"certification","embeddable":true,"href":"https:\/\/www.bontempi.it\/fr\/wp-json\/wp\/v2\/certification?post=136793"}],"curies":[{"name":"wp","href":"https:\/\/api.w.org\/{rel}","templated":true}]}}