{"id":135940,"date":"2023-12-18T17:29:59","date_gmt":"2023-12-18T16:29:59","guid":{"rendered":"https:\/\/www.bontempi.it\/product\/circle-table-lamp-56-52\/"},"modified":"2024-04-26T17:28:31","modified_gmt":"2024-04-26T15:28:31","slug":"circle-table-lamp-56-52","status":"publish","type":"product","link":"https:\/\/www.bontempi.it\/fr\/circle-de-bureau-5652\/","title":{"rendered":"Circle de bureau &#8211; 56.52"},"content":{"rendered":"<p>Lampe de table avec base en acier laqu\u00e9 anthracite. Structure en acier laqu\u00e9 en laiton fonc\u00e9.<\/p>\n","protected":false},"excerpt":{"rendered":"<p>Lampe de table avec base en acier laqu\u00e9 anthracite. Structure en acier laqu\u00e9 en laiton fonc\u00e9.<\/p>\n","protected":false},"featured_media":0,"template":"","line":[74006],"kind":[70962],"room":[71460],"material":[68040],"color":[77345],"certification":[],"class_list":["post-135940","product","type-product","status-publish","hentry","line-circle-table-fr","kind-lighting-fr","room-hall-fr","material-m028-fr","color-chocolate-fr"],"acf":{"sku":"56.52","line":[74006],"is_accessory":false,"is_configurable":true,"kind":[70962],"rooms":[71460],"seats":"","dimensions":{"diameter":"","x":"42","z":"19","y":"42"},"finishing":{"top":[],"structure":{"68040":68040},"lower_cuff":[],"upper_cuff":[],"matchable_top":[],"builtin_revolving_central_top":[],"throat":[],"lampshade":[],"back":[],"sitting":[],"cushions":[],"decorative_inner":[],"decorative_inserts":[],"side":[],"support":[],"front_doors":[],"top_front_doors":[],"seat_structure":[],"top_structure":[],"covering":[],"optional_shelf":[],"mirror":[],"side_panels":[],"centerpiece":[]},"colors":{"top":[],"structure":{"77345":77345},"lower_cuff":[],"upper_cuff":[],"matchable_top":[],"builtin_revolving_central_top":[],"throat":[],"lampshade":[],"back":[],"sitting":[],"cushions":[],"decorative_inner":[],"decorative_inserts":[],"side":[],"support":[],"front_doors":[],"top_front_doors":[],"seat_structure":[],"top_structure":[],"covering":[],"optional_shelf":[],"mirror":[],"side_panels":[],"centerpiece":[]},"accessories":"","related":[127276,127255],"gallery":[104028,123704],"product_sheet":"","attachments":null,"videos":null,"silhouette":103813},"_links":{"self":[{"href":"https:\/\/www.bontempi.it\/fr\/wp-json\/wp\/v2\/product\/135940","targetHints":{"allow":["GET"]}}],"collection":[{"href":"https:\/\/www.bontempi.it\/fr\/wp-json\/wp\/v2\/product"}],"about":[{"href":"https:\/\/www.bontempi.it\/fr\/wp-json\/wp\/v2\/types\/product"}],"acf:attachment":[{"embeddable":true,"href":"https:\/\/www.bontempi.it\/fr\/wp-json\/wp\/v2\/media\/123704"},{"embeddable":true,"href":"https:\/\/www.bontempi.it\/fr\/wp-json\/wp\/v2\/media\/104028"}],"acf:post":[{"embeddable":true,"href":"https:\/\/www.bontempi.it\/fr\/wp-json\/wp\/v2\/product\/127255"},{"embeddable":true,"href":"https:\/\/www.bontempi.it\/fr\/wp-json\/wp\/v2\/product\/127276"}],"acf:term":[{"embeddable":true,"taxonomy":"room","href":"https:\/\/www.bontempi.it\/fr\/wp-json\/wp\/v2\/room\/71460"},{"embeddable":true,"taxonomy":"kind","href":"https:\/\/www.bontempi.it\/fr\/wp-json\/wp\/v2\/kind\/70962"},{"embeddable":true,"taxonomy":"line","href":"https:\/\/www.bontempi.it\/fr\/wp-json\/wp\/v2\/line\/74006"}],"wp:attachment":[{"href":"https:\/\/www.bontempi.it\/fr\/wp-json\/wp\/v2\/media?parent=135940"}],"wp:term":[{"taxonomy":"line","embeddable":true,"href":"https:\/\/www.bontempi.it\/fr\/wp-json\/wp\/v2\/line?post=135940"},{"taxonomy":"kind","embeddable":true,"href":"https:\/\/www.bontempi.it\/fr\/wp-json\/wp\/v2\/kind?post=135940"},{"taxonomy":"room","embeddable":true,"href":"https:\/\/www.bontempi.it\/fr\/wp-json\/wp\/v2\/room?post=135940"},{"taxonomy":"material","embeddable":true,"href":"https:\/\/www.bontempi.it\/fr\/wp-json\/wp\/v2\/material?post=135940"},{"taxonomy":"color","embeddable":true,"href":"https:\/\/www.bontempi.it\/fr\/wp-json\/wp\/v2\/color?post=135940"},{"taxonomy":"certification","embeddable":true,"href":"https:\/\/www.bontempi.it\/fr\/wp-json\/wp\/v2\/certification?post=135940"}],"curies":[{"name":"wp","href":"https:\/\/api.w.org\/{rel}","templated":true}]}}