{"id":129751,"date":"2023-11-09T10:30:13","date_gmt":"2023-11-09T09:30:13","guid":{"rendered":"https:\/\/www.bontempi.it\/product\/badu-bad000101\/"},"modified":"2024-04-26T17:55:43","modified_gmt":"2024-04-26T15:55:43","slug":"badu-bad000101","status":"publish","type":"product","link":"https:\/\/www.bontempi.it\/fr\/badu-bad000101\/","title":{"rendered":"Badu &#8211; BAD000101"},"content":{"rendered":"<p>Pouf rembourr\u00e9 et rev\u00eatu en Cuir \u00c9co Premium, tissu Nordic ou Pure Virgin Wool.<\/p>\n","protected":false},"excerpt":{"rendered":"<p>Pouf rembourr\u00e9 et rev\u00eatu en Cuir \u00c9co Premium, tissu Nordic ou Pure Virgin Wool.<\/p>\n","protected":false},"featured_media":0,"template":"","line":[73982],"kind":[70963,70966],"room":[],"material":[68430,68841,68402,75677,68404,75678,68406,75679,68408,75680,68410,75681,68412,75682,68414,75683,68416,68418,68420,68422,68424,68426,68428],"color":[60635,75039,75171,75753,75754,75755,77336,77344,77346,77349],"certification":[],"class_list":["post-129751","product","type-product","status-publish","hentry","line-badu-fr","kind-occasionals-fr","kind-pouff-fr","material-teno008-fr","material-tns09-fr","material-teno009-fr","material-tesu001-fr","material-teno003-fr","material-tesu002-fr","material-teno015-fr","material-tesu003-fr","material-teno002-fr","material-tesu004-fr","material-teno005-fr","material-tesu005-fr","material-teno007-fr","material-tesu006-fr","material-teno013-fr","material-tesu007-fr","material-teno004-fr","material-teno010-fr","material-teno014-fr","material-teno006-fr","material-teno011-fr","material-teno012-fr","material-teno001-fr","color-beige-fr","color-light-blue-fr","color-white-black-fr","color-blue-fr","color-brown-fr","color-green-fr","color-white-fr","color-grey-fr","color-black-fr","color-red-fr"],"acf":{"sku":"BAD000101","line":[73982],"is_accessory":false,"is_configurable":false,"kind":[70963,70966],"rooms":false,"seats":"","dimensions":{"diameter":"40","x":"","z":"43","y":""},"finishing":{"top":[],"structure":{"68402":68402,"68404":68404,"68406":68406,"68408":68408,"68410":68410,"68412":68412,"68414":68414,"68416":68416,"68418":68418,"68420":68420,"68422":68422,"68424":68424,"68426":68426,"68428":68428,"68430":68430,"68841":68841,"75677":75677,"75678":75678,"75679":75679,"75680":75680,"75681":75681,"75682":75682,"75683":75683},"lower_cuff":[],"upper_cuff":[],"matchable_top":[],"builtin_revolving_central_top":[],"throat":[],"lampshade":[],"back":[],"sitting":[],"cushions":[],"decorative_inner":[],"decorative_inserts":[],"side":[],"support":[],"front_doors":[],"top_front_doors":[],"seat_structure":[],"top_structure":[],"covering":[],"optional_shelf":[],"mirror":[],"side_panels":[],"centerpiece":[]},"colors":{"top":[],"structure":{"75753":75753,"60635":60635,"77346":77346,"77344":77344,"75754":75754,"75755":75755,"77349":77349,"77336":77336,"75039":75039,"75171":75171},"lower_cuff":[],"upper_cuff":[],"matchable_top":[],"builtin_revolving_central_top":[],"throat":[],"lampshade":[],"back":[],"sitting":[],"cushions":[],"decorative_inner":[],"decorative_inserts":[],"side":[],"support":[],"front_doors":[],"top_front_doors":[],"seat_structure":[],"top_structure":[],"covering":[],"optional_shelf":[],"mirror":[],"side_panels":[],"centerpiece":[]},"accessories":"","related":[126334,126451,126470,126850,126852,126869,126870,127251,127332,127400],"gallery":[40416,8200,7831,60895,26639],"product_sheet":"","attachments":null,"videos":null,"silhouette":34436},"_links":{"self":[{"href":"https:\/\/www.bontempi.it\/fr\/wp-json\/wp\/v2\/product\/129751","targetHints":{"allow":["GET"]}}],"collection":[{"href":"https:\/\/www.bontempi.it\/fr\/wp-json\/wp\/v2\/product"}],"about":[{"href":"https:\/\/www.bontempi.it\/fr\/wp-json\/wp\/v2\/types\/product"}],"acf:attachment":[{"embeddable":true,"href":"https:\/\/www.bontempi.it\/fr\/wp-json\/wp\/v2\/media\/26639"},{"embeddable":true,"href":"https:\/\/www.bontempi.it\/fr\/wp-json\/wp\/v2\/media\/60895"},{"embeddable":true,"href":"https:\/\/www.bontempi.it\/fr\/wp-json\/wp\/v2\/media\/7831"},{"embeddable":true,"href":"https:\/\/www.bontempi.it\/fr\/wp-json\/wp\/v2\/media\/8200"},{"embeddable":true,"href":"https:\/\/www.bontempi.it\/fr\/wp-json\/wp\/v2\/media\/40416"}],"acf:post":[{"embeddable":true,"href":"https:\/\/www.bontempi.it\/fr\/wp-json\/wp\/v2\/product\/127400"},{"embeddable":true,"href":"https:\/\/www.bontempi.it\/fr\/wp-json\/wp\/v2\/product\/127332"},{"embeddable":true,"href":"https:\/\/www.bontempi.it\/fr\/wp-json\/wp\/v2\/product\/127251"},{"embeddable":true,"href":"https:\/\/www.bontempi.it\/fr\/wp-json\/wp\/v2\/product\/126870"},{"embeddable":true,"href":"https:\/\/www.bontempi.it\/fr\/wp-json\/wp\/v2\/product\/126869"},{"embeddable":true,"href":"https:\/\/www.bontempi.it\/fr\/wp-json\/wp\/v2\/product\/126852"},{"embeddable":true,"href":"https:\/\/www.bontempi.it\/fr\/wp-json\/wp\/v2\/product\/126850"},{"embeddable":true,"href":"https:\/\/www.bontempi.it\/fr\/wp-json\/wp\/v2\/product\/126470"},{"embeddable":true,"href":"https:\/\/www.bontempi.it\/fr\/wp-json\/wp\/v2\/product\/126451"},{"embeddable":true,"href":"https:\/\/www.bontempi.it\/fr\/wp-json\/wp\/v2\/product\/126334"}],"acf:term":[{"embeddable":true,"taxonomy":"kind","href":"https:\/\/www.bontempi.it\/fr\/wp-json\/wp\/v2\/kind\/70966"},{"embeddable":true,"taxonomy":"kind","href":"https:\/\/www.bontempi.it\/fr\/wp-json\/wp\/v2\/kind\/70963"},{"embeddable":true,"taxonomy":"line","href":"https:\/\/www.bontempi.it\/fr\/wp-json\/wp\/v2\/line\/73982"}],"wp:attachment":[{"href":"https:\/\/www.bontempi.it\/fr\/wp-json\/wp\/v2\/media?parent=129751"}],"wp:term":[{"taxonomy":"line","embeddable":true,"href":"https:\/\/www.bontempi.it\/fr\/wp-json\/wp\/v2\/line?post=129751"},{"taxonomy":"kind","embeddable":true,"href":"https:\/\/www.bontempi.it\/fr\/wp-json\/wp\/v2\/kind?post=129751"},{"taxonomy":"room","embeddable":true,"href":"https:\/\/www.bontempi.it\/fr\/wp-json\/wp\/v2\/room?post=129751"},{"taxonomy":"material","embeddable":true,"href":"https:\/\/www.bontempi.it\/fr\/wp-json\/wp\/v2\/material?post=129751"},{"taxonomy":"color","embeddable":true,"href":"https:\/\/www.bontempi.it\/fr\/wp-json\/wp\/v2\/color?post=129751"},{"taxonomy":"certification","embeddable":true,"href":"https:\/\/www.bontempi.it\/fr\/wp-json\/wp\/v2\/certification?post=129751"}],"curies":[{"name":"wp","href":"https:\/\/api.w.org\/{rel}","templated":true}]}}