{"id":129733,"date":"2023-11-09T10:29:44","date_gmt":"2023-11-09T09:29:44","guid":{"rendered":"https:\/\/www.bontempi.it\/?post_type=product&#038;p=129733"},"modified":"2024-04-26T17:57:20","modified_gmt":"2024-04-26T15:57:20","slug":"papillon-ceiling-to-floor-56-55","status":"publish","type":"product","link":"https:\/\/www.bontempi.it\/fr\/papillon-ciel-terre-5655\/","title":{"rendered":"Papillon ciel terre &#8211; 56.55"},"content":{"rendered":"<p>Lampe ciel-terre, dimmable avec t\u00e9l\u00e9commande, avec sph\u00e8re en verre borosilicat\u00e9 effet sabl\u00e9 et structure en acier laqu\u00e9.<\/p>\n","protected":false},"excerpt":{"rendered":"<p>Lampe ciel-terre, dimmable avec t\u00e9l\u00e9commande, avec sph\u00e8re en verre borosilicat\u00e9 effet sabl\u00e9 et structure en acier laqu\u00e9.<\/p>\n","protected":false},"featured_media":0,"template":"","line":[74192],"kind":[70962],"room":[71460],"material":[68013],"color":[77344],"certification":[],"class_list":["post-129733","product","type-product","status-publish","hentry","line-papillon-ceiling-to-floor-fr","kind-lighting-fr","room-hall-fr","material-m310-fr","color-grey-fr"],"acf":{"sku":"56.55","line":[74192],"is_accessory":false,"is_configurable":true,"kind":[70962],"rooms":[71460],"seats":"","dimensions":{"diameter":"60","x":"","z":"73","y":""},"finishing":{"top":[],"structure":{"68033":68033,"68035":68035},"lower_cuff":[],"upper_cuff":[],"matchable_top":[],"builtin_revolving_central_top":[],"throat":[],"lampshade":[],"back":[],"sitting":[],"cushions":[],"decorative_inner":[],"decorative_inserts":[],"side":[],"support":{"68013":68013},"front_doors":[],"top_front_doors":[],"seat_structure":[],"top_structure":[],"covering":[],"optional_shelf":[],"mirror":[],"side_panels":[],"centerpiece":[]},"colors":{"top":[],"structure":{"77346":77346,"77347":77347},"lower_cuff":[],"upper_cuff":[],"matchable_top":[],"builtin_revolving_central_top":[],"throat":[],"lampshade":[],"back":[],"sitting":[],"cushions":[],"decorative_inner":[],"decorative_inserts":[],"side":[],"support":{"77344":77344},"front_doors":[],"top_front_doors":[],"seat_structure":[],"top_structure":[],"covering":[],"optional_shelf":[],"mirror":[],"side_panels":[],"centerpiece":[]},"accessories":"","related":"","gallery":[123874,123589,123864],"product_sheet":"https:\/\/www.bontempi.it\/wp-content\/uploads\/2024\/02\/Papillon-cielo-terra-56.55.pdf","attachments":null,"videos":null,"silhouette":124124},"_links":{"self":[{"href":"https:\/\/www.bontempi.it\/fr\/wp-json\/wp\/v2\/product\/129733","targetHints":{"allow":["GET"]}}],"collection":[{"href":"https:\/\/www.bontempi.it\/fr\/wp-json\/wp\/v2\/product"}],"about":[{"href":"https:\/\/www.bontempi.it\/fr\/wp-json\/wp\/v2\/types\/product"}],"acf:attachment":[{"embeddable":true,"href":"https:\/\/www.bontempi.it\/fr\/wp-json\/wp\/v2\/media\/123864"},{"embeddable":true,"href":"https:\/\/www.bontempi.it\/fr\/wp-json\/wp\/v2\/media\/123589"},{"embeddable":true,"href":"https:\/\/www.bontempi.it\/fr\/wp-json\/wp\/v2\/media\/123874"}],"acf:term":[{"embeddable":true,"taxonomy":"room","href":"https:\/\/www.bontempi.it\/fr\/wp-json\/wp\/v2\/room\/71460"},{"embeddable":true,"taxonomy":"kind","href":"https:\/\/www.bontempi.it\/fr\/wp-json\/wp\/v2\/kind\/70962"},{"embeddable":true,"taxonomy":"line","href":"https:\/\/www.bontempi.it\/fr\/wp-json\/wp\/v2\/line\/74192"}],"wp:attachment":[{"href":"https:\/\/www.bontempi.it\/fr\/wp-json\/wp\/v2\/media?parent=129733"}],"wp:term":[{"taxonomy":"line","embeddable":true,"href":"https:\/\/www.bontempi.it\/fr\/wp-json\/wp\/v2\/line?post=129733"},{"taxonomy":"kind","embeddable":true,"href":"https:\/\/www.bontempi.it\/fr\/wp-json\/wp\/v2\/kind?post=129733"},{"taxonomy":"room","embeddable":true,"href":"https:\/\/www.bontempi.it\/fr\/wp-json\/wp\/v2\/room?post=129733"},{"taxonomy":"material","embeddable":true,"href":"https:\/\/www.bontempi.it\/fr\/wp-json\/wp\/v2\/material?post=129733"},{"taxonomy":"color","embeddable":true,"href":"https:\/\/www.bontempi.it\/fr\/wp-json\/wp\/v2\/color?post=129733"},{"taxonomy":"certification","embeddable":true,"href":"https:\/\/www.bontempi.it\/fr\/wp-json\/wp\/v2\/certification?post=129733"}],"curies":[{"name":"wp","href":"https:\/\/api.w.org\/{rel}","templated":true}]}}