{"id":129720,"date":"2023-11-09T10:29:09","date_gmt":"2023-11-09T09:29:09","guid":{"rendered":"https:\/\/www.bontempi.it\/product\/blow-56-35stm\/"},"modified":"2024-04-26T17:58:31","modified_gmt":"2024-04-26T15:58:31","slug":"blow-56-35stm","status":"publish","type":"product","link":"https:\/\/www.bontempi.it\/fr\/blow-5635stm\/","title":{"rendered":"Blow &#8211; 56.35STM"},"content":{"rendered":"<p>Lampe moyenne sospendue pour composition \u00e0 grappe &#8211; assorti \u00e0 la rosace 56.35RS (\u00e0 commander s\u00e9par\u00e9ment) &#8211; avec structure et d\u00e9centralisation en laiton naturel et verre borosilicat\u00e9.<\/p>\n","protected":false},"excerpt":{"rendered":"<p>Lampe moyenne sospendue pour composition \u00e0 grappe &#8211; assorti \u00e0 la rosace 56.35RS (\u00e0 commander s\u00e9par\u00e9ment) &#8211; avec structure et d\u00e9centralisation en laiton naturel et verre borosilicat\u00e9.<\/p>\n","protected":false},"featured_media":0,"template":"","line":[73986],"kind":[70962],"room":[71460,71464],"material":[67881,67882],"color":[75856,77345],"certification":[],"class_list":["post-129720","product","type-product","status-publish","hentry","line-blow-fr","kind-lighting-fr","room-hall-fr","room-contract-fr","material-v009-fr","material-v001-fr","color-transparent-fr","color-chocolate-fr"],"acf":{"sku":"56.35STM","line":[73986],"is_accessory":false,"is_configurable":true,"kind":[70962],"rooms":[71460,71464],"seats":"","dimensions":{"diameter":"21","x":"","z":"34","y":""},"finishing":{"top":[],"structure":{"68038":68038},"lower_cuff":[],"upper_cuff":[],"matchable_top":[],"builtin_revolving_central_top":[],"throat":[],"lampshade":{"67881":67881,"67882":67882},"back":[],"sitting":[],"cushions":[],"decorative_inner":[],"decorative_inserts":[],"side":[],"support":[],"front_doors":[],"top_front_doors":[],"seat_structure":[],"top_structure":[],"covering":[],"optional_shelf":[],"mirror":[],"side_panels":[],"centerpiece":[]},"colors":{"top":[],"structure":{"77345":77345},"lower_cuff":[],"upper_cuff":[],"matchable_top":[],"builtin_revolving_central_top":[],"throat":[],"lampshade":{"77345":77345,"75856":75856},"back":[],"sitting":[],"cushions":[],"decorative_inner":[],"decorative_inserts":[],"side":[],"support":[],"front_doors":[],"top_front_doors":[],"seat_structure":[],"top_structure":[],"covering":[],"optional_shelf":[],"mirror":[],"side_panels":[],"centerpiece":[]},"accessories":"","related":[126984,127139],"gallery":[11922],"product_sheet":"https:\/\/www.bontempi.it\/wp-content\/uploads\/2023\/03\/Blow-per-grappolo-5635STB_M_S.pdf","attachments":null,"videos":null,"silhouette":25796},"_links":{"self":[{"href":"https:\/\/www.bontempi.it\/fr\/wp-json\/wp\/v2\/product\/129720","targetHints":{"allow":["GET"]}}],"collection":[{"href":"https:\/\/www.bontempi.it\/fr\/wp-json\/wp\/v2\/product"}],"about":[{"href":"https:\/\/www.bontempi.it\/fr\/wp-json\/wp\/v2\/types\/product"}],"acf:attachment":[{"embeddable":true,"href":"https:\/\/www.bontempi.it\/fr\/wp-json\/wp\/v2\/media\/11922"}],"acf:post":[{"embeddable":true,"href":"https:\/\/www.bontempi.it\/fr\/wp-json\/wp\/v2\/product\/127139"},{"embeddable":true,"href":"https:\/\/www.bontempi.it\/fr\/wp-json\/wp\/v2\/product\/126984"}],"acf:term":[{"embeddable":true,"taxonomy":"room","href":"https:\/\/www.bontempi.it\/fr\/wp-json\/wp\/v2\/room\/71464"},{"embeddable":true,"taxonomy":"room","href":"https:\/\/www.bontempi.it\/fr\/wp-json\/wp\/v2\/room\/71460"},{"embeddable":true,"taxonomy":"kind","href":"https:\/\/www.bontempi.it\/fr\/wp-json\/wp\/v2\/kind\/70962"},{"embeddable":true,"taxonomy":"line","href":"https:\/\/www.bontempi.it\/fr\/wp-json\/wp\/v2\/line\/73986"}],"wp:attachment":[{"href":"https:\/\/www.bontempi.it\/fr\/wp-json\/wp\/v2\/media?parent=129720"}],"wp:term":[{"taxonomy":"line","embeddable":true,"href":"https:\/\/www.bontempi.it\/fr\/wp-json\/wp\/v2\/line?post=129720"},{"taxonomy":"kind","embeddable":true,"href":"https:\/\/www.bontempi.it\/fr\/wp-json\/wp\/v2\/kind?post=129720"},{"taxonomy":"room","embeddable":true,"href":"https:\/\/www.bontempi.it\/fr\/wp-json\/wp\/v2\/room?post=129720"},{"taxonomy":"material","embeddable":true,"href":"https:\/\/www.bontempi.it\/fr\/wp-json\/wp\/v2\/material?post=129720"},{"taxonomy":"color","embeddable":true,"href":"https:\/\/www.bontempi.it\/fr\/wp-json\/wp\/v2\/color?post=129720"},{"taxonomy":"certification","embeddable":true,"href":"https:\/\/www.bontempi.it\/fr\/wp-json\/wp\/v2\/certification?post=129720"}],"curies":[{"name":"wp","href":"https:\/\/api.w.org\/{rel}","templated":true}]}}