{"id":129665,"date":"2023-11-09T10:26:50","date_gmt":"2023-11-09T09:26:50","guid":{"rendered":"https:\/\/www.bontempi.it\/product\/louis-53-59\/"},"modified":"2024-04-26T18:07:10","modified_gmt":"2024-04-26T16:07:10","slug":"louis-53-59","status":"publish","type":"product","link":"https:\/\/www.bontempi.it\/fr\/louis-5359\/","title":{"rendered":"Louis &#8211; 53.59"},"content":{"rendered":"<p>Table rectangulaire avec allonges et structure en acier laqu\u00e9. Plateau en bois plaqu\u00e9, Verre brillant, Verre velvet anti-rayures opaque SuperC\u00e9ramique et SuperMarbree.<\/p>\n","protected":false},"excerpt":{"rendered":"<p>Table rectangulaire avec allonges et structure en acier laqu\u00e9. Plateau en bois plaqu\u00e9, Verre brillant, Verre velvet anti-rayures opaque SuperC\u00e9ramique et SuperMarbree.<\/p>\n","protected":false},"featured_media":0,"template":"","line":[74139],"kind":[70941,70943,70950],"room":[71459],"material":[68037,68040,68042,68044,68270,68272,75897,68013,68015,68016,68029,68033,68034,68035,68036],"color":[77347,77348,77614,77615,77616,60635,75045,75630,75856,77336,77344,77345,77346],"certification":[],"class_list":["post-129665","product","type-product","status-publish","hentry","line-louis-fr","kind-tables-fr","kind-extendible-fr","kind-extendible-rectangular-fr","room-living-fr","material-m328-fr","material-m028-fr","material-m312-fr","material-m307-fr","material-cm005a-fr","material-cm025a-fr","material-cm027a-fr-fr","material-m310-fr","material-m326-fr","material-m306-fr","material-m097-fr","material-m055-fr","material-m327-fr","material-m325-fr","material-m329-fr","color-gold-fr","color-pink-gold-fr","color-bianco-fr","color-nero-fr","color-grigio-fr","color-beige-fr","color-multicolor-fr","color-silver-fr","color-transparent-fr","color-white-fr","color-grey-fr","color-chocolate-fr","color-black-fr"],"acf":{"sku":"53.59","line":[74139],"is_accessory":false,"is_configurable":true,"kind":[70941,70943,70950],"rooms":[71459],"seats":"8","dimensions":{"diameter":"","x":"160\/200\/240","z":"90","y":"75"},"finishing":{"top":[65912,65914,65918,65922,65931,65935,65944,65989,65991,65993,66273,66276,66278,66281,66284,66287,66289,66291,66293,66294,66298,66300,75655],"structure":[66041,66043,66044,66057,66061,66062,66063,66064,66065,66068,66070,66072],"lower_cuff":[],"upper_cuff":[],"matchable_top":[],"builtin_revolving_central_top":[],"throat":[],"lampshade":[],"back":[],"sitting":[],"cushions":[],"decorative_inner":[],"decorative_inserts":[66041,66043,66044,66057,66061,66062,66063,66064,66065,66068,66070,66072],"side":[],"support":[],"front_doors":[],"top_front_doors":[],"seat_structure":[],"top_structure":[],"covering":[],"optional_shelf":[],"mirror":[],"side_panels":[],"centerpiece":[]},"colors":{"top":[58739,58741,58745,58749,58753,58764,58767],"structure":[58739,58741,58745,58747,58749,58756,58762,58767],"lower_cuff":[],"upper_cuff":[],"matchable_top":[],"builtin_revolving_central_top":[],"throat":[],"lampshade":[],"back":[],"sitting":[],"cushions":[],"decorative_inner":[],"decorative_inserts":[58739,58741,58745,58747,58749,58756,58762,58767],"side":[],"support":[],"front_doors":[],"top_front_doors":[],"seat_structure":[],"top_structure":[],"covering":[],"optional_shelf":[],"mirror":[],"side_panels":[],"centerpiece":[]},"accessories":"","related":[126748,127201,127191],"gallery":[104453,104448,104458,104478,104463],"product_sheet":"https:\/\/www.bontempi.it\/wp-content\/uploads\/2023\/03\/Louis-53.59-60-61-Allungabile-Rettangolare.pdf","attachments":null,"videos":null,"silhouette":103718},"_links":{"self":[{"href":"https:\/\/www.bontempi.it\/fr\/wp-json\/wp\/v2\/product\/129665","targetHints":{"allow":["GET"]}}],"collection":[{"href":"https:\/\/www.bontempi.it\/fr\/wp-json\/wp\/v2\/product"}],"about":[{"href":"https:\/\/www.bontempi.it\/fr\/wp-json\/wp\/v2\/types\/product"}],"acf:attachment":[{"embeddable":true,"href":"https:\/\/www.bontempi.it\/fr\/wp-json\/wp\/v2\/media\/104463"},{"embeddable":true,"href":"https:\/\/www.bontempi.it\/fr\/wp-json\/wp\/v2\/media\/104478"},{"embeddable":true,"href":"https:\/\/www.bontempi.it\/fr\/wp-json\/wp\/v2\/media\/104458"},{"embeddable":true,"href":"https:\/\/www.bontempi.it\/fr\/wp-json\/wp\/v2\/media\/104448"},{"embeddable":true,"href":"https:\/\/www.bontempi.it\/fr\/wp-json\/wp\/v2\/media\/104453"}],"acf:post":[{"embeddable":true,"href":"https:\/\/www.bontempi.it\/fr\/wp-json\/wp\/v2\/product\/127191"},{"embeddable":true,"href":"https:\/\/www.bontempi.it\/fr\/wp-json\/wp\/v2\/product\/127201"},{"embeddable":true,"href":"https:\/\/www.bontempi.it\/fr\/wp-json\/wp\/v2\/product\/126748"}],"acf:term":[{"embeddable":true,"taxonomy":"room","href":"https:\/\/www.bontempi.it\/fr\/wp-json\/wp\/v2\/room\/71459"},{"embeddable":true,"taxonomy":"kind","href":"https:\/\/www.bontempi.it\/fr\/wp-json\/wp\/v2\/kind\/70950"},{"embeddable":true,"taxonomy":"kind","href":"https:\/\/www.bontempi.it\/fr\/wp-json\/wp\/v2\/kind\/70943"},{"embeddable":true,"taxonomy":"kind","href":"https:\/\/www.bontempi.it\/fr\/wp-json\/wp\/v2\/kind\/70941"},{"embeddable":true,"taxonomy":"line","href":"https:\/\/www.bontempi.it\/fr\/wp-json\/wp\/v2\/line\/74139"}],"wp:attachment":[{"href":"https:\/\/www.bontempi.it\/fr\/wp-json\/wp\/v2\/media?parent=129665"}],"wp:term":[{"taxonomy":"line","embeddable":true,"href":"https:\/\/www.bontempi.it\/fr\/wp-json\/wp\/v2\/line?post=129665"},{"taxonomy":"kind","embeddable":true,"href":"https:\/\/www.bontempi.it\/fr\/wp-json\/wp\/v2\/kind?post=129665"},{"taxonomy":"room","embeddable":true,"href":"https:\/\/www.bontempi.it\/fr\/wp-json\/wp\/v2\/room?post=129665"},{"taxonomy":"material","embeddable":true,"href":"https:\/\/www.bontempi.it\/fr\/wp-json\/wp\/v2\/material?post=129665"},{"taxonomy":"color","embeddable":true,"href":"https:\/\/www.bontempi.it\/fr\/wp-json\/wp\/v2\/color?post=129665"},{"taxonomy":"certification","embeddable":true,"href":"https:\/\/www.bontempi.it\/fr\/wp-json\/wp\/v2\/certification?post=129665"}],"curies":[{"name":"wp","href":"https:\/\/api.w.org\/{rel}","templated":true}]}}