{"id":129653,"date":"2023-11-09T10:26:50","date_gmt":"2023-11-09T09:26:50","guid":{"rendered":"https:\/\/www.bontempi.it\/product\/bridge-53-45\/"},"modified":"2024-04-26T18:06:32","modified_gmt":"2024-04-26T16:06:32","slug":"bridge-53-45","status":"publish","type":"product","link":"https:\/\/www.bontempi.it\/fr\/bridge-5345\/","title":{"rendered":"Bridge &#8211; 53.45"},"content":{"rendered":"<p>Table extensible avec structure et d\u00e9tails d\u00e9coratifs en M\u00e9tal laqu\u00e9, Plateau et allonges en Verre, Verre velvet anti-rayures opaque et SuperMarbree.<\/p>\n","protected":false},"excerpt":{"rendered":"<p>Table extensible avec structure et d\u00e9tails d\u00e9coratifs en M\u00e9tal laqu\u00e9, Plateau et allonges en Verre, Verre velvet anti-rayures opaque et SuperMarbree.<\/p>\n","protected":false},"featured_media":0,"template":"","line":[73993],"kind":[70943,70950,70941],"room":[71461],"material":[68015,68016,68029,68033,68034,68035,68036,68037,68040,68042,68044,68013],"color":[75630,77336,77344,77345,77346,77347,77348,60635],"certification":[60769],"class_list":["post-129653","product","type-product","status-publish","hentry","line-bridge-fr","kind-extendible-fr","kind-extendible-rectangular-fr","kind-tables-fr","room-kitchen-fr","material-m326-fr","material-m306-fr","material-m097-fr","material-m055-fr","material-m327-fr","material-m325-fr","material-m329-fr","material-m328-fr","material-m028-fr","material-m312-fr","material-m307-fr","material-m310-fr","color-silver-fr","color-white-fr","color-grey-fr","color-chocolate-fr","color-black-fr","color-gold-fr","color-pink-gold-fr","color-beige-fr","certification-legno-massello-fr"],"acf":{"sku":"53.45","line":[73993],"is_accessory":false,"is_configurable":true,"kind":[70941,70943,70950],"rooms":[71461],"seats":"10","dimensions":{"diameter":"","x":"160\/200\/240","z":"90","y":"75"},"finishing":{"top":{"67884":67884,"67886":67886,"67890":67890,"67894":67894,"67903":67903,"67907":67907,"67916":67916,"67919":67919,"67920":67920,"68259":68259,"68261":68261,"68263":68263,"68270":68270,"68272":68272,"77587":77587},"structure":{"68013":68013,"68015":68015,"68016":68016,"68029":68029,"68033":68033,"68034":68034,"68035":68035,"68036":68036,"68037":68037,"68040":68040,"68042":68042,"68044":68044},"lower_cuff":[],"upper_cuff":[],"matchable_top":[],"builtin_revolving_central_top":[],"throat":[],"lampshade":[],"back":[],"sitting":[],"cushions":[],"decorative_inner":[],"decorative_inserts":{"68013":68013,"68015":68015,"68016":68016,"68029":68029,"68033":68033,"68034":68034,"68035":68035,"68036":68036,"68037":68037,"68040":68040,"68042":68042,"68044":68044},"side":[],"support":[],"front_doors":[],"top_front_doors":[],"seat_structure":[],"top_structure":[],"covering":[],"optional_shelf":[],"mirror":[],"side_panels":[],"centerpiece":[]},"colors":{"top":{"77344":77344,"77336":77336,"77346":77346,"60635":60635,"75856":75856,"77345":77345,"75756":75756},"structure":{"77344":77344,"75630":75630,"77336":77336,"77346":77346,"77347":77347,"77348":77348,"77345":77345,"60635":60635},"lower_cuff":[],"upper_cuff":[],"matchable_top":[],"builtin_revolving_central_top":[],"throat":[],"lampshade":[],"back":[],"sitting":[],"cushions":[],"decorative_inner":[],"decorative_inserts":{"77344":77344,"75630":75630,"77336":77336,"77346":77346,"77347":77347,"77348":77348,"77345":77345,"60635":60635},"side":[],"support":[],"front_doors":[],"top_front_doors":[],"seat_structure":[],"top_structure":[],"covering":[],"optional_shelf":[],"mirror":[],"side_panels":[],"centerpiece":[]},"accessories":"","related":[127254],"gallery":[29993],"product_sheet":"https:\/\/www.bontempi.it\/wp-content\/uploads\/2023\/03\/Bridge-53.45-46-Allungabile.pdf","attachments":null,"videos":[{"label":"Montaggio ed uso","file":""}],"silhouette":25774},"_links":{"self":[{"href":"https:\/\/www.bontempi.it\/fr\/wp-json\/wp\/v2\/product\/129653","targetHints":{"allow":["GET"]}}],"collection":[{"href":"https:\/\/www.bontempi.it\/fr\/wp-json\/wp\/v2\/product"}],"about":[{"href":"https:\/\/www.bontempi.it\/fr\/wp-json\/wp\/v2\/types\/product"}],"acf:attachment":[{"embeddable":true,"href":"https:\/\/www.bontempi.it\/fr\/wp-json\/wp\/v2\/media\/29993"}],"acf:post":[{"embeddable":true,"href":"https:\/\/www.bontempi.it\/fr\/wp-json\/wp\/v2\/product\/127254"}],"acf:term":[{"embeddable":true,"taxonomy":"room","href":"https:\/\/www.bontempi.it\/fr\/wp-json\/wp\/v2\/room\/71461"},{"embeddable":true,"taxonomy":"kind","href":"https:\/\/www.bontempi.it\/fr\/wp-json\/wp\/v2\/kind\/70950"},{"embeddable":true,"taxonomy":"kind","href":"https:\/\/www.bontempi.it\/fr\/wp-json\/wp\/v2\/kind\/70943"},{"embeddable":true,"taxonomy":"kind","href":"https:\/\/www.bontempi.it\/fr\/wp-json\/wp\/v2\/kind\/70941"},{"embeddable":true,"taxonomy":"line","href":"https:\/\/www.bontempi.it\/fr\/wp-json\/wp\/v2\/line\/73993"}],"wp:attachment":[{"href":"https:\/\/www.bontempi.it\/fr\/wp-json\/wp\/v2\/media?parent=129653"}],"wp:term":[{"taxonomy":"line","embeddable":true,"href":"https:\/\/www.bontempi.it\/fr\/wp-json\/wp\/v2\/line?post=129653"},{"taxonomy":"kind","embeddable":true,"href":"https:\/\/www.bontempi.it\/fr\/wp-json\/wp\/v2\/kind?post=129653"},{"taxonomy":"room","embeddable":true,"href":"https:\/\/www.bontempi.it\/fr\/wp-json\/wp\/v2\/room?post=129653"},{"taxonomy":"material","embeddable":true,"href":"https:\/\/www.bontempi.it\/fr\/wp-json\/wp\/v2\/material?post=129653"},{"taxonomy":"color","embeddable":true,"href":"https:\/\/www.bontempi.it\/fr\/wp-json\/wp\/v2\/color?post=129653"},{"taxonomy":"certification","embeddable":true,"href":"https:\/\/www.bontempi.it\/fr\/wp-json\/wp\/v2\/certification?post=129653"}],"curies":[{"name":"wp","href":"https:\/\/api.w.org\/{rel}","templated":true}]}}