{"id":129641,"date":"2023-11-09T10:26:05","date_gmt":"2023-11-09T09:26:05","guid":{"rendered":"https:\/\/www.bontempi.it\/product\/delta-53-31\/"},"modified":"2024-04-30T10:12:34","modified_gmt":"2024-04-30T08:12:34","slug":"delta-53-31","status":"publish","type":"product","link":"https:\/\/www.bontempi.it\/fr\/delta-5331\/","title":{"rendered":"Delta &#8211; 53.31"},"content":{"rendered":"<p>Table fixe rectangulaire, structure et d\u00e9tails d\u00e9coratifs en m\u00e9tal laqu\u00e9, Plateau en SuperMarbree.<\/p>\n","protected":false},"excerpt":{"rendered":"<p>Table fixe rectangulaire, structure et d\u00e9tails d\u00e9coratifs en m\u00e9tal laqu\u00e9, Plateau en SuperMarbree.<\/p>\n","protected":false},"featured_media":0,"template":"","line":[74032],"kind":[70941,70942,70944],"room":[71464],"material":[68037,68040,68042,68044,68013,68015,68016,68029,68033,68034,68035,68036],"color":[60635,75630,77336,77344,77345,77346,77347,77348],"certification":[60752],"class_list":["post-129641","product","type-product","status-publish","hentry","line-delta-fr","kind-tables-fr","kind-fixed-fr","kind-fixed-rectangular-fr","room-contract-fr","material-m328-fr","material-m028-fr","material-m312-fr","material-m307-fr","material-m310-fr","material-m326-fr","material-m306-fr","material-m097-fr","material-m055-fr","material-m327-fr","material-m325-fr","material-m329-fr","color-beige-fr","color-silver-fr","color-white-fr","color-grey-fr","color-chocolate-fr","color-black-fr","color-gold-fr","color-pink-gold-fr","certification-en-15372-16-en-1730-12-fr"],"acf":{"sku":"53.31","line":[74032],"is_accessory":false,"is_configurable":true,"kind":[70941,70942,70944],"rooms":[71464],"seats":"10","dimensions":{"diameter":"","x":"250","z":"100","y":"75"},"finishing":{"top":{"67884":67884,"67886":67886,"67890":67890,"67894":67894,"67907":67907,"67916":67916,"67959":67959,"67961":67961,"67963":67963,"67965":67965,"67990":67990,"67991":67991,"67993":67993,"68244":68244,"68247":68247,"68249":68249,"68252":68252,"68255":68255,"68258":68258,"68260":68260,"68262":68262,"68264":68264,"68267":68267,"68269":68269,"68271":68271,"75684":75684},"structure":{"68013":68013,"68015":68015,"68016":68016,"68029":68029,"68033":68033,"68034":68034,"68035":68035,"68036":68036,"68037":68037,"68040":68040,"68042":68042,"68044":68044},"lower_cuff":[],"upper_cuff":[],"matchable_top":[],"builtin_revolving_central_top":[],"throat":[],"lampshade":[],"back":[],"sitting":[],"cushions":[],"decorative_inner":[],"decorative_inserts":{"68013":68013,"68015":68015,"68016":68016,"68029":68029,"68033":68033,"68034":68034,"68035":68035,"68036":68036,"68037":68037,"68040":68040,"68042":68042,"68044":68044},"side":[],"support":[],"front_doors":[],"top_front_doors":[],"seat_structure":[],"top_structure":[],"covering":[],"optional_shelf":[],"mirror":[],"side_panels":[],"centerpiece":[]},"colors":{"top":{"77344":77344,"77336":77336,"77346":77346,"60635":60635,"77345":77345,"75045":75045},"structure":{"77344":77344,"75630":75630,"77336":77336,"77346":77346,"77347":77347,"77348":77348,"77345":77345,"60635":60635},"lower_cuff":[],"upper_cuff":[],"matchable_top":[],"builtin_revolving_central_top":[],"throat":[],"lampshade":[],"back":[],"sitting":[],"cushions":[],"decorative_inner":[],"decorative_inserts":{"77344":77344,"75630":75630,"77336":77336,"77346":77346,"77347":77347,"77348":77348,"77345":77345,"60635":60635},"side":[],"support":[],"front_doors":[],"top_front_doors":[],"seat_structure":[],"top_structure":[],"covering":[],"optional_shelf":[],"mirror":[],"side_panels":[],"centerpiece":[]},"accessories":"","related":[126846],"gallery":[30301],"product_sheet":"https:\/\/www.bontempi.it\/wp-content\/uploads\/2023\/03\/Delta-53.29-30-31-32-Rettangolare.pdf","attachments":null,"videos":null,"silhouette":25767},"_links":{"self":[{"href":"https:\/\/www.bontempi.it\/fr\/wp-json\/wp\/v2\/product\/129641","targetHints":{"allow":["GET"]}}],"collection":[{"href":"https:\/\/www.bontempi.it\/fr\/wp-json\/wp\/v2\/product"}],"about":[{"href":"https:\/\/www.bontempi.it\/fr\/wp-json\/wp\/v2\/types\/product"}],"acf:attachment":[{"embeddable":true,"href":"https:\/\/www.bontempi.it\/fr\/wp-json\/wp\/v2\/media\/30301"}],"acf:post":[{"embeddable":true,"href":"https:\/\/www.bontempi.it\/fr\/wp-json\/wp\/v2\/product\/126846"}],"acf:term":[{"embeddable":true,"taxonomy":"room","href":"https:\/\/www.bontempi.it\/fr\/wp-json\/wp\/v2\/room\/71464"},{"embeddable":true,"taxonomy":"kind","href":"https:\/\/www.bontempi.it\/fr\/wp-json\/wp\/v2\/kind\/70944"},{"embeddable":true,"taxonomy":"kind","href":"https:\/\/www.bontempi.it\/fr\/wp-json\/wp\/v2\/kind\/70942"},{"embeddable":true,"taxonomy":"kind","href":"https:\/\/www.bontempi.it\/fr\/wp-json\/wp\/v2\/kind\/70941"},{"embeddable":true,"taxonomy":"line","href":"https:\/\/www.bontempi.it\/fr\/wp-json\/wp\/v2\/line\/74032"}],"wp:attachment":[{"href":"https:\/\/www.bontempi.it\/fr\/wp-json\/wp\/v2\/media?parent=129641"}],"wp:term":[{"taxonomy":"line","embeddable":true,"href":"https:\/\/www.bontempi.it\/fr\/wp-json\/wp\/v2\/line?post=129641"},{"taxonomy":"kind","embeddable":true,"href":"https:\/\/www.bontempi.it\/fr\/wp-json\/wp\/v2\/kind?post=129641"},{"taxonomy":"room","embeddable":true,"href":"https:\/\/www.bontempi.it\/fr\/wp-json\/wp\/v2\/room?post=129641"},{"taxonomy":"material","embeddable":true,"href":"https:\/\/www.bontempi.it\/fr\/wp-json\/wp\/v2\/material?post=129641"},{"taxonomy":"color","embeddable":true,"href":"https:\/\/www.bontempi.it\/fr\/wp-json\/wp\/v2\/color?post=129641"},{"taxonomy":"certification","embeddable":true,"href":"https:\/\/www.bontempi.it\/fr\/wp-json\/wp\/v2\/certification?post=129641"}],"curies":[{"name":"wp","href":"https:\/\/api.w.org\/{rel}","templated":true}]}}