{"id":129635,"date":"2023-11-09T10:26:05","date_gmt":"2023-11-09T09:26:05","guid":{"rendered":"https:\/\/www.bontempi.it\/product\/delta-53-25\/"},"modified":"2024-04-30T10:12:28","modified_gmt":"2024-04-30T08:12:28","slug":"delta-53-25","status":"publish","type":"product","link":"https:\/\/www.bontempi.it\/fr\/delta-5325\/","title":{"rendered":"Delta &#8211; 53.25"},"content":{"rendered":"<p>Table fixe avec plateau ovale structure et d\u00e9tails d\u00e9coratifs en m\u00e9tal laqu\u00e9, Plateau en SuperMarbree.<\/p>\n","protected":false},"excerpt":{"rendered":"<p>Table fixe avec plateau ovale structure et d\u00e9tails d\u00e9coratifs en m\u00e9tal laqu\u00e9, Plateau en SuperMarbree.<\/p>\n","protected":false},"featured_media":0,"template":"","line":[74032],"kind":[70941,70942,70945],"room":[71464],"material":[68035,68036,68037,68040,68042,68044,68244,68249,77585,68013,68015,68016,68029,68033,68034],"color":[77346,77347,77348,60635,75630,75756,77336,77344,77345],"certification":[60752],"class_list":["post-129635","product","type-product","status-publish","hentry","line-delta-fr","kind-tables-fr","kind-fixed-fr","kind-fixed-barrel-fr","room-contract-fr","material-m325-fr","material-m329-fr","material-m328-fr","material-m028-fr","material-m312-fr","material-m307-fr","material-cr002-fr","material-cr006-fr","material-cm015","material-m310-fr","material-m326-fr","material-m306-fr","material-m097-fr","material-m055-fr","material-m327-fr","color-black-fr","color-gold-fr","color-pink-gold-fr","color-beige-fr","color-silver-fr","color-orange-fr","color-white-fr","color-grey-fr","color-chocolate-fr","certification-en-15372-16-en-1730-12-fr"],"acf":{"sku":"53.25","line":[74032],"is_accessory":false,"is_configurable":true,"kind":[70941,70942,70945],"rooms":[71464],"seats":"8","dimensions":{"diameter":"","x":"200","z":"116","y":"75"},"finishing":{"top":{"67959":67959,"67963":67963,"67965":67965,"68244":68244,"68249":68249,"68255":68255,"68260":68260,"68262":68262,"68264":68264,"68267":68267,"68269":68269,"68271":68271,"75467":75467,"75452":75452,"75471":75471,"75684":75684},"structure":{"68013":68013,"68015":68015,"68016":68016,"68029":68029,"68033":68033,"68034":68034,"68035":68035,"68036":68036,"68037":68037,"68040":68040,"68042":68042,"68044":68044},"lower_cuff":[],"upper_cuff":[],"matchable_top":[],"builtin_revolving_central_top":[],"throat":[],"lampshade":[],"back":[],"sitting":[],"cushions":[],"decorative_inner":[],"decorative_inserts":{"68013":68013,"68015":68015,"68016":68016,"68029":68029,"68033":68033,"68034":68034,"68035":68035,"68036":68036,"68037":68037,"68040":68040,"68042":68042,"68044":68044,"68244":68244,"68249":68249,"77585":77585},"side":[],"support":[],"front_doors":[],"top_front_doors":[],"seat_structure":[],"top_structure":[],"covering":[],"optional_shelf":[],"mirror":[],"side_panels":[],"centerpiece":[]},"colors":{"top":{"60635":60635,"77345":77345,"77344":77344,"77336":77336,"75045":75045,"77346":77346,"77349":77349,"77347":77347},"structure":{"77344":77344,"75630":75630,"77336":77336,"77346":77346,"77347":77347,"77348":77348,"77345":77345,"60635":60635},"lower_cuff":[],"upper_cuff":[],"matchable_top":[],"builtin_revolving_central_top":[],"throat":[],"lampshade":[],"back":[],"sitting":[],"cushions":[],"decorative_inner":[],"decorative_inserts":{"77344":77344,"75630":75630,"77336":77336,"77346":77346,"77347":77347,"77348":77348,"77345":77345,"60635":60635,"75756":75756},"side":[],"support":[],"front_doors":[],"top_front_doors":[],"seat_structure":[],"top_structure":[],"covering":[],"optional_shelf":[],"mirror":[],"side_panels":[],"centerpiece":[]},"accessories":"","related":[126944,126984,127007,127263],"gallery":[30285],"product_sheet":"https:\/\/www.bontempi.it\/wp-content\/uploads\/2023\/03\/Delta-53.25-26-Botte.pdf","attachments":null,"videos":null,"silhouette":25767},"_links":{"self":[{"href":"https:\/\/www.bontempi.it\/fr\/wp-json\/wp\/v2\/product\/129635","targetHints":{"allow":["GET"]}}],"collection":[{"href":"https:\/\/www.bontempi.it\/fr\/wp-json\/wp\/v2\/product"}],"about":[{"href":"https:\/\/www.bontempi.it\/fr\/wp-json\/wp\/v2\/types\/product"}],"acf:attachment":[{"embeddable":true,"href":"https:\/\/www.bontempi.it\/fr\/wp-json\/wp\/v2\/media\/30285"}],"acf:post":[{"embeddable":true,"href":"https:\/\/www.bontempi.it\/fr\/wp-json\/wp\/v2\/product\/127263"},{"embeddable":true,"href":"https:\/\/www.bontempi.it\/fr\/wp-json\/wp\/v2\/product\/127007"},{"embeddable":true,"href":"https:\/\/www.bontempi.it\/fr\/wp-json\/wp\/v2\/product\/126984"},{"embeddable":true,"href":"https:\/\/www.bontempi.it\/fr\/wp-json\/wp\/v2\/product\/126944"}],"acf:term":[{"embeddable":true,"taxonomy":"room","href":"https:\/\/www.bontempi.it\/fr\/wp-json\/wp\/v2\/room\/71464"},{"embeddable":true,"taxonomy":"kind","href":"https:\/\/www.bontempi.it\/fr\/wp-json\/wp\/v2\/kind\/70945"},{"embeddable":true,"taxonomy":"kind","href":"https:\/\/www.bontempi.it\/fr\/wp-json\/wp\/v2\/kind\/70942"},{"embeddable":true,"taxonomy":"kind","href":"https:\/\/www.bontempi.it\/fr\/wp-json\/wp\/v2\/kind\/70941"},{"embeddable":true,"taxonomy":"line","href":"https:\/\/www.bontempi.it\/fr\/wp-json\/wp\/v2\/line\/74032"}],"wp:attachment":[{"href":"https:\/\/www.bontempi.it\/fr\/wp-json\/wp\/v2\/media?parent=129635"}],"wp:term":[{"taxonomy":"line","embeddable":true,"href":"https:\/\/www.bontempi.it\/fr\/wp-json\/wp\/v2\/line?post=129635"},{"taxonomy":"kind","embeddable":true,"href":"https:\/\/www.bontempi.it\/fr\/wp-json\/wp\/v2\/kind?post=129635"},{"taxonomy":"room","embeddable":true,"href":"https:\/\/www.bontempi.it\/fr\/wp-json\/wp\/v2\/room?post=129635"},{"taxonomy":"material","embeddable":true,"href":"https:\/\/www.bontempi.it\/fr\/wp-json\/wp\/v2\/material?post=129635"},{"taxonomy":"color","embeddable":true,"href":"https:\/\/www.bontempi.it\/fr\/wp-json\/wp\/v2\/color?post=129635"},{"taxonomy":"certification","embeddable":true,"href":"https:\/\/www.bontempi.it\/fr\/wp-json\/wp\/v2\/certification?post=129635"}],"curies":[{"name":"wp","href":"https:\/\/api.w.org\/{rel}","templated":true}]}}