{"id":129634,"date":"2023-11-09T10:26:05","date_gmt":"2023-11-09T09:26:05","guid":{"rendered":"https:\/\/www.bontempi.it\/product\/delta-rotondo-53-24\/"},"modified":"2024-04-30T10:12:27","modified_gmt":"2024-04-30T08:12:27","slug":"delta-rotondo-53-24","status":"publish","type":"product","link":"https:\/\/www.bontempi.it\/fr\/delta-rond-5324\/","title":{"rendered":"Delta rond &#8211; 53.24"},"content":{"rendered":"<p>Table ronde avec structure et d\u00e9tails d\u00e9coratifs en m\u00e9tal laqu\u00e9, Plateau en Bois plaqu\u00e9, Verre, Verre velvet anti-rayures opaque et SuperMarbree.<\/p>\n","protected":false},"excerpt":{"rendered":"<p>Table ronde avec structure et d\u00e9tails d\u00e9coratifs en m\u00e9tal laqu\u00e9, Plateau en Bois plaqu\u00e9, Verre, Verre velvet anti-rayures opaque et SuperMarbree.<\/p>\n","protected":false},"featured_media":10103,"template":"","line":[74033],"kind":[70941,70942,70947],"room":[71459,71464],"material":[68034,68035,68036,68037,68040,68042,68044,68269,68271,75684,77585,68013,68015,68016,68029,68033],"color":[77336,77344,77345,77346,77347,77348,77614,77615,77616,60635,75045,75630,75756,75856],"certification":[60752],"class_list":["post-129634","product","type-product","status-publish","has-post-thumbnail","hentry","line-delta-round-fr","kind-tables-fr","kind-fixed-fr","kind-fixed-round-fr","room-living-fr","room-contract-fr","material-m327-fr","material-m325-fr","material-m329-fr","material-m328-fr","material-m028-fr","material-m312-fr","material-m307-fr","material-cm005-fr","material-cm025-fr","material-cm027-fr","material-cm015","material-m310-fr","material-m326-fr","material-m306-fr","material-m097-fr","material-m055-fr","color-white-fr","color-grey-fr","color-chocolate-fr","color-black-fr","color-gold-fr","color-pink-gold-fr","color-bianco-fr","color-nero-fr","color-grigio-fr","color-beige-fr","color-multicolor-fr","color-silver-fr","color-orange-fr","color-transparent-fr","certification-en-15372-16-en-1730-12-fr"],"acf":{"sku":"53.24","line":[74033],"is_accessory":false,"is_configurable":true,"kind":[70941,70942,70947],"rooms":[71459,71464],"seats":"6\/8","dimensions":{"diameter":"150","x":"","z":"75","y":""},"finishing":{"top":[65912,65914,65918,65922,65931,65935,65944,65987,65989,65991,65993,66283,66288,66292,66295,66297,66299,75664],"structure":[66041,66043,66044,66057,66061,66062,66063,66064,66065,66068,66070,66072],"lower_cuff":[],"upper_cuff":[],"matchable_top":[],"builtin_revolving_central_top":[],"throat":[],"lampshade":[],"back":[],"sitting":[],"cushions":[],"decorative_inner":[],"decorative_inserts":[66041,66043,66044,66057,66061,66062,66063,66064,66065,66068,66070,66072,77585],"side":[],"support":[],"front_doors":[],"top_front_doors":[],"seat_structure":[],"top_structure":[],"covering":[],"optional_shelf":[],"mirror":[],"side_panels":[],"centerpiece":[]},"colors":{"top":[58739,58741,58745,58749,58753,58764,58767],"structure":[58739,58741,58745,58747,58749,58756,58762,58767],"lower_cuff":[],"upper_cuff":[],"matchable_top":[],"builtin_revolving_central_top":[],"throat":[],"lampshade":[],"back":[],"sitting":[],"cushions":[],"decorative_inner":[],"decorative_inserts":[58739,58741,58745,58747,58749,58755,58756,58762,58767],"side":[],"support":[],"front_doors":[],"top_front_doors":[],"seat_structure":[],"top_structure":[],"covering":[],"optional_shelf":[],"mirror":[],"side_panels":[],"centerpiece":[]},"accessories":"","related":[127008,127252],"gallery":"","product_sheet":"https:\/\/www.bontempi.it\/wp-content\/uploads\/2023\/03\/Delta-53.23-24-Tondo.pdf","attachments":null,"videos":null,"silhouette":25766},"_links":{"self":[{"href":"https:\/\/www.bontempi.it\/fr\/wp-json\/wp\/v2\/product\/129634","targetHints":{"allow":["GET"]}}],"collection":[{"href":"https:\/\/www.bontempi.it\/fr\/wp-json\/wp\/v2\/product"}],"about":[{"href":"https:\/\/www.bontempi.it\/fr\/wp-json\/wp\/v2\/types\/product"}],"acf:post":[{"embeddable":true,"href":"https:\/\/www.bontempi.it\/fr\/wp-json\/wp\/v2\/product\/127252"},{"embeddable":true,"href":"https:\/\/www.bontempi.it\/fr\/wp-json\/wp\/v2\/product\/127008"}],"acf:term":[{"embeddable":true,"taxonomy":"room","href":"https:\/\/www.bontempi.it\/fr\/wp-json\/wp\/v2\/room\/71464"},{"embeddable":true,"taxonomy":"room","href":"https:\/\/www.bontempi.it\/fr\/wp-json\/wp\/v2\/room\/71459"},{"embeddable":true,"taxonomy":"kind","href":"https:\/\/www.bontempi.it\/fr\/wp-json\/wp\/v2\/kind\/70947"},{"embeddable":true,"taxonomy":"kind","href":"https:\/\/www.bontempi.it\/fr\/wp-json\/wp\/v2\/kind\/70942"},{"embeddable":true,"taxonomy":"kind","href":"https:\/\/www.bontempi.it\/fr\/wp-json\/wp\/v2\/kind\/70941"},{"embeddable":true,"taxonomy":"line","href":"https:\/\/www.bontempi.it\/fr\/wp-json\/wp\/v2\/line\/74033"}],"wp:featuredmedia":[{"embeddable":true,"href":"https:\/\/www.bontempi.it\/fr\/wp-json\/wp\/v2\/media\/10103"}],"wp:attachment":[{"href":"https:\/\/www.bontempi.it\/fr\/wp-json\/wp\/v2\/media?parent=129634"}],"wp:term":[{"taxonomy":"line","embeddable":true,"href":"https:\/\/www.bontempi.it\/fr\/wp-json\/wp\/v2\/line?post=129634"},{"taxonomy":"kind","embeddable":true,"href":"https:\/\/www.bontempi.it\/fr\/wp-json\/wp\/v2\/kind?post=129634"},{"taxonomy":"room","embeddable":true,"href":"https:\/\/www.bontempi.it\/fr\/wp-json\/wp\/v2\/room?post=129634"},{"taxonomy":"material","embeddable":true,"href":"https:\/\/www.bontempi.it\/fr\/wp-json\/wp\/v2\/material?post=129634"},{"taxonomy":"color","embeddable":true,"href":"https:\/\/www.bontempi.it\/fr\/wp-json\/wp\/v2\/color?post=129634"},{"taxonomy":"certification","embeddable":true,"href":"https:\/\/www.bontempi.it\/fr\/wp-json\/wp\/v2\/certification?post=129634"}],"curies":[{"name":"wp","href":"https:\/\/api.w.org\/{rel}","templated":true}]}}