{"id":129626,"date":"2023-11-09T10:26:05","date_gmt":"2023-11-09T09:26:05","guid":{"rendered":"https:\/\/www.bontempi.it\/product\/moon-alto-outdoor-53-19out\/"},"modified":"2024-04-26T18:07:13","modified_gmt":"2024-04-26T16:07:13","slug":"moon-alto-outdoor-53-19out","status":"publish","type":"product","link":"https:\/\/www.bontempi.it\/fr\/moon-haut-our-lexterieur-5319out\/","title":{"rendered":"Moon Haut  our l\u2019ext\u00e9rieur &#8211; 53.19OUT"},"content":{"rendered":"<p>Table haute fixe pour l&rsquo;ext\u00e9rieur avec structure et d\u00e9tails d\u00e9coratifs en m\u00e9tal laqu\u00e9. Plateau en M\u00e9lamine, Stratifi\u00e9, Verre, Verre velvet anti-rayures, SuperCeramique and SuperMarbree.<\/p>\n","protected":false},"excerpt":{"rendered":"<p>Table haute fixe pour l&rsquo;ext\u00e9rieur avec structure et d\u00e9tails d\u00e9coratifs en m\u00e9tal laqu\u00e9. Plateau en M\u00e9lamine, Stratifi\u00e9, Verre, Verre velvet anti-rayures, SuperCeramique and SuperMarbree.<\/p>\n","protected":false},"featured_media":0,"template":"","line":[74174],"kind":[70941,70942,70948],"room":[71461,71463,71464],"material":[68014,68018,68030,68039,68043],"color":[60635,77336,77344,77345],"certification":[60763],"class_list":["post-129626","product","type-product","status-publish","hentry","line-moon-high-outdoor-fr","kind-tables-fr","kind-fixed-fr","kind-fixed-square-fr","room-kitchen-fr","room-outdoor-fr","room-contract-fr","material-m310x-fr","material-m306x-fr","material-m097x-fr","material-m028x-fr","material-m312x-fr","color-beige-fr","color-white-fr","color-grey-fr","color-chocolate-fr","certification-outdoor-tavoli-fr"],"acf":{"sku":"53.19OUT","line":[74174],"is_accessory":false,"is_configurable":true,"kind":[70941,70942,70948],"rooms":[71461,71463,71464],"seats":"2","dimensions":{"diameter":"","x":"90","z":"90","y":"110"},"finishing":{"top":{"67884":67884,"67886":67886,"67894":67894,"67903":67903,"67916":67916,"68232":68232,"68234":68234,"68244":68244,"68247":68247,"68249":68249,"68252":68252,"68260":68260,"68262":68262,"75684":75684},"structure":{"68014":68014,"68018":68018,"68030":68030,"68039":68039,"68043":68043},"lower_cuff":[],"upper_cuff":[],"matchable_top":[],"builtin_revolving_central_top":[],"throat":[],"lampshade":[],"back":[],"sitting":[],"cushions":[],"decorative_inner":[],"decorative_inserts":[],"side":[],"support":[],"front_doors":[],"top_front_doors":[],"seat_structure":[],"top_structure":[],"covering":[],"optional_shelf":[],"mirror":[],"side_panels":[],"centerpiece":[]},"colors":{"top":{"77344":77344,"77336":77336,"60635":60635,"75856":75856,"77345":77345},"structure":{"77344":77344,"77336":77336,"77345":77345,"60635":60635},"lower_cuff":[],"upper_cuff":[],"matchable_top":[],"builtin_revolving_central_top":[],"throat":[],"lampshade":[],"back":[],"sitting":[],"cushions":[],"decorative_inner":[],"decorative_inserts":[],"side":[],"support":[],"front_doors":[],"top_front_doors":[],"seat_structure":[],"top_structure":[],"covering":[],"optional_shelf":[],"mirror":[],"side_panels":[],"centerpiece":[]},"accessories":"","related":[127169],"gallery":[30885],"product_sheet":"https:\/\/www.bontempi.it\/wp-content\/uploads\/2023\/03\/Moon-53.19OUT.pdf","attachments":null,"videos":null,"silhouette":25763},"_links":{"self":[{"href":"https:\/\/www.bontempi.it\/fr\/wp-json\/wp\/v2\/product\/129626","targetHints":{"allow":["GET"]}}],"collection":[{"href":"https:\/\/www.bontempi.it\/fr\/wp-json\/wp\/v2\/product"}],"about":[{"href":"https:\/\/www.bontempi.it\/fr\/wp-json\/wp\/v2\/types\/product"}],"acf:attachment":[{"embeddable":true,"href":"https:\/\/www.bontempi.it\/fr\/wp-json\/wp\/v2\/media\/30885"}],"acf:post":[{"embeddable":true,"href":"https:\/\/www.bontempi.it\/fr\/wp-json\/wp\/v2\/product\/127169"}],"acf:term":[{"embeddable":true,"taxonomy":"room","href":"https:\/\/www.bontempi.it\/fr\/wp-json\/wp\/v2\/room\/71464"},{"embeddable":true,"taxonomy":"room","href":"https:\/\/www.bontempi.it\/fr\/wp-json\/wp\/v2\/room\/71463"},{"embeddable":true,"taxonomy":"room","href":"https:\/\/www.bontempi.it\/fr\/wp-json\/wp\/v2\/room\/71461"},{"embeddable":true,"taxonomy":"kind","href":"https:\/\/www.bontempi.it\/fr\/wp-json\/wp\/v2\/kind\/70948"},{"embeddable":true,"taxonomy":"kind","href":"https:\/\/www.bontempi.it\/fr\/wp-json\/wp\/v2\/kind\/70942"},{"embeddable":true,"taxonomy":"kind","href":"https:\/\/www.bontempi.it\/fr\/wp-json\/wp\/v2\/kind\/70941"},{"embeddable":true,"taxonomy":"line","href":"https:\/\/www.bontempi.it\/fr\/wp-json\/wp\/v2\/line\/74174"}],"wp:attachment":[{"href":"https:\/\/www.bontempi.it\/fr\/wp-json\/wp\/v2\/media?parent=129626"}],"wp:term":[{"taxonomy":"line","embeddable":true,"href":"https:\/\/www.bontempi.it\/fr\/wp-json\/wp\/v2\/line?post=129626"},{"taxonomy":"kind","embeddable":true,"href":"https:\/\/www.bontempi.it\/fr\/wp-json\/wp\/v2\/kind?post=129626"},{"taxonomy":"room","embeddable":true,"href":"https:\/\/www.bontempi.it\/fr\/wp-json\/wp\/v2\/room?post=129626"},{"taxonomy":"material","embeddable":true,"href":"https:\/\/www.bontempi.it\/fr\/wp-json\/wp\/v2\/material?post=129626"},{"taxonomy":"color","embeddable":true,"href":"https:\/\/www.bontempi.it\/fr\/wp-json\/wp\/v2\/color?post=129626"},{"taxonomy":"certification","embeddable":true,"href":"https:\/\/www.bontempi.it\/fr\/wp-json\/wp\/v2\/certification?post=129626"}],"curies":[{"name":"wp","href":"https:\/\/api.w.org\/{rel}","templated":true}]}}