{"id":129620,"date":"2023-11-09T10:25:15","date_gmt":"2023-11-09T09:25:15","guid":{"rendered":"https:\/\/www.bontempi.it\/product\/moon-basso-outdoor-53-14out\/"},"modified":"2024-04-30T10:12:47","modified_gmt":"2024-04-30T08:12:47","slug":"moon-basso-outdoor-53-14out","status":"publish","type":"product","link":"https:\/\/www.bontempi.it\/fr\/moon-bas-pour-lexterieur-5314out\/","title":{"rendered":"Moon Bas pour l\u2019ext\u00e9rieur &#8211; 53.14OUT"},"content":{"rendered":"<p>Table basse fixe pour l&rsquo;ext\u00e9rieur avec structure et d\u00e9tails d\u00e9coratifs en M\u00e9tal laqu\u00e9. Plateau en Stratifi\u00e9, Verre, Verre velvet anti-rayures, SuperCeramique and SuperMarbree.<\/p>\n","protected":false},"excerpt":{"rendered":"<p>Table basse fixe pour l&rsquo;ext\u00e9rieur avec structure et d\u00e9tails d\u00e9coratifs en M\u00e9tal laqu\u00e9. Plateau en Stratifi\u00e9, Verre, Verre velvet anti-rayures, SuperCeramique and SuperMarbree.<\/p>\n","protected":false},"featured_media":0,"template":"","line":[74176],"kind":[70941,70942,70944],"room":[71450,71461,71463,71464],"material":[68014,68018,68030,68039,68043],"color":[60635,77336,77344,77345],"certification":[60763],"class_list":["post-129620","product","type-product","status-publish","hentry","line-moon-low-outdoor-fr","kind-tables-fr","kind-fixed-fr","kind-fixed-rectangular-fr","room-contract","room-kitchen-fr","room-outdoor-fr","room-contract-fr","material-m310x-fr","material-m306x-fr","material-m097x-fr","material-m028x-fr","material-m312x-fr","color-beige-fr","color-white-fr","color-grey-fr","color-chocolate-fr","certification-outdoor-tavoli-fr"],"acf":{"sku":"53.14OUT","line":[74176],"is_accessory":false,"is_configurable":true,"kind":[70941,70942,70944],"rooms":[71461,71463,71464,71450],"seats":"6","dimensions":{"diameter":"","x":"160","z":"80","y":"75"},"finishing":{"top":{"67884":67884,"67886":67886,"67894":67894,"67903":67903,"67916":67916,"68001":68001,"68002":68002,"68003":68003,"68004":68004,"68007":68007,"68230":68230,"68232":68232,"68234":68234,"68236":68236,"68241":68241,"68244":68244,"68247":68247,"68249":68249,"68252":68252,"68260":68260,"68262":68262,"68269":68269,"75684":75684},"structure":{"68014":68014,"68018":68018,"68030":68030,"68039":68039,"68043":68043},"lower_cuff":[],"upper_cuff":[],"matchable_top":[],"builtin_revolving_central_top":[],"throat":[],"lampshade":[],"back":[],"sitting":[],"cushions":[],"decorative_inner":[],"decorative_inserts":[],"side":[],"support":[],"front_doors":[],"top_front_doors":[],"seat_structure":[],"top_structure":[],"covering":[],"optional_shelf":[],"mirror":[],"side_panels":[],"centerpiece":[]},"colors":{"top":{"77344":77344,"77336":77336,"60635":60635,"75856":75856,"77345":77345,"77346":77346},"structure":{"77344":77344,"77336":77336,"77345":77345,"60635":60635},"lower_cuff":[],"upper_cuff":[],"matchable_top":[],"builtin_revolving_central_top":[],"throat":[],"lampshade":[],"back":[],"sitting":[],"cushions":[],"decorative_inner":[],"decorative_inserts":[],"side":[],"support":[],"front_doors":[],"top_front_doors":[],"seat_structure":[],"top_structure":[],"covering":[],"optional_shelf":[],"mirror":[],"side_panels":[],"centerpiece":[]},"accessories":"","related":[127167],"gallery":[30905],"product_sheet":"https:\/\/www.bontempi.it\/wp-content\/uploads\/2023\/03\/Moon-53.14OUT.pdf","attachments":null,"videos":null,"silhouette":25762},"_links":{"self":[{"href":"https:\/\/www.bontempi.it\/fr\/wp-json\/wp\/v2\/product\/129620","targetHints":{"allow":["GET"]}}],"collection":[{"href":"https:\/\/www.bontempi.it\/fr\/wp-json\/wp\/v2\/product"}],"about":[{"href":"https:\/\/www.bontempi.it\/fr\/wp-json\/wp\/v2\/types\/product"}],"acf:attachment":[{"embeddable":true,"href":"https:\/\/www.bontempi.it\/fr\/wp-json\/wp\/v2\/media\/30905"}],"acf:post":[{"embeddable":true,"href":"https:\/\/www.bontempi.it\/fr\/wp-json\/wp\/v2\/product\/127167"}],"acf:term":[{"embeddable":true,"taxonomy":"room","href":"https:\/\/www.bontempi.it\/fr\/wp-json\/wp\/v2\/room\/71450"},{"embeddable":true,"taxonomy":"room","href":"https:\/\/www.bontempi.it\/fr\/wp-json\/wp\/v2\/room\/71464"},{"embeddable":true,"taxonomy":"room","href":"https:\/\/www.bontempi.it\/fr\/wp-json\/wp\/v2\/room\/71463"},{"embeddable":true,"taxonomy":"room","href":"https:\/\/www.bontempi.it\/fr\/wp-json\/wp\/v2\/room\/71461"},{"embeddable":true,"taxonomy":"kind","href":"https:\/\/www.bontempi.it\/fr\/wp-json\/wp\/v2\/kind\/70944"},{"embeddable":true,"taxonomy":"kind","href":"https:\/\/www.bontempi.it\/fr\/wp-json\/wp\/v2\/kind\/70942"},{"embeddable":true,"taxonomy":"kind","href":"https:\/\/www.bontempi.it\/fr\/wp-json\/wp\/v2\/kind\/70941"},{"embeddable":true,"taxonomy":"line","href":"https:\/\/www.bontempi.it\/fr\/wp-json\/wp\/v2\/line\/74176"}],"wp:attachment":[{"href":"https:\/\/www.bontempi.it\/fr\/wp-json\/wp\/v2\/media?parent=129620"}],"wp:term":[{"taxonomy":"line","embeddable":true,"href":"https:\/\/www.bontempi.it\/fr\/wp-json\/wp\/v2\/line?post=129620"},{"taxonomy":"kind","embeddable":true,"href":"https:\/\/www.bontempi.it\/fr\/wp-json\/wp\/v2\/kind?post=129620"},{"taxonomy":"room","embeddable":true,"href":"https:\/\/www.bontempi.it\/fr\/wp-json\/wp\/v2\/room?post=129620"},{"taxonomy":"material","embeddable":true,"href":"https:\/\/www.bontempi.it\/fr\/wp-json\/wp\/v2\/material?post=129620"},{"taxonomy":"color","embeddable":true,"href":"https:\/\/www.bontempi.it\/fr\/wp-json\/wp\/v2\/color?post=129620"},{"taxonomy":"certification","embeddable":true,"href":"https:\/\/www.bontempi.it\/fr\/wp-json\/wp\/v2\/certification?post=129620"}],"curies":[{"name":"wp","href":"https:\/\/api.w.org\/{rel}","templated":true}]}}