{"id":129618,"date":"2023-11-09T10:25:15","date_gmt":"2023-11-09T09:25:15","guid":{"rendered":"https:\/\/www.bontempi.it\/product\/moon-basso-outdoor-53-13out\/"},"modified":"2024-04-30T10:12:45","modified_gmt":"2024-04-30T08:12:45","slug":"moon-basso-outdoor-53-13out","status":"publish","type":"product","link":"https:\/\/www.bontempi.it\/fr\/moon-bas-pour-lexterieur-5313out\/","title":{"rendered":"Moon Bas pour l\u2019ext\u00e9rieur &#8211; 53.13OUT"},"content":{"rendered":"<p>Table basse fixe pour l&rsquo;ext\u00e9rieur avec structure et d\u00e9tails d\u00e9coratifs en m\u00e9tal laqu\u00e9. Plateau en Stratifi\u00e9, Verre, Verre velvet anti-rayures, SuperCeramique and SuperMarbree.<\/p>\n","protected":false},"excerpt":{"rendered":"<p>Table basse fixe pour l&rsquo;ext\u00e9rieur avec structure et d\u00e9tails d\u00e9coratifs en m\u00e9tal laqu\u00e9. Plateau en Stratifi\u00e9, Verre, Verre velvet anti-rayures, SuperCeramique and SuperMarbree.<\/p>\n","protected":false},"featured_media":0,"template":"","line":[74176],"kind":[70941,70942,70944],"room":[71450,71461,71463,71464],"material":[68014,68018,68030,68039,68043,68262,68269,75684],"color":[60635,75856,77336,77344,77345,77614,77615,77616],"certification":[60763],"class_list":["post-129618","product","type-product","status-publish","hentry","line-moon-low-outdoor-fr","kind-tables-fr","kind-fixed-fr","kind-fixed-rectangular-fr","room-contract","room-kitchen-fr","room-outdoor-fr","room-contract-fr","material-m310x-fr","material-m306x-fr","material-m097x-fr","material-m028x-fr","material-m312x-fr","material-cm032-fr","material-cm005-fr","material-cm027-fr","color-beige-fr","color-transparent-fr","color-white-fr","color-grey-fr","color-chocolate-fr","color-bianco-fr","color-nero-fr","color-grigio-fr","certification-outdoor-tavoli-fr"],"acf":{"sku":"53.13OUT","line":[74176],"is_accessory":false,"is_configurable":true,"kind":[70941,70942,70944],"rooms":[71461,71463,71464,71450],"seats":"6","dimensions":{"diameter":"","x":"140","z":"80","y":"75"},"finishing":{"top":[65912,65914,65922,65931,65944,66029,66030,66031,66032,66035,66258,66260,66262,66264,66269,66272,66275,66277,66280,66288,66290,66297,75664],"structure":[66042,66046,66058,66067,66071],"lower_cuff":[],"upper_cuff":[],"matchable_top":[],"builtin_revolving_central_top":[],"throat":[],"lampshade":[],"back":[],"sitting":[],"cushions":[],"decorative_inner":[],"decorative_inserts":[],"side":[],"support":[],"front_doors":[],"top_front_doors":[],"seat_structure":[],"top_structure":[],"covering":[],"optional_shelf":[],"mirror":[],"side_panels":[],"centerpiece":[]},"colors":{"top":[58739,58741,58745,58749,58764,58767],"structure":[58739,58745,58749,58767],"lower_cuff":[],"upper_cuff":[],"matchable_top":[],"builtin_revolving_central_top":[],"throat":[],"lampshade":[],"back":[],"sitting":[],"cushions":[],"decorative_inner":[],"decorative_inserts":[],"side":[],"support":[],"front_doors":[],"top_front_doors":[],"seat_structure":[],"top_structure":[],"covering":[],"optional_shelf":[],"mirror":[],"side_panels":[],"centerpiece":[]},"accessories":"","related":[126278,126279,126440,127165],"gallery":[60397],"product_sheet":"https:\/\/www.bontempi.it\/wp-content\/uploads\/2023\/03\/Moon-53.13OUT.pdf","attachments":null,"videos":null,"silhouette":25762},"_links":{"self":[{"href":"https:\/\/www.bontempi.it\/fr\/wp-json\/wp\/v2\/product\/129618","targetHints":{"allow":["GET"]}}],"collection":[{"href":"https:\/\/www.bontempi.it\/fr\/wp-json\/wp\/v2\/product"}],"about":[{"href":"https:\/\/www.bontempi.it\/fr\/wp-json\/wp\/v2\/types\/product"}],"acf:attachment":[{"embeddable":true,"href":"https:\/\/www.bontempi.it\/fr\/wp-json\/wp\/v2\/media\/60397"}],"acf:post":[{"embeddable":true,"href":"https:\/\/www.bontempi.it\/fr\/wp-json\/wp\/v2\/product\/127165"},{"embeddable":true,"href":"https:\/\/www.bontempi.it\/fr\/wp-json\/wp\/v2\/product\/126440"},{"embeddable":true,"href":"https:\/\/www.bontempi.it\/fr\/wp-json\/wp\/v2\/product\/126279"},{"embeddable":true,"href":"https:\/\/www.bontempi.it\/fr\/wp-json\/wp\/v2\/product\/126278"}],"acf:term":[{"embeddable":true,"taxonomy":"room","href":"https:\/\/www.bontempi.it\/fr\/wp-json\/wp\/v2\/room\/71450"},{"embeddable":true,"taxonomy":"room","href":"https:\/\/www.bontempi.it\/fr\/wp-json\/wp\/v2\/room\/71464"},{"embeddable":true,"taxonomy":"room","href":"https:\/\/www.bontempi.it\/fr\/wp-json\/wp\/v2\/room\/71463"},{"embeddable":true,"taxonomy":"room","href":"https:\/\/www.bontempi.it\/fr\/wp-json\/wp\/v2\/room\/71461"},{"embeddable":true,"taxonomy":"kind","href":"https:\/\/www.bontempi.it\/fr\/wp-json\/wp\/v2\/kind\/70944"},{"embeddable":true,"taxonomy":"kind","href":"https:\/\/www.bontempi.it\/fr\/wp-json\/wp\/v2\/kind\/70942"},{"embeddable":true,"taxonomy":"kind","href":"https:\/\/www.bontempi.it\/fr\/wp-json\/wp\/v2\/kind\/70941"},{"embeddable":true,"taxonomy":"line","href":"https:\/\/www.bontempi.it\/fr\/wp-json\/wp\/v2\/line\/74176"}],"wp:attachment":[{"href":"https:\/\/www.bontempi.it\/fr\/wp-json\/wp\/v2\/media?parent=129618"}],"wp:term":[{"taxonomy":"line","embeddable":true,"href":"https:\/\/www.bontempi.it\/fr\/wp-json\/wp\/v2\/line?post=129618"},{"taxonomy":"kind","embeddable":true,"href":"https:\/\/www.bontempi.it\/fr\/wp-json\/wp\/v2\/kind?post=129618"},{"taxonomy":"room","embeddable":true,"href":"https:\/\/www.bontempi.it\/fr\/wp-json\/wp\/v2\/room?post=129618"},{"taxonomy":"material","embeddable":true,"href":"https:\/\/www.bontempi.it\/fr\/wp-json\/wp\/v2\/material?post=129618"},{"taxonomy":"color","embeddable":true,"href":"https:\/\/www.bontempi.it\/fr\/wp-json\/wp\/v2\/color?post=129618"},{"taxonomy":"certification","embeddable":true,"href":"https:\/\/www.bontempi.it\/fr\/wp-json\/wp\/v2\/certification?post=129618"}],"curies":[{"name":"wp","href":"https:\/\/api.w.org\/{rel}","templated":true}]}}