{"id":129609,"date":"2023-11-09T10:25:15","date_gmt":"2023-11-09T09:25:15","guid":{"rendered":"https:\/\/www.bontempi.it\/product\/moon-basso-53-09\/"},"modified":"2024-04-30T10:12:56","modified_gmt":"2024-04-30T08:12:56","slug":"moon-basso-53-09","status":"publish","type":"product","link":"https:\/\/www.bontempi.it\/fr\/moon-bas-5309\/","title":{"rendered":"Moon Bas &#8211; 53.09"},"content":{"rendered":"<p>Table basse fixe avec structure et d\u00e9tails d\u00e9coratifs en m\u00e9tal laqu\u00e9, Plateau en M\u00e9lamine, Stratifi\u00e9, Verre, Verre velvet anti-rayures, SuperCeramique and SuperMarbree.<\/p>\n","protected":false},"excerpt":{"rendered":"<p>Table basse fixe avec structure et d\u00e9tails d\u00e9coratifs en m\u00e9tal laqu\u00e9, Plateau en M\u00e9lamine, Stratifi\u00e9, Verre, Verre velvet anti-rayures, SuperCeramique and SuperMarbree.<\/p>\n","protected":false},"featured_media":0,"template":"","line":[74175],"kind":[70941,70942,70948],"room":[71461,71464],"material":[68040,68042,68044,76211,76820,76825,68013,68015,68016,68029,68033,68034,68035,68036,68037],"color":[77614,77615,77616,60635,75630,75856,77336,77344,77345,77346,77347,77348],"certification":[60752],"class_list":["post-129609","product","type-product","status-publish","hentry","line-moon-low-fr","kind-tables-fr","kind-fixed-fr","kind-fixed-square-fr","room-kitchen-fr","room-contract-fr","material-m028-fr","material-m312-fr","material-m307-fr","material-lf05-fr","material-lf02-fr","material-lf08-fr","material-m310-fr","material-m326-fr","material-m306-fr","material-m097-fr","material-m055-fr","material-m327-fr","material-m325-fr","material-m329-fr","material-m328-fr","color-bianco-fr","color-nero-fr","color-grigio-fr","color-beige-fr","color-silver-fr","color-transparent-fr","color-white-fr","color-grey-fr","color-chocolate-fr","color-black-fr","color-gold-fr","color-pink-gold-fr","certification-en-15372-16-en-1730-12-fr"],"acf":{"sku":"53.09","line":[74175],"is_accessory":false,"is_configurable":true,"kind":[70941,70942,70948],"rooms":[71461,71464],"seats":"2","dimensions":{"diameter":"","x":"70","z":"70","y":"75"},"finishing":{"top":[65912,65914,65922,65931,65944,66029,66030,66031,66032,66035,66258,66260,66262,66264,66269,66272,66275,66277,66280,66288,66290,66297,75664,76109,76110,76111,76112],"structure":[66041,66043,66044,66057,66061,66062,66063,66064,66065,66068,66070,66072],"lower_cuff":[],"upper_cuff":[],"matchable_top":[],"builtin_revolving_central_top":[],"throat":[],"lampshade":[],"back":[],"sitting":[],"cushions":[],"decorative_inner":[],"decorative_inserts":[],"side":[],"support":[],"front_doors":[],"top_front_doors":[],"seat_structure":[],"top_structure":[],"covering":[],"optional_shelf":[],"mirror":[],"side_panels":[],"centerpiece":[]},"colors":{"top":[58739,58741,58745,58749,58764,58767],"structure":[58739,58741,58745,58747,58749,58756,58762,58767],"lower_cuff":[],"upper_cuff":[],"matchable_top":[],"builtin_revolving_central_top":[],"throat":[],"lampshade":[],"back":[],"sitting":[],"cushions":[],"decorative_inner":[],"decorative_inserts":[],"side":[],"support":[],"front_doors":[],"top_front_doors":[],"seat_structure":[],"top_structure":[],"covering":[],"optional_shelf":[],"mirror":[],"side_panels":[],"centerpiece":[]},"accessories":"","related":[127158],"gallery":"","product_sheet":"https:\/\/www.bontempi.it\/wp-content\/uploads\/2023\/03\/Moon-53.09.pdf","attachments":null,"videos":null,"silhouette":25760},"_links":{"self":[{"href":"https:\/\/www.bontempi.it\/fr\/wp-json\/wp\/v2\/product\/129609","targetHints":{"allow":["GET"]}}],"collection":[{"href":"https:\/\/www.bontempi.it\/fr\/wp-json\/wp\/v2\/product"}],"about":[{"href":"https:\/\/www.bontempi.it\/fr\/wp-json\/wp\/v2\/types\/product"}],"acf:post":[{"embeddable":true,"href":"https:\/\/www.bontempi.it\/fr\/wp-json\/wp\/v2\/product\/127158"}],"acf:term":[{"embeddable":true,"taxonomy":"room","href":"https:\/\/www.bontempi.it\/fr\/wp-json\/wp\/v2\/room\/71464"},{"embeddable":true,"taxonomy":"room","href":"https:\/\/www.bontempi.it\/fr\/wp-json\/wp\/v2\/room\/71461"},{"embeddable":true,"taxonomy":"kind","href":"https:\/\/www.bontempi.it\/fr\/wp-json\/wp\/v2\/kind\/70948"},{"embeddable":true,"taxonomy":"kind","href":"https:\/\/www.bontempi.it\/fr\/wp-json\/wp\/v2\/kind\/70942"},{"embeddable":true,"taxonomy":"kind","href":"https:\/\/www.bontempi.it\/fr\/wp-json\/wp\/v2\/kind\/70941"},{"embeddable":true,"taxonomy":"line","href":"https:\/\/www.bontempi.it\/fr\/wp-json\/wp\/v2\/line\/74175"}],"wp:attachment":[{"href":"https:\/\/www.bontempi.it\/fr\/wp-json\/wp\/v2\/media?parent=129609"}],"wp:term":[{"taxonomy":"line","embeddable":true,"href":"https:\/\/www.bontempi.it\/fr\/wp-json\/wp\/v2\/line?post=129609"},{"taxonomy":"kind","embeddable":true,"href":"https:\/\/www.bontempi.it\/fr\/wp-json\/wp\/v2\/kind?post=129609"},{"taxonomy":"room","embeddable":true,"href":"https:\/\/www.bontempi.it\/fr\/wp-json\/wp\/v2\/room?post=129609"},{"taxonomy":"material","embeddable":true,"href":"https:\/\/www.bontempi.it\/fr\/wp-json\/wp\/v2\/material?post=129609"},{"taxonomy":"color","embeddable":true,"href":"https:\/\/www.bontempi.it\/fr\/wp-json\/wp\/v2\/color?post=129609"},{"taxonomy":"certification","embeddable":true,"href":"https:\/\/www.bontempi.it\/fr\/wp-json\/wp\/v2\/certification?post=129609"}],"curies":[{"name":"wp","href":"https:\/\/api.w.org\/{rel}","templated":true}]}}