{"id":129599,"date":"2023-11-09T10:24:33","date_gmt":"2023-11-09T09:24:33","guid":{"rendered":"https:\/\/www.bontempi.it\/product\/rail-basso-outdoor-52-94out\/"},"modified":"2024-04-30T10:13:05","modified_gmt":"2024-04-30T08:13:05","slug":"rail-basso-outdoor-52-94out","status":"publish","type":"product","link":"https:\/\/www.bontempi.it\/fr\/rail-bas-outdoor-5294out\/","title":{"rendered":"Rail Bas Outdoor &#8211; 52.94OUT"},"content":{"rendered":"<p>Socle pour l&rsquo;ext\u00e9rieur en m\u00e9tal inox, disponible pour plateaux en stratifi\u00e9 ou alu compact.<\/p>\n","protected":false},"excerpt":{"rendered":"<p>Socle pour l&rsquo;ext\u00e9rieur en m\u00e9tal inox, disponible pour plateaux en stratifi\u00e9 ou alu compact.<\/p>\n","protected":false},"featured_media":0,"template":"","line":[74223],"kind":[70942,70947,70948,70870,70941],"room":[71450,71461,71463,71464],"material":[68235,68237,68238,68240,68231,68233],"color":[77336,77344,77346],"certification":[60763],"class_list":["post-129599","product","type-product","status-publish","hentry","line-rail-basso-outdoor-fr","kind-fixed-fr","kind-fixed-round-fr","kind-fixed-square-fr","kind-fixed-square","kind-tables-fr","room-contract","room-kitchen-fr","room-outdoor-fr","room-contract-fr","material-ps02x-fr","material-ps03x-fr","material-pf01x-fr","material-pl01x-fr","material-ps05x-fr","material-ps04x-fr","color-white-fr","color-grey-fr","color-black-fr","certification-outdoor-tavoli-fr"],"acf":{"sku":"52.94OUT","line":[74223],"is_accessory":false,"is_configurable":true,"kind":[70870,70941,70942,70948,70947],"rooms":[71461,71463,71464,71450],"seats":"","dimensions":{"diameter":"47","x":"","z":"74.5","y":""},"finishing":{"top":[],"structure":{"68014":68014,"68018":68018,"68030":68030,"68039":68039,"68043":68043},"lower_cuff":[],"upper_cuff":[],"matchable_top":{"68231":68231,"68233":68233,"68235":68235,"68237":68237,"68238":68238,"68240":68240},"builtin_revolving_central_top":[],"throat":[],"lampshade":[],"back":[],"sitting":[],"cushions":[],"decorative_inner":[],"decorative_inserts":[],"side":[],"support":[],"front_doors":[],"top_front_doors":[],"seat_structure":[],"top_structure":[],"covering":[],"optional_shelf":[],"mirror":[],"side_panels":[],"centerpiece":[]},"colors":{"top":[],"structure":{"77344":77344,"77336":77336,"77345":77345,"60635":60635},"lower_cuff":[],"upper_cuff":[],"matchable_top":{"77344":77344,"77336":77336,"77346":77346},"builtin_revolving_central_top":[],"throat":[],"lampshade":[],"back":[],"sitting":[],"cushions":[],"decorative_inner":[],"decorative_inserts":[],"side":[],"support":[],"front_doors":[],"top_front_doors":[],"seat_structure":[],"top_structure":[],"covering":[],"optional_shelf":[],"mirror":[],"side_panels":[],"centerpiece":[]},"accessories":"","related":[126223,126224,126799,126800,126919,127146],"gallery":[7328],"product_sheet":"https:\/\/www.bontempi.it\/wp-content\/uploads\/2023\/03\/Rail-52.94-Basso.pdf","attachments":null,"videos":null,"silhouette":33065},"_links":{"self":[{"href":"https:\/\/www.bontempi.it\/fr\/wp-json\/wp\/v2\/product\/129599","targetHints":{"allow":["GET"]}}],"collection":[{"href":"https:\/\/www.bontempi.it\/fr\/wp-json\/wp\/v2\/product"}],"about":[{"href":"https:\/\/www.bontempi.it\/fr\/wp-json\/wp\/v2\/types\/product"}],"acf:attachment":[{"embeddable":true,"href":"https:\/\/www.bontempi.it\/fr\/wp-json\/wp\/v2\/media\/7328"}],"acf:post":[{"embeddable":true,"href":"https:\/\/www.bontempi.it\/fr\/wp-json\/wp\/v2\/product\/127146"},{"embeddable":true,"href":"https:\/\/www.bontempi.it\/fr\/wp-json\/wp\/v2\/product\/126919"},{"embeddable":true,"href":"https:\/\/www.bontempi.it\/fr\/wp-json\/wp\/v2\/product\/126800"},{"embeddable":true,"href":"https:\/\/www.bontempi.it\/fr\/wp-json\/wp\/v2\/product\/126799"},{"embeddable":true,"href":"https:\/\/www.bontempi.it\/fr\/wp-json\/wp\/v2\/product\/126224"},{"embeddable":true,"href":"https:\/\/www.bontempi.it\/fr\/wp-json\/wp\/v2\/product\/126223"}],"acf:term":[{"embeddable":true,"taxonomy":"room","href":"https:\/\/www.bontempi.it\/fr\/wp-json\/wp\/v2\/room\/71450"},{"embeddable":true,"taxonomy":"room","href":"https:\/\/www.bontempi.it\/fr\/wp-json\/wp\/v2\/room\/71464"},{"embeddable":true,"taxonomy":"room","href":"https:\/\/www.bontempi.it\/fr\/wp-json\/wp\/v2\/room\/71463"},{"embeddable":true,"taxonomy":"room","href":"https:\/\/www.bontempi.it\/fr\/wp-json\/wp\/v2\/room\/71461"},{"embeddable":true,"taxonomy":"kind","href":"https:\/\/www.bontempi.it\/fr\/wp-json\/wp\/v2\/kind\/70947"},{"embeddable":true,"taxonomy":"kind","href":"https:\/\/www.bontempi.it\/fr\/wp-json\/wp\/v2\/kind\/70948"},{"embeddable":true,"taxonomy":"kind","href":"https:\/\/www.bontempi.it\/fr\/wp-json\/wp\/v2\/kind\/70942"},{"embeddable":true,"taxonomy":"kind","href":"https:\/\/www.bontempi.it\/fr\/wp-json\/wp\/v2\/kind\/70941"},{"embeddable":true,"taxonomy":"kind","href":"https:\/\/www.bontempi.it\/fr\/wp-json\/wp\/v2\/kind\/70870"},{"embeddable":true,"taxonomy":"line","href":"https:\/\/www.bontempi.it\/fr\/wp-json\/wp\/v2\/line\/74223"}],"wp:attachment":[{"href":"https:\/\/www.bontempi.it\/fr\/wp-json\/wp\/v2\/media?parent=129599"}],"wp:term":[{"taxonomy":"line","embeddable":true,"href":"https:\/\/www.bontempi.it\/fr\/wp-json\/wp\/v2\/line?post=129599"},{"taxonomy":"kind","embeddable":true,"href":"https:\/\/www.bontempi.it\/fr\/wp-json\/wp\/v2\/kind?post=129599"},{"taxonomy":"room","embeddable":true,"href":"https:\/\/www.bontempi.it\/fr\/wp-json\/wp\/v2\/room?post=129599"},{"taxonomy":"material","embeddable":true,"href":"https:\/\/www.bontempi.it\/fr\/wp-json\/wp\/v2\/material?post=129599"},{"taxonomy":"color","embeddable":true,"href":"https:\/\/www.bontempi.it\/fr\/wp-json\/wp\/v2\/color?post=129599"},{"taxonomy":"certification","embeddable":true,"href":"https:\/\/www.bontempi.it\/fr\/wp-json\/wp\/v2\/certification?post=129599"}],"curies":[{"name":"wp","href":"https:\/\/api.w.org\/{rel}","templated":true}]}}