{"id":129596,"date":"2023-11-09T10:24:33","date_gmt":"2023-11-09T09:24:33","guid":{"rendered":"https:\/\/www.bontempi.it\/product\/club-alto-52-93\/"},"modified":"2024-04-30T10:21:54","modified_gmt":"2024-04-30T08:21:54","slug":"club-alto-52-93","status":"publish","type":"product","link":"https:\/\/www.bontempi.it\/fr\/club-haut-5293\/","title":{"rendered":"Club Haut &#8211; 52.93"},"content":{"rendered":"<p>Socle en m\u00e9tal inox, disponible pour plateaux en stratifi\u00e9, alu compact ou m\u00e9lamin\u00e9.<\/p>\n","protected":false},"excerpt":{"rendered":"<p>Socle en m\u00e9tal inox, disponible pour plateaux en stratifi\u00e9, alu compact ou m\u00e9lamin\u00e9.<\/p>\n","protected":false},"featured_media":0,"template":"","line":[74013],"kind":[70948,70870,70941,70942,70947],"room":[71450,71461,71463,71464],"material":[68233,68235,68237,68238,68240,68048,68050,68052,68231],"color":[77336,77344,77346,77349],"certification":[],"class_list":["post-129596","product","type-product","status-publish","hentry","line-club-alto-fr","kind-fixed-square-fr","kind-fixed-square","kind-tables-fr","kind-fixed-fr","kind-fixed-round-fr","room-contract","room-kitchen-fr","room-outdoor-fr","room-contract-fr","material-ps04x-fr","material-ps02x-fr","material-ps03x-fr","material-pf01x-fr","material-pl01x-fr","material-pn07x-fr","material-pn09x-fr","material-pn08x-fr","material-ps05x-fr","color-white-fr","color-grey-fr","color-black-fr","color-red-fr"],"acf":{"sku":"52.93","line":[74013],"is_accessory":false,"is_configurable":true,"kind":[70870,70941,70948,70942,70947],"rooms":[71461,71463,71464,71450],"seats":"","dimensions":{"diameter":"47","x":"","z":"109.5","y":""},"finishing":{"top":[],"structure":{"68013":68013,"68016":68016,"68029":68029,"68040":68040,"68042":68042,"68606":68606},"lower_cuff":[],"upper_cuff":[],"matchable_top":{"68048":68048,"68050":68050,"68052":68052,"68231":68231,"68233":68233,"68235":68235,"68237":68237,"68238":68238,"68240":68240},"builtin_revolving_central_top":[],"throat":[],"lampshade":[],"back":[],"sitting":[],"cushions":[],"decorative_inner":[],"decorative_inserts":[],"side":[],"support":[],"front_doors":[],"top_front_doors":[],"seat_structure":[],"top_structure":[],"covering":[],"optional_shelf":[],"mirror":[],"side_panels":[],"centerpiece":[]},"colors":{"top":[],"structure":{"77344":77344,"77336":77336,"77345":77345,"60635":60635},"lower_cuff":[],"upper_cuff":[],"matchable_top":{"77336":77336,"77349":77349,"77344":77344,"77346":77346},"builtin_revolving_central_top":[],"throat":[],"lampshade":[],"back":[],"sitting":[],"cushions":[],"decorative_inner":[],"decorative_inserts":[],"side":[],"support":[],"front_doors":[],"top_front_doors":[],"seat_structure":[],"top_structure":[],"covering":[],"optional_shelf":[],"mirror":[],"side_panels":[],"centerpiece":[]},"accessories":"","related":[126853,126896,126901,127142],"gallery":[60422,7212],"product_sheet":"https:\/\/www.bontempi.it\/wp-content\/uploads\/2023\/03\/Club-52.93-Alto.pdf","attachments":null,"videos":null,"silhouette":33069},"_links":{"self":[{"href":"https:\/\/www.bontempi.it\/fr\/wp-json\/wp\/v2\/product\/129596","targetHints":{"allow":["GET"]}}],"collection":[{"href":"https:\/\/www.bontempi.it\/fr\/wp-json\/wp\/v2\/product"}],"about":[{"href":"https:\/\/www.bontempi.it\/fr\/wp-json\/wp\/v2\/types\/product"}],"acf:attachment":[{"embeddable":true,"href":"https:\/\/www.bontempi.it\/fr\/wp-json\/wp\/v2\/media\/7212"},{"embeddable":true,"href":"https:\/\/www.bontempi.it\/fr\/wp-json\/wp\/v2\/media\/60422"}],"acf:post":[{"embeddable":true,"href":"https:\/\/www.bontempi.it\/fr\/wp-json\/wp\/v2\/product\/127142"},{"embeddable":true,"href":"https:\/\/www.bontempi.it\/fr\/wp-json\/wp\/v2\/product\/126901"},{"embeddable":true,"href":"https:\/\/www.bontempi.it\/fr\/wp-json\/wp\/v2\/product\/126896"},{"embeddable":true,"href":"https:\/\/www.bontempi.it\/fr\/wp-json\/wp\/v2\/product\/126853"}],"acf:term":[{"embeddable":true,"taxonomy":"room","href":"https:\/\/www.bontempi.it\/fr\/wp-json\/wp\/v2\/room\/71450"},{"embeddable":true,"taxonomy":"room","href":"https:\/\/www.bontempi.it\/fr\/wp-json\/wp\/v2\/room\/71464"},{"embeddable":true,"taxonomy":"room","href":"https:\/\/www.bontempi.it\/fr\/wp-json\/wp\/v2\/room\/71463"},{"embeddable":true,"taxonomy":"room","href":"https:\/\/www.bontempi.it\/fr\/wp-json\/wp\/v2\/room\/71461"},{"embeddable":true,"taxonomy":"kind","href":"https:\/\/www.bontempi.it\/fr\/wp-json\/wp\/v2\/kind\/70947"},{"embeddable":true,"taxonomy":"kind","href":"https:\/\/www.bontempi.it\/fr\/wp-json\/wp\/v2\/kind\/70942"},{"embeddable":true,"taxonomy":"kind","href":"https:\/\/www.bontempi.it\/fr\/wp-json\/wp\/v2\/kind\/70948"},{"embeddable":true,"taxonomy":"kind","href":"https:\/\/www.bontempi.it\/fr\/wp-json\/wp\/v2\/kind\/70941"},{"embeddable":true,"taxonomy":"kind","href":"https:\/\/www.bontempi.it\/fr\/wp-json\/wp\/v2\/kind\/70870"},{"embeddable":true,"taxonomy":"line","href":"https:\/\/www.bontempi.it\/fr\/wp-json\/wp\/v2\/line\/74013"}],"wp:attachment":[{"href":"https:\/\/www.bontempi.it\/fr\/wp-json\/wp\/v2\/media?parent=129596"}],"wp:term":[{"taxonomy":"line","embeddable":true,"href":"https:\/\/www.bontempi.it\/fr\/wp-json\/wp\/v2\/line?post=129596"},{"taxonomy":"kind","embeddable":true,"href":"https:\/\/www.bontempi.it\/fr\/wp-json\/wp\/v2\/kind?post=129596"},{"taxonomy":"room","embeddable":true,"href":"https:\/\/www.bontempi.it\/fr\/wp-json\/wp\/v2\/room?post=129596"},{"taxonomy":"material","embeddable":true,"href":"https:\/\/www.bontempi.it\/fr\/wp-json\/wp\/v2\/material?post=129596"},{"taxonomy":"color","embeddable":true,"href":"https:\/\/www.bontempi.it\/fr\/wp-json\/wp\/v2\/color?post=129596"},{"taxonomy":"certification","embeddable":true,"href":"https:\/\/www.bontempi.it\/fr\/wp-json\/wp\/v2\/certification?post=129596"}],"curies":[{"name":"wp","href":"https:\/\/api.w.org\/{rel}","templated":true}]}}