{"id":129584,"date":"2023-11-09T10:23:48","date_gmt":"2023-11-09T09:23:48","guid":{"rendered":"https:\/\/www.bontempi.it\/product\/universe-52-82\/"},"modified":"2024-04-30T10:25:19","modified_gmt":"2024-04-30T08:25:19","slug":"universe-52-82","status":"publish","type":"product","link":"https:\/\/www.bontempi.it\/fr\/universe-5282\/","title":{"rendered":"Universe &#8211; 52.82"},"content":{"rendered":"<p>Table avec plateau fixe rectangulaire. Structure et d\u00e9tails d\u00e9coratifs en m\u00e9tal laqu\u00e9, plateau SuperMarbree.<\/p>\n","protected":false},"excerpt":{"rendered":"<p>Table avec plateau fixe rectangulaire. Structure et d\u00e9tails d\u00e9coratifs en m\u00e9tal laqu\u00e9, plateau SuperMarbree.<\/p>\n","protected":false},"featured_media":0,"template":"","line":[74277],"kind":[70944,70941,70942],"room":[],"material":[68016,68029,68033,68034,68035,68036,68037,68040,68042,68044,68013,68015],"color":[77336,77344,77345,77346,77347,77348,60635,75630],"certification":[],"class_list":["post-129584","product","type-product","status-publish","hentry","line-universe-fr","kind-fixed-rectangular-fr","kind-tables-fr","kind-fixed-fr","material-m306-fr","material-m097-fr","material-m055-fr","material-m327-fr","material-m325-fr","material-m329-fr","material-m328-fr","material-m028-fr","material-m312-fr","material-m307-fr","material-m310-fr","material-m326-fr","color-white-fr","color-grey-fr","color-chocolate-fr","color-black-fr","color-gold-fr","color-pink-gold-fr","color-beige-fr","color-silver-fr"],"acf":{"sku":"52.82","line":[74277],"is_accessory":false,"is_configurable":true,"kind":[70941,70942,70944],"rooms":false,"seats":"10","dimensions":{"diameter":"","x":"250","z":"100","y":"75"},"finishing":{"top":{"67884":67884,"67886":67886,"67890":67890,"67894":67894,"67919":67919,"67920":67920,"67961":67961,"67963":67963,"67965":67965,"67990":67990,"67991":67991,"67993":67993,"68255":68255,"68258":68258,"68260":68260,"68262":68262,"68264":68264,"68269":68269},"structure":{"68013":68013,"68015":68015,"68016":68016,"68029":68029,"68033":68033,"68034":68034,"68035":68035,"68036":68036,"68037":68037,"68040":68040,"68042":68042,"68044":68044},"lower_cuff":[],"upper_cuff":[],"matchable_top":[],"builtin_revolving_central_top":[],"throat":[],"lampshade":[],"back":[],"sitting":[],"cushions":[],"decorative_inner":[],"decorative_inserts":{"68013":68013,"68015":68015,"68016":68016,"68029":68029,"68033":68033,"68034":68034,"68035":68035,"68036":68036,"68037":68037,"68040":68040,"68042":68042,"68044":68044},"side":[],"support":[],"front_doors":[],"top_front_doors":[],"seat_structure":[],"top_structure":[],"covering":[],"optional_shelf":[],"mirror":[],"side_panels":[],"centerpiece":[]},"colors":{"top":{"77344":77344,"77336":77336,"77346":77346,"60635":60635,"75856":75856,"77345":77345},"structure":{"77344":77344,"75630":75630,"77336":77336,"77346":77346,"77347":77347,"77348":77348,"77345":77345,"60635":60635},"lower_cuff":[],"upper_cuff":[],"matchable_top":[],"builtin_revolving_central_top":[],"throat":[],"lampshade":[],"back":[],"sitting":[],"cushions":[],"decorative_inner":[],"decorative_inserts":{"77344":77344,"75630":75630,"77336":77336,"77346":77346,"77347":77347,"77348":77348,"77345":77345,"60635":60635},"side":[],"support":[],"front_doors":[],"top_front_doors":[],"seat_structure":[],"top_structure":[],"covering":[],"optional_shelf":[],"mirror":[],"side_panels":[],"centerpiece":[]},"accessories":"","related":[127130],"gallery":[31173],"product_sheet":"https:\/\/www.bontempi.it\/wp-content\/uploads\/2023\/03\/Universe-52.80-81-82-83-Rettangolare.pdf","attachments":null,"videos":null,"silhouette":25746},"_links":{"self":[{"href":"https:\/\/www.bontempi.it\/fr\/wp-json\/wp\/v2\/product\/129584","targetHints":{"allow":["GET"]}}],"collection":[{"href":"https:\/\/www.bontempi.it\/fr\/wp-json\/wp\/v2\/product"}],"about":[{"href":"https:\/\/www.bontempi.it\/fr\/wp-json\/wp\/v2\/types\/product"}],"acf:attachment":[{"embeddable":true,"href":"https:\/\/www.bontempi.it\/fr\/wp-json\/wp\/v2\/media\/31173"}],"acf:post":[{"embeddable":true,"href":"https:\/\/www.bontempi.it\/fr\/wp-json\/wp\/v2\/product\/127130"}],"acf:term":[{"embeddable":true,"taxonomy":"kind","href":"https:\/\/www.bontempi.it\/fr\/wp-json\/wp\/v2\/kind\/70944"},{"embeddable":true,"taxonomy":"kind","href":"https:\/\/www.bontempi.it\/fr\/wp-json\/wp\/v2\/kind\/70942"},{"embeddable":true,"taxonomy":"kind","href":"https:\/\/www.bontempi.it\/fr\/wp-json\/wp\/v2\/kind\/70941"},{"embeddable":true,"taxonomy":"line","href":"https:\/\/www.bontempi.it\/fr\/wp-json\/wp\/v2\/line\/74277"}],"wp:attachment":[{"href":"https:\/\/www.bontempi.it\/fr\/wp-json\/wp\/v2\/media?parent=129584"}],"wp:term":[{"taxonomy":"line","embeddable":true,"href":"https:\/\/www.bontempi.it\/fr\/wp-json\/wp\/v2\/line?post=129584"},{"taxonomy":"kind","embeddable":true,"href":"https:\/\/www.bontempi.it\/fr\/wp-json\/wp\/v2\/kind?post=129584"},{"taxonomy":"room","embeddable":true,"href":"https:\/\/www.bontempi.it\/fr\/wp-json\/wp\/v2\/room?post=129584"},{"taxonomy":"material","embeddable":true,"href":"https:\/\/www.bontempi.it\/fr\/wp-json\/wp\/v2\/material?post=129584"},{"taxonomy":"color","embeddable":true,"href":"https:\/\/www.bontempi.it\/fr\/wp-json\/wp\/v2\/color?post=129584"},{"taxonomy":"certification","embeddable":true,"href":"https:\/\/www.bontempi.it\/fr\/wp-json\/wp\/v2\/certification?post=129584"}],"curies":[{"name":"wp","href":"https:\/\/api.w.org\/{rel}","templated":true}]}}