{"id":129558,"date":"2023-11-09T10:23:02","date_gmt":"2023-11-09T09:23:02","guid":{"rendered":"https:\/\/www.bontempi.it\/product\/tom-52-56\/"},"modified":"2024-04-26T18:32:44","modified_gmt":"2024-04-26T16:32:44","slug":"tom-52-56","status":"publish","type":"product","link":"https:\/\/www.bontempi.it\/fr\/tom-5256\/","title":{"rendered":"Tom &#8211; 52.56"},"content":{"rendered":"<p>Table avec allonges. Structure en m\u00e9tal laqu\u00e9. Plateau en m\u00e9lamine, Verre brillant, Verre anti-rayures, SuperC\u00e9ramique et SuperMarbree.<\/p>\n","protected":false},"excerpt":{"rendered":"<p>Table avec allonges. Structure en m\u00e9tal laqu\u00e9. Plateau en m\u00e9lamine, Verre brillant, Verre anti-rayures, SuperC\u00e9ramique et SuperMarbree.<\/p>\n","protected":false},"featured_media":0,"template":"","line":[74269],"kind":[70941,70943,70950],"room":[71461],"material":[68013,68016,68029,68033,68040,68042,68044],"color":[60635,77336,77344,77345,77346],"certification":[],"class_list":["post-129558","product","type-product","status-publish","hentry","line-tom-fr","kind-tables-fr","kind-extendible-fr","kind-extendible-rectangular-fr","room-kitchen-fr","material-m310-fr","material-m306-fr","material-m097-fr","material-m055-fr","material-m028-fr","material-m312-fr","material-m307-fr","color-beige-fr","color-white-fr","color-grey-fr","color-chocolate-fr","color-black-fr"],"acf":{"sku":"52.56","line":[74269],"is_accessory":false,"is_configurable":true,"kind":[70941,70943,70950],"rooms":[71461],"seats":"8","dimensions":{"diameter":"","x":"110\/143\/176\/209","z":"70","y":"75"},"finishing":{"top":{"67884":67884,"67886":67886,"67890":67890,"67894":67894,"67903":67903,"67907":67907,"67916":67916,"68001":68001,"68002":68002,"68003":68003,"68004":68004,"68005":68005,"68006":68006,"68007":68007,"68244":68244,"68247":68247,"68249":68249,"68252":68252,"68260":68260,"68262":68262,"68269":68269,"75684":75684,"76815":76815,"76211":76211,"76825":76825,"76820":76820},"structure":{"68013":68013,"68016":68016,"68029":68029,"68033":68033,"68040":68040,"68042":68042,"68044":68044},"lower_cuff":[],"upper_cuff":[],"matchable_top":[],"builtin_revolving_central_top":[],"throat":[],"lampshade":[],"back":[],"sitting":[],"cushions":[],"decorative_inner":[],"decorative_inserts":[],"side":[],"support":[],"front_doors":[],"top_front_doors":[],"seat_structure":[],"top_structure":[],"covering":[],"optional_shelf":[],"mirror":[],"side_panels":[],"centerpiece":[]},"colors":{"top":{"77344":77344,"77336":77336,"77346":77346,"60635":60635,"75856":75856,"77345":77345},"structure":{"77344":77344,"77336":77336,"77346":77346,"77345":77345,"60635":60635},"lower_cuff":[],"upper_cuff":[],"matchable_top":[],"builtin_revolving_central_top":[],"throat":[],"lampshade":[],"back":[],"sitting":[],"cushions":[],"decorative_inner":[],"decorative_inserts":[],"side":[],"support":[],"front_doors":[],"top_front_doors":[],"seat_structure":[],"top_structure":[],"covering":[],"optional_shelf":[],"mirror":[],"side_panels":[],"centerpiece":[]},"accessories":"","related":[126958,126959],"gallery":[31157],"product_sheet":"https:\/\/www.bontempi.it\/wp-content\/uploads\/2023\/03\/Tom-52.56-57-58-59.pdf","attachments":null,"videos":null,"silhouette":25733},"_links":{"self":[{"href":"https:\/\/www.bontempi.it\/fr\/wp-json\/wp\/v2\/product\/129558","targetHints":{"allow":["GET"]}}],"collection":[{"href":"https:\/\/www.bontempi.it\/fr\/wp-json\/wp\/v2\/product"}],"about":[{"href":"https:\/\/www.bontempi.it\/fr\/wp-json\/wp\/v2\/types\/product"}],"acf:attachment":[{"embeddable":true,"href":"https:\/\/www.bontempi.it\/fr\/wp-json\/wp\/v2\/media\/31157"}],"acf:post":[{"embeddable":true,"href":"https:\/\/www.bontempi.it\/fr\/wp-json\/wp\/v2\/product\/126959"},{"embeddable":true,"href":"https:\/\/www.bontempi.it\/fr\/wp-json\/wp\/v2\/product\/126958"}],"acf:term":[{"embeddable":true,"taxonomy":"room","href":"https:\/\/www.bontempi.it\/fr\/wp-json\/wp\/v2\/room\/71461"},{"embeddable":true,"taxonomy":"kind","href":"https:\/\/www.bontempi.it\/fr\/wp-json\/wp\/v2\/kind\/70950"},{"embeddable":true,"taxonomy":"kind","href":"https:\/\/www.bontempi.it\/fr\/wp-json\/wp\/v2\/kind\/70943"},{"embeddable":true,"taxonomy":"kind","href":"https:\/\/www.bontempi.it\/fr\/wp-json\/wp\/v2\/kind\/70941"},{"embeddable":true,"taxonomy":"line","href":"https:\/\/www.bontempi.it\/fr\/wp-json\/wp\/v2\/line\/74269"}],"wp:attachment":[{"href":"https:\/\/www.bontempi.it\/fr\/wp-json\/wp\/v2\/media?parent=129558"}],"wp:term":[{"taxonomy":"line","embeddable":true,"href":"https:\/\/www.bontempi.it\/fr\/wp-json\/wp\/v2\/line?post=129558"},{"taxonomy":"kind","embeddable":true,"href":"https:\/\/www.bontempi.it\/fr\/wp-json\/wp\/v2\/kind?post=129558"},{"taxonomy":"room","embeddable":true,"href":"https:\/\/www.bontempi.it\/fr\/wp-json\/wp\/v2\/room?post=129558"},{"taxonomy":"material","embeddable":true,"href":"https:\/\/www.bontempi.it\/fr\/wp-json\/wp\/v2\/material?post=129558"},{"taxonomy":"color","embeddable":true,"href":"https:\/\/www.bontempi.it\/fr\/wp-json\/wp\/v2\/color?post=129558"},{"taxonomy":"certification","embeddable":true,"href":"https:\/\/www.bontempi.it\/fr\/wp-json\/wp\/v2\/certification?post=129558"}],"curies":[{"name":"wp","href":"https:\/\/api.w.org\/{rel}","templated":true}]}}