{"id":129540,"date":"2023-11-09T10:22:16","date_gmt":"2023-11-09T09:22:16","guid":{"rendered":"https:\/\/www.bontempi.it\/product\/imperial-52-38\/"},"modified":"2024-04-30T10:25:46","modified_gmt":"2024-04-30T08:25:46","slug":"imperial-52-38","status":"publish","type":"product","link":"https:\/\/www.bontempi.it\/fr\/imperial-5238\/","title":{"rendered":"Imperial &#8211; 52.38"},"content":{"rendered":"<p>Table fixe avec plateau ovale. Structure-bracelet en m\u00e9tal laqu\u00e9. Plateau en bois plaqu\u00e9, Verre ou SuperMarbree.<\/p>\n","protected":false},"excerpt":{"rendered":"<p>Table fixe avec plateau ovale. Structure-bracelet en m\u00e9tal laqu\u00e9. Plateau en bois plaqu\u00e9, Verre ou SuperMarbree.<\/p>\n","protected":false},"featured_media":10151,"template":"","line":[74109],"kind":[70941,70942,70945],"room":[],"material":[68035,68036,68037,68040,68042,68044,68013,68015,68016,68029,68033,68034],"color":[77347,77348,60635,75630,77336,77344,77345,77346],"certification":[],"class_list":["post-129540","product","type-product","status-publish","has-post-thumbnail","hentry","line-imperial-fr","kind-tables-fr","kind-fixed-fr","kind-fixed-barrel-fr","material-m325-fr","material-m329-fr","material-m328-fr","material-m028-fr","material-m312-fr","material-m307-fr","material-m310-fr","material-m326-fr","material-m306-fr","material-m097-fr","material-m055-fr","material-m327-fr","color-gold-fr","color-pink-gold-fr","color-beige-fr","color-silver-fr","color-white-fr","color-grey-fr","color-chocolate-fr","color-black-fr"],"acf":{"sku":"52.38","line":[74109],"is_accessory":false,"is_configurable":true,"kind":[70941,70942,70945],"rooms":false,"seats":"10","dimensions":{"diameter":"","x":"250","z":"120","y":"75"},"finishing":{"top":{"67918":67918,"67919":67919,"67920":67920,"67959":67959,"67963":67963,"67965":67965,"68244":68244,"68249":68249,"68255":68255,"68260":68260,"68262":68262,"68264":68264,"68267":68267,"68269":68269,"68271":68271,"75467":75467,"75452":75452,"75471":75471,"75684":75684},"structure":[],"lower_cuff":{"68013":68013,"68015":68015,"68016":68016,"68029":68029,"68033":68033,"68034":68034,"68035":68035,"68036":68036,"68037":68037,"68040":68040,"68042":68042,"68044":68044},"upper_cuff":{"68013":68013,"68015":68015,"68016":68016,"68029":68029,"68033":68033,"68034":68034,"68035":68035,"68036":68036,"68037":68037,"68040":68040,"68042":68042,"68044":68044},"matchable_top":[],"builtin_revolving_central_top":[],"throat":[],"lampshade":[],"back":[],"sitting":[],"cushions":[],"decorative_inner":[],"decorative_inserts":[],"side":[],"support":[],"front_doors":[],"top_front_doors":[],"seat_structure":[],"top_structure":[],"covering":[],"optional_shelf":[],"mirror":[],"side_panels":[],"centerpiece":[]},"colors":{"top":{"75856":75856,"60635":60635,"77345":77345,"77344":77344,"77336":77336,"75045":75045,"77346":77346,"77349":77349,"77347":77347},"structure":[],"lower_cuff":{"77344":77344,"75630":75630,"77336":77336,"77346":77346,"77347":77347,"77348":77348,"77345":77345,"60635":60635},"upper_cuff":{"77344":77344,"75630":75630,"77336":77336,"77346":77346,"77347":77347,"77348":77348,"77345":77345,"60635":60635},"matchable_top":[],"builtin_revolving_central_top":[],"throat":[],"lampshade":[],"back":[],"sitting":[],"cushions":[],"decorative_inner":[],"decorative_inserts":[],"side":[],"support":[],"front_doors":[],"top_front_doors":[],"seat_structure":[],"top_structure":[],"covering":[],"optional_shelf":[],"mirror":[],"side_panels":[],"centerpiece":[]},"accessories":"","related":[126462,126635,127243],"gallery":[19440,60022],"product_sheet":"https:\/\/www.bontempi.it\/wp-content\/uploads\/2023\/03\/Imperial-52.37-52.38-Botte.pdf","attachments":null,"videos":null,"silhouette":25725},"_links":{"self":[{"href":"https:\/\/www.bontempi.it\/fr\/wp-json\/wp\/v2\/product\/129540","targetHints":{"allow":["GET"]}}],"collection":[{"href":"https:\/\/www.bontempi.it\/fr\/wp-json\/wp\/v2\/product"}],"about":[{"href":"https:\/\/www.bontempi.it\/fr\/wp-json\/wp\/v2\/types\/product"}],"acf:attachment":[{"embeddable":true,"href":"https:\/\/www.bontempi.it\/fr\/wp-json\/wp\/v2\/media\/60022"},{"embeddable":true,"href":"https:\/\/www.bontempi.it\/fr\/wp-json\/wp\/v2\/media\/19440"}],"acf:post":[{"embeddable":true,"href":"https:\/\/www.bontempi.it\/fr\/wp-json\/wp\/v2\/product\/127243"},{"embeddable":true,"href":"https:\/\/www.bontempi.it\/fr\/wp-json\/wp\/v2\/product\/126635"},{"embeddable":true,"href":"https:\/\/www.bontempi.it\/fr\/wp-json\/wp\/v2\/product\/126462"}],"acf:term":[{"embeddable":true,"taxonomy":"kind","href":"https:\/\/www.bontempi.it\/fr\/wp-json\/wp\/v2\/kind\/70945"},{"embeddable":true,"taxonomy":"kind","href":"https:\/\/www.bontempi.it\/fr\/wp-json\/wp\/v2\/kind\/70942"},{"embeddable":true,"taxonomy":"kind","href":"https:\/\/www.bontempi.it\/fr\/wp-json\/wp\/v2\/kind\/70941"},{"embeddable":true,"taxonomy":"line","href":"https:\/\/www.bontempi.it\/fr\/wp-json\/wp\/v2\/line\/74109"}],"wp:featuredmedia":[{"embeddable":true,"href":"https:\/\/www.bontempi.it\/fr\/wp-json\/wp\/v2\/media\/10151"}],"wp:attachment":[{"href":"https:\/\/www.bontempi.it\/fr\/wp-json\/wp\/v2\/media?parent=129540"}],"wp:term":[{"taxonomy":"line","embeddable":true,"href":"https:\/\/www.bontempi.it\/fr\/wp-json\/wp\/v2\/line?post=129540"},{"taxonomy":"kind","embeddable":true,"href":"https:\/\/www.bontempi.it\/fr\/wp-json\/wp\/v2\/kind?post=129540"},{"taxonomy":"room","embeddable":true,"href":"https:\/\/www.bontempi.it\/fr\/wp-json\/wp\/v2\/room?post=129540"},{"taxonomy":"material","embeddable":true,"href":"https:\/\/www.bontempi.it\/fr\/wp-json\/wp\/v2\/material?post=129540"},{"taxonomy":"color","embeddable":true,"href":"https:\/\/www.bontempi.it\/fr\/wp-json\/wp\/v2\/color?post=129540"},{"taxonomy":"certification","embeddable":true,"href":"https:\/\/www.bontempi.it\/fr\/wp-json\/wp\/v2\/certification?post=129540"}],"curies":[{"name":"wp","href":"https:\/\/api.w.org\/{rel}","templated":true}]}}