{"id":129530,"date":"2023-11-09T10:22:16","date_gmt":"2023-11-09T09:22:16","guid":{"rendered":"https:\/\/www.bontempi.it\/product\/chef-52-27\/"},"modified":"2024-04-26T18:33:31","modified_gmt":"2024-04-26T16:33:31","slug":"chef-52-27","status":"publish","type":"product","link":"https:\/\/www.bontempi.it\/fr\/chef-5227\/","title":{"rendered":"Chef &#8211; 52.27"},"content":{"rendered":"<p>Table avec allonges. Structure en m\u00e9tal laqu\u00e9. Plateau et allonges en m\u00e9lamine, Verre, Verre anti-rayure, SuperC\u00e9ramique ou SuperMarbree.<\/p>\n","protected":false},"excerpt":{"rendered":"<p>Table avec allonges. Structure en m\u00e9tal laqu\u00e9. Plateau et allonges en m\u00e9lamine, Verre, Verre anti-rayure, SuperC\u00e9ramique ou SuperMarbree.<\/p>\n","protected":false},"featured_media":0,"template":"","line":[74001],"kind":[70941,70943,70950],"room":[71461],"material":[68029,68033,68034,68035,68036,68037,68040,68042,68044,68013,68015,68016],"color":[60635,75630,77336,77344,77345,77346,77347,77348],"certification":[],"class_list":["post-129530","product","type-product","status-publish","hentry","line-chef-fr","kind-tables-fr","kind-extendible-fr","kind-extendible-rectangular-fr","room-kitchen-fr","material-m097-fr","material-m055-fr","material-m327-fr","material-m325-fr","material-m329-fr","material-m328-fr","material-m028-fr","material-m312-fr","material-m307-fr","material-m310-fr","material-m326-fr","material-m306-fr","color-beige-fr","color-silver-fr","color-white-fr","color-grey-fr","color-chocolate-fr","color-black-fr","color-gold-fr","color-pink-gold-fr"],"acf":{"sku":"52.27","line":[74001],"is_accessory":false,"is_configurable":true,"kind":[70941,70943,70950],"rooms":[71461],"seats":"8","dimensions":{"diameter":"","x":"140\/220","z":"90","y":"75"},"finishing":{"top":{"67884":67884,"67886":67886,"67890":67890,"67894":67894,"67903":67903,"67907":67907,"67916":67916,"68001":68001,"68002":68002,"68003":68003,"68004":68004,"68005":68005,"68006":68006,"68007":68007,"68244":68244,"68245":68245,"68247":68247,"68248":68248,"68249":68249,"68250":68250,"68252":68252,"68253":68253,"68255":68255,"68259":68259,"68261":68261,"68264":68264,"68267":68267,"68269":68269,"68270":68270,"75684":75684,"76815":76815,"76211":76211,"76825":76825,"76820":76820,"77585":77585,"77587":77587},"structure":{"68013":68013,"68015":68015,"68016":68016,"68029":68029,"68033":68033,"68034":68034,"68035":68035,"68036":68036,"68037":68037,"68040":68040,"68042":68042,"68044":68044},"lower_cuff":[],"upper_cuff":[],"matchable_top":[],"builtin_revolving_central_top":[],"throat":[],"lampshade":[],"back":[],"sitting":[],"cushions":[],"decorative_inner":[],"decorative_inserts":[],"side":[],"support":[],"front_doors":[],"top_front_doors":[],"seat_structure":[],"top_structure":[],"covering":[],"optional_shelf":[],"mirror":[],"side_panels":[],"centerpiece":[]},"colors":{"top":{"77344":77344,"77336":77336,"77346":77346,"60635":60635,"75856":75856,"77345":77345,"75045":75045,"75756":75756},"structure":{"77344":77344,"75630":75630,"77336":77336,"77346":77346,"77347":77347,"77348":77348,"77345":77345,"60635":60635},"lower_cuff":[],"upper_cuff":[],"matchable_top":[],"builtin_revolving_central_top":[],"throat":[],"lampshade":[],"back":[],"sitting":[],"cushions":[],"decorative_inner":[],"decorative_inserts":[],"side":[],"support":[],"front_doors":[],"top_front_doors":[],"seat_structure":[],"top_structure":[],"covering":[],"optional_shelf":[],"mirror":[],"side_panels":[],"centerpiece":[]},"accessories":"","related":[127077],"gallery":[30021],"product_sheet":"https:\/\/www.bontempi.it\/wp-content\/uploads\/2023\/03\/Chef-52.26-27-28-29.pdf","attachments":null,"videos":null,"silhouette":25717},"_links":{"self":[{"href":"https:\/\/www.bontempi.it\/fr\/wp-json\/wp\/v2\/product\/129530","targetHints":{"allow":["GET"]}}],"collection":[{"href":"https:\/\/www.bontempi.it\/fr\/wp-json\/wp\/v2\/product"}],"about":[{"href":"https:\/\/www.bontempi.it\/fr\/wp-json\/wp\/v2\/types\/product"}],"acf:attachment":[{"embeddable":true,"href":"https:\/\/www.bontempi.it\/fr\/wp-json\/wp\/v2\/media\/30021"}],"acf:post":[{"embeddable":true,"href":"https:\/\/www.bontempi.it\/fr\/wp-json\/wp\/v2\/product\/127077"}],"acf:term":[{"embeddable":true,"taxonomy":"room","href":"https:\/\/www.bontempi.it\/fr\/wp-json\/wp\/v2\/room\/71461"},{"embeddable":true,"taxonomy":"kind","href":"https:\/\/www.bontempi.it\/fr\/wp-json\/wp\/v2\/kind\/70950"},{"embeddable":true,"taxonomy":"kind","href":"https:\/\/www.bontempi.it\/fr\/wp-json\/wp\/v2\/kind\/70943"},{"embeddable":true,"taxonomy":"kind","href":"https:\/\/www.bontempi.it\/fr\/wp-json\/wp\/v2\/kind\/70941"},{"embeddable":true,"taxonomy":"line","href":"https:\/\/www.bontempi.it\/fr\/wp-json\/wp\/v2\/line\/74001"}],"wp:attachment":[{"href":"https:\/\/www.bontempi.it\/fr\/wp-json\/wp\/v2\/media?parent=129530"}],"wp:term":[{"taxonomy":"line","embeddable":true,"href":"https:\/\/www.bontempi.it\/fr\/wp-json\/wp\/v2\/line?post=129530"},{"taxonomy":"kind","embeddable":true,"href":"https:\/\/www.bontempi.it\/fr\/wp-json\/wp\/v2\/kind?post=129530"},{"taxonomy":"room","embeddable":true,"href":"https:\/\/www.bontempi.it\/fr\/wp-json\/wp\/v2\/room?post=129530"},{"taxonomy":"material","embeddable":true,"href":"https:\/\/www.bontempi.it\/fr\/wp-json\/wp\/v2\/material?post=129530"},{"taxonomy":"color","embeddable":true,"href":"https:\/\/www.bontempi.it\/fr\/wp-json\/wp\/v2\/color?post=129530"},{"taxonomy":"certification","embeddable":true,"href":"https:\/\/www.bontempi.it\/fr\/wp-json\/wp\/v2\/certification?post=129530"}],"curies":[{"name":"wp","href":"https:\/\/api.w.org\/{rel}","templated":true}]}}