{"id":129516,"date":"2023-11-09T10:21:30","date_gmt":"2023-11-09T09:21:30","guid":{"rendered":"https:\/\/www.bontempi.it\/product\/podium-52-17\/"},"modified":"2024-04-30T10:25:56","modified_gmt":"2024-04-30T08:25:56","slug":"podium-52-17","status":"publish","type":"product","link":"https:\/\/www.bontempi.it\/fr\/podium-5217\/","title":{"rendered":"Podium &#8211; 52.17"},"content":{"rendered":"<p>Table fixe avec base en B\u00e9ton. Plateau en Bois plaqu\u00e9, B\u00e9ton, Verre, Verre anti-rayure ou SuperMarbree.<\/p>\n","protected":false},"excerpt":{"rendered":"<p>Table fixe avec base en B\u00e9ton. Plateau en Bois plaqu\u00e9, B\u00e9ton, Verre, Verre anti-rayure ou SuperMarbree.<\/p>\n","protected":false},"featured_media":10231,"template":"","line":[74204],"kind":[70941,70942,70946],"room":[71459],"material":[67869,67870,67871,68267,68269,75684],"color":[75045,75856,77336,77344],"certification":[],"class_list":["post-129516","product","type-product","status-publish","has-post-thumbnail","hentry","line-podium-fr","kind-tables-fr","kind-fixed-fr","kind-fixed-elliptical-fr","room-living-fr","material-pc003-fr","material-pc001-fr","material-pc002-fr","material-cm010-fr","material-cm005-fr","material-cm027-fr","color-multicolor-fr","color-transparent-fr","color-white-fr","color-grey-fr"],"acf":{"sku":"52.17","line":[74204],"is_accessory":false,"is_configurable":true,"kind":[70941,70942,70946],"rooms":[71459],"seats":"10","dimensions":{"diameter":"","x":"250","z":"116","y":"75"},"finishing":{"top":{"67869":67869,"67870":67870,"67871":67871,"67884":67884,"67886":67886,"67890":67890,"67894":67894,"67903":67903,"67907":67907,"67916":67916,"67959":67959,"67963":67963,"67965":67965,"68255":68255,"68260":68260,"68262":68262,"68264":68264,"68267":68267,"68269":68269,"75684":75684},"structure":{"67869":67869,"67870":67870,"67871":67871},"lower_cuff":[],"upper_cuff":[],"matchable_top":[],"builtin_revolving_central_top":[],"throat":[],"lampshade":[],"back":[],"sitting":[],"cushions":[],"decorative_inner":[],"decorative_inserts":[],"side":[],"support":[],"front_doors":[],"top_front_doors":[],"seat_structure":[],"top_structure":[],"covering":[],"optional_shelf":[],"mirror":[],"side_panels":[],"centerpiece":[]},"colors":{"top":{"77344":77344,"77336":77336,"77346":77346,"60635":60635,"75856":75856,"77345":77345,"75045":75045},"structure":{"77344":77344,"77336":77336},"lower_cuff":[],"upper_cuff":[],"matchable_top":[],"builtin_revolving_central_top":[],"throat":[],"lampshade":[],"back":[],"sitting":[],"cushions":[],"decorative_inner":[],"decorative_inserts":[],"side":[],"support":[],"front_doors":[],"top_front_doors":[],"seat_structure":[],"top_structure":[],"covering":[],"optional_shelf":[],"mirror":[],"side_panels":[],"centerpiece":[]},"accessories":"","related":[126439,126689,126692,126694,126695,126840,126843,126846,126848,127007,127242],"gallery":[19931,19051,40510],"product_sheet":"https:\/\/www.bontempi.it\/wp-content\/uploads\/2023\/03\/Podium-52.16-17-Ellittico.pdf","attachments":[{"label":"Estrazione Basamento","file":""}],"videos":null,"silhouette":25713},"_links":{"self":[{"href":"https:\/\/www.bontempi.it\/fr\/wp-json\/wp\/v2\/product\/129516","targetHints":{"allow":["GET"]}}],"collection":[{"href":"https:\/\/www.bontempi.it\/fr\/wp-json\/wp\/v2\/product"}],"about":[{"href":"https:\/\/www.bontempi.it\/fr\/wp-json\/wp\/v2\/types\/product"}],"acf:attachment":[{"embeddable":true,"href":"https:\/\/www.bontempi.it\/fr\/wp-json\/wp\/v2\/media\/40510"},{"embeddable":true,"href":"https:\/\/www.bontempi.it\/fr\/wp-json\/wp\/v2\/media\/19051"},{"embeddable":true,"href":"https:\/\/www.bontempi.it\/fr\/wp-json\/wp\/v2\/media\/19931"}],"acf:post":[{"embeddable":true,"href":"https:\/\/www.bontempi.it\/fr\/wp-json\/wp\/v2\/product\/127242"},{"embeddable":true,"href":"https:\/\/www.bontempi.it\/fr\/wp-json\/wp\/v2\/product\/127007"},{"embeddable":true,"href":"https:\/\/www.bontempi.it\/fr\/wp-json\/wp\/v2\/product\/126848"},{"embeddable":true,"href":"https:\/\/www.bontempi.it\/fr\/wp-json\/wp\/v2\/product\/126846"},{"embeddable":true,"href":"https:\/\/www.bontempi.it\/fr\/wp-json\/wp\/v2\/product\/126843"},{"embeddable":true,"href":"https:\/\/www.bontempi.it\/fr\/wp-json\/wp\/v2\/product\/126840"},{"embeddable":true,"href":"https:\/\/www.bontempi.it\/fr\/wp-json\/wp\/v2\/product\/126695"},{"embeddable":true,"href":"https:\/\/www.bontempi.it\/fr\/wp-json\/wp\/v2\/product\/126694"},{"embeddable":true,"href":"https:\/\/www.bontempi.it\/fr\/wp-json\/wp\/v2\/product\/126692"},{"embeddable":true,"href":"https:\/\/www.bontempi.it\/fr\/wp-json\/wp\/v2\/product\/126689"},{"embeddable":true,"href":"https:\/\/www.bontempi.it\/fr\/wp-json\/wp\/v2\/product\/126439"}],"acf:term":[{"embeddable":true,"taxonomy":"room","href":"https:\/\/www.bontempi.it\/fr\/wp-json\/wp\/v2\/room\/71459"},{"embeddable":true,"taxonomy":"kind","href":"https:\/\/www.bontempi.it\/fr\/wp-json\/wp\/v2\/kind\/70946"},{"embeddable":true,"taxonomy":"kind","href":"https:\/\/www.bontempi.it\/fr\/wp-json\/wp\/v2\/kind\/70942"},{"embeddable":true,"taxonomy":"kind","href":"https:\/\/www.bontempi.it\/fr\/wp-json\/wp\/v2\/kind\/70941"},{"embeddable":true,"taxonomy":"line","href":"https:\/\/www.bontempi.it\/fr\/wp-json\/wp\/v2\/line\/74204"}],"wp:featuredmedia":[{"embeddable":true,"href":"https:\/\/www.bontempi.it\/fr\/wp-json\/wp\/v2\/media\/10231"}],"wp:attachment":[{"href":"https:\/\/www.bontempi.it\/fr\/wp-json\/wp\/v2\/media?parent=129516"}],"wp:term":[{"taxonomy":"line","embeddable":true,"href":"https:\/\/www.bontempi.it\/fr\/wp-json\/wp\/v2\/line?post=129516"},{"taxonomy":"kind","embeddable":true,"href":"https:\/\/www.bontempi.it\/fr\/wp-json\/wp\/v2\/kind?post=129516"},{"taxonomy":"room","embeddable":true,"href":"https:\/\/www.bontempi.it\/fr\/wp-json\/wp\/v2\/room?post=129516"},{"taxonomy":"material","embeddable":true,"href":"https:\/\/www.bontempi.it\/fr\/wp-json\/wp\/v2\/material?post=129516"},{"taxonomy":"color","embeddable":true,"href":"https:\/\/www.bontempi.it\/fr\/wp-json\/wp\/v2\/color?post=129516"},{"taxonomy":"certification","embeddable":true,"href":"https:\/\/www.bontempi.it\/fr\/wp-json\/wp\/v2\/certification?post=129516"}],"curies":[{"name":"wp","href":"https:\/\/api.w.org\/{rel}","templated":true}]}}