{"id":129511,"date":"2023-11-09T10:21:30","date_gmt":"2023-11-09T09:21:30","guid":{"rendered":"https:\/\/www.bontempi.it\/product\/glamour-52-12\/"},"modified":"2024-04-30T10:26:12","modified_gmt":"2024-04-30T08:26:12","slug":"glamour-52-12","status":"publish","type":"product","link":"https:\/\/www.bontempi.it\/fr\/glamour-5212\/","title":{"rendered":"Glamour &#8211; 52.12"},"content":{"rendered":"<p>Table fixe avec structure et pieds d\u00e9coratifs en m\u00e9tal laqu\u00e9. Plateau en bois plaqu\u00e9, Verre, Verre anti-rayure, Marbre naturel ou SuperMarbree.<\/p>\n","protected":false},"excerpt":{"rendered":"<p>Table fixe avec structure et pieds d\u00e9coratifs en m\u00e9tal laqu\u00e9. Plateau en bois plaqu\u00e9, Verre, Verre anti-rayure, Marbre naturel ou SuperMarbree.<\/p>\n","protected":false},"featured_media":0,"template":"","line":[74091],"kind":[70941,70942,70946],"room":[71459],"material":[68042,68044,68267,68269,75684,68013,68015,68016,68029,68033,68034,68035,68036,68037,68040],"color":[60635,75045,75630,77336,77344,77345,77346,77347,77348],"certification":[],"class_list":["post-129511","product","type-product","status-publish","hentry","line-glamour-fr","kind-tables-fr","kind-fixed-fr","kind-fixed-elliptical-fr","room-living-fr","material-m312-fr","material-m307-fr","material-cm010-fr","material-cm005-fr","material-cm027-fr","material-m310-fr","material-m326-fr","material-m306-fr","material-m097-fr","material-m055-fr","material-m327-fr","material-m325-fr","material-m329-fr","material-m328-fr","material-m028-fr","color-beige-fr","color-multicolor-fr","color-silver-fr","color-white-fr","color-grey-fr","color-chocolate-fr","color-black-fr","color-gold-fr","color-pink-gold-fr"],"acf":{"sku":"52.12","line":[74091],"is_accessory":false,"is_configurable":true,"kind":[70941,70942,70946],"rooms":[71459],"seats":"8","dimensions":{"diameter":"","x":"200","z":"106","y":"75"},"finishing":{"top":{"67884":67884,"67886":67886,"67890":67890,"67894":67894,"67959":67959,"67963":67963,"67965":67965,"67996":67996,"67997":67997,"67998":67998,"68255":68255,"68260":68260,"68262":68262,"68264":68264,"68267":68267,"68269":68269,"75684":75684},"structure":{"68013":68013,"68015":68015,"68016":68016,"68029":68029,"68033":68033,"68034":68034,"68035":68035,"68036":68036,"68037":68037,"68040":68040,"68042":68042,"68044":68044},"lower_cuff":[],"upper_cuff":[],"matchable_top":[],"builtin_revolving_central_top":[],"throat":[],"lampshade":[],"back":[],"sitting":[],"cushions":[],"decorative_inner":[],"decorative_inserts":{"68013":68013,"68015":68015,"68016":68016,"68029":68029,"68033":68033,"68034":68034,"68035":68035,"68036":68036,"68037":68037,"68040":68040,"68042":68042,"68044":68044},"side":[],"support":[],"front_doors":[],"top_front_doors":[],"seat_structure":[],"top_structure":[],"covering":[],"optional_shelf":[],"mirror":[],"side_panels":[],"centerpiece":[]},"colors":{"top":{"77344":77344,"77336":77336,"77346":77346,"60635":60635,"77345":77345,"75045":75045},"structure":{"77344":77344,"75630":75630,"77336":77336,"77346":77346,"77347":77347,"77348":77348,"77345":77345,"60635":60635},"lower_cuff":[],"upper_cuff":[],"matchable_top":[],"builtin_revolving_central_top":[],"throat":[],"lampshade":[],"back":[],"sitting":[],"cushions":[],"decorative_inner":[],"decorative_inserts":{"77344":77344,"75630":75630,"77336":77336,"77346":77346,"77347":77347,"77348":77348,"77345":77345,"60635":60635},"side":[],"support":[],"front_doors":[],"top_front_doors":[],"seat_structure":[],"top_structure":[],"covering":[],"optional_shelf":[],"mirror":[],"side_panels":[],"centerpiece":[]},"accessories":"","related":[126949,127026,127263],"gallery":[30513],"product_sheet":"https:\/\/www.bontempi.it\/wp-content\/uploads\/2023\/03\/Glamour-52.12-Ellittico.pdf","attachments":null,"videos":null,"silhouette":25711},"_links":{"self":[{"href":"https:\/\/www.bontempi.it\/fr\/wp-json\/wp\/v2\/product\/129511","targetHints":{"allow":["GET"]}}],"collection":[{"href":"https:\/\/www.bontempi.it\/fr\/wp-json\/wp\/v2\/product"}],"about":[{"href":"https:\/\/www.bontempi.it\/fr\/wp-json\/wp\/v2\/types\/product"}],"acf:attachment":[{"embeddable":true,"href":"https:\/\/www.bontempi.it\/fr\/wp-json\/wp\/v2\/media\/30513"}],"acf:post":[{"embeddable":true,"href":"https:\/\/www.bontempi.it\/fr\/wp-json\/wp\/v2\/product\/127263"},{"embeddable":true,"href":"https:\/\/www.bontempi.it\/fr\/wp-json\/wp\/v2\/product\/127026"},{"embeddable":true,"href":"https:\/\/www.bontempi.it\/fr\/wp-json\/wp\/v2\/product\/126949"}],"acf:term":[{"embeddable":true,"taxonomy":"room","href":"https:\/\/www.bontempi.it\/fr\/wp-json\/wp\/v2\/room\/71459"},{"embeddable":true,"taxonomy":"kind","href":"https:\/\/www.bontempi.it\/fr\/wp-json\/wp\/v2\/kind\/70946"},{"embeddable":true,"taxonomy":"kind","href":"https:\/\/www.bontempi.it\/fr\/wp-json\/wp\/v2\/kind\/70942"},{"embeddable":true,"taxonomy":"kind","href":"https:\/\/www.bontempi.it\/fr\/wp-json\/wp\/v2\/kind\/70941"},{"embeddable":true,"taxonomy":"line","href":"https:\/\/www.bontempi.it\/fr\/wp-json\/wp\/v2\/line\/74091"}],"wp:attachment":[{"href":"https:\/\/www.bontempi.it\/fr\/wp-json\/wp\/v2\/media?parent=129511"}],"wp:term":[{"taxonomy":"line","embeddable":true,"href":"https:\/\/www.bontempi.it\/fr\/wp-json\/wp\/v2\/line?post=129511"},{"taxonomy":"kind","embeddable":true,"href":"https:\/\/www.bontempi.it\/fr\/wp-json\/wp\/v2\/kind?post=129511"},{"taxonomy":"room","embeddable":true,"href":"https:\/\/www.bontempi.it\/fr\/wp-json\/wp\/v2\/room?post=129511"},{"taxonomy":"material","embeddable":true,"href":"https:\/\/www.bontempi.it\/fr\/wp-json\/wp\/v2\/material?post=129511"},{"taxonomy":"color","embeddable":true,"href":"https:\/\/www.bontempi.it\/fr\/wp-json\/wp\/v2\/color?post=129511"},{"taxonomy":"certification","embeddable":true,"href":"https:\/\/www.bontempi.it\/fr\/wp-json\/wp\/v2\/certification?post=129511"}],"curies":[{"name":"wp","href":"https:\/\/api.w.org\/{rel}","templated":true}]}}