{"id":129505,"date":"2023-11-09T10:20:41","date_gmt":"2023-11-09T09:20:41","guid":{"rendered":"https:\/\/www.bontempi.it\/product\/fusion-52-06\/"},"modified":"2024-04-26T18:41:23","modified_gmt":"2024-04-26T16:41:23","slug":"fusion-52-06","status":"publish","type":"product","link":"https:\/\/www.bontempi.it\/fr\/fusion-5206\/","title":{"rendered":"Fusion &#8211; 52.06"},"content":{"rendered":"<p>Table avec allonges. Structure avec anneaux en m\u00e9tal laqu\u00e9. Base en M\u00e9tal laqu\u00e9 bois plaqu\u00e9 ou SuperMarbree. Plateau en Verre ou Verre anti-rayure.<\/p>\n","protected":false},"excerpt":{"rendered":"<p>Table avec allonges. Structure avec anneaux en m\u00e9tal laqu\u00e9. Base en M\u00e9tal laqu\u00e9 bois plaqu\u00e9 ou SuperMarbree. Plateau en Verre ou Verre anti-rayure.<\/p>\n","protected":false},"featured_media":1047,"template":"","line":[74075],"kind":[70941,70943,70954],"room":[71459],"material":[68033,68034,68035,68036,68037,68040,68042,68044,68013,68270,68015,68272,68016,75897,68019,68020,68021,68022,68029],"color":[77346,77347,77348,60635,75045,75328,75630,75856,77336,77344,77345],"certification":[],"class_list":["post-129505","product","type-product","status-publish","has-post-thumbnail","hentry","line-fusion-fr","kind-tables-fr","kind-extendible-fr","kind-extendible-barrel-fr","room-living-fr","material-m055-fr","material-m327-fr","material-m325-fr","material-m329-fr","material-m328-fr","material-m028-fr","material-m312-fr","material-m307-fr","material-m310-fr","material-cm005a-fr","material-m326-fr","material-cm025a-fr","material-m306-fr","material-cm027a-fr-fr","material-bc04-fr","material-bc01-fr","material-bc02-fr","material-bc03-fr","material-m097-fr","color-black-fr","color-gold-fr","color-pink-gold-fr","color-beige-fr","color-multicolor-fr","color-bicolor-fr","color-silver-fr","color-transparent-fr","color-white-fr","color-grey-fr","color-chocolate-fr"],"acf":{"sku":"52.06","line":[74075],"is_accessory":false,"is_configurable":true,"kind":[70941,70943,70954],"rooms":[71459],"seats":"10","dimensions":{"diameter":"","x":"170\/210\/250","z":"106","y":"75"},"finishing":{"top":{"67884":67884,"67886":67886,"67890":67890,"67894":67894,"67903":67903,"67907":67907,"67916":67916,"67959":67959,"67961":67961,"67963":67963,"67965":67965,"68245":68245,"68250":68250,"68255":68255,"68256":68256,"68261":68261,"68263":68263,"68265":68265,"68266":68266,"68269":68269,"68270":68270,"68272":68272,"75897":75897},"structure":{"68013":68013,"68015":68015,"68016":68016,"68019":68019,"68020":68020,"68021":68021,"68022":68022,"68029":68029,"68033":68033,"68034":68034,"68035":68035,"68036":68036,"68037":68037,"68040":68040,"68042":68042,"68044":68044},"lower_cuff":[],"upper_cuff":[],"matchable_top":[],"builtin_revolving_central_top":[],"throat":[],"lampshade":[],"back":[],"sitting":[],"cushions":[],"decorative_inner":[],"decorative_inserts":[],"side":[],"support":[],"front_doors":[],"top_front_doors":[],"seat_structure":[],"top_structure":[],"covering":[],"optional_shelf":[],"mirror":[],"side_panels":[],"centerpiece":[]},"colors":{"top":{"77344":77344,"77336":77336,"77346":77346,"60635":60635,"75856":75856,"77345":77345,"75045":75045},"structure":{"77344":77344,"75630":75630,"77336":77336,"75328":75328,"77346":77346,"77347":77347,"77348":77348,"77345":77345,"60635":60635},"lower_cuff":[],"upper_cuff":[],"matchable_top":[],"builtin_revolving_central_top":[],"throat":[],"lampshade":[],"back":[],"sitting":[],"cushions":[],"decorative_inner":[],"decorative_inserts":[],"side":[],"support":[],"front_doors":[],"top_front_doors":[],"seat_structure":[],"top_structure":[],"covering":[],"optional_shelf":[],"mirror":[],"side_panels":[],"centerpiece":[]},"accessories":"","related":[126845],"gallery":[10584,10588,10580],"product_sheet":"https:\/\/www.bontempi.it\/wp-content\/uploads\/2023\/03\/Fusion-52.05-52.06-Allungabile.pdf","attachments":null,"videos":null,"silhouette":6562},"_links":{"self":[{"href":"https:\/\/www.bontempi.it\/fr\/wp-json\/wp\/v2\/product\/129505","targetHints":{"allow":["GET"]}}],"collection":[{"href":"https:\/\/www.bontempi.it\/fr\/wp-json\/wp\/v2\/product"}],"about":[{"href":"https:\/\/www.bontempi.it\/fr\/wp-json\/wp\/v2\/types\/product"}],"acf:attachment":[{"embeddable":true,"href":"https:\/\/www.bontempi.it\/fr\/wp-json\/wp\/v2\/media\/10580"},{"embeddable":true,"href":"https:\/\/www.bontempi.it\/fr\/wp-json\/wp\/v2\/media\/10588"},{"embeddable":true,"href":"https:\/\/www.bontempi.it\/fr\/wp-json\/wp\/v2\/media\/10584"}],"acf:post":[{"embeddable":true,"href":"https:\/\/www.bontempi.it\/fr\/wp-json\/wp\/v2\/product\/126845"}],"acf:term":[{"embeddable":true,"taxonomy":"room","href":"https:\/\/www.bontempi.it\/fr\/wp-json\/wp\/v2\/room\/71459"},{"embeddable":true,"taxonomy":"kind","href":"https:\/\/www.bontempi.it\/fr\/wp-json\/wp\/v2\/kind\/70954"},{"embeddable":true,"taxonomy":"kind","href":"https:\/\/www.bontempi.it\/fr\/wp-json\/wp\/v2\/kind\/70943"},{"embeddable":true,"taxonomy":"kind","href":"https:\/\/www.bontempi.it\/fr\/wp-json\/wp\/v2\/kind\/70941"},{"embeddable":true,"taxonomy":"line","href":"https:\/\/www.bontempi.it\/fr\/wp-json\/wp\/v2\/line\/74075"}],"wp:featuredmedia":[{"embeddable":true,"href":"https:\/\/www.bontempi.it\/fr\/wp-json\/wp\/v2\/media\/1047"}],"wp:attachment":[{"href":"https:\/\/www.bontempi.it\/fr\/wp-json\/wp\/v2\/media?parent=129505"}],"wp:term":[{"taxonomy":"line","embeddable":true,"href":"https:\/\/www.bontempi.it\/fr\/wp-json\/wp\/v2\/line?post=129505"},{"taxonomy":"kind","embeddable":true,"href":"https:\/\/www.bontempi.it\/fr\/wp-json\/wp\/v2\/kind?post=129505"},{"taxonomy":"room","embeddable":true,"href":"https:\/\/www.bontempi.it\/fr\/wp-json\/wp\/v2\/room?post=129505"},{"taxonomy":"material","embeddable":true,"href":"https:\/\/www.bontempi.it\/fr\/wp-json\/wp\/v2\/material?post=129505"},{"taxonomy":"color","embeddable":true,"href":"https:\/\/www.bontempi.it\/fr\/wp-json\/wp\/v2\/color?post=129505"},{"taxonomy":"certification","embeddable":true,"href":"https:\/\/www.bontempi.it\/fr\/wp-json\/wp\/v2\/certification?post=129505"}],"curies":[{"name":"wp","href":"https:\/\/api.w.org\/{rel}","templated":true}]}}