{"id":129495,"date":"2023-11-09T10:20:41","date_gmt":"2023-11-09T09:20:41","guid":{"rendered":"https:\/\/www.bontempi.it\/product\/dream-50-23\/"},"modified":"2024-04-26T18:40:52","modified_gmt":"2024-04-26T16:40:52","slug":"dream-50-23","status":"publish","type":"product","link":"https:\/\/www.bontempi.it\/fr\/dream-5023\/","title":{"rendered":"Dream &#8211; 50.23"},"content":{"rendered":"<p>Matelas avec ressorts ensach\u00e9s, haute densit\u00e9, haute portance, anallergique, (800 ressorts ensach\u00e9s pour la version lit double, \u00e0 mouvement individuelle).<\/p>\n","protected":false},"excerpt":{"rendered":"<p>Matelas avec ressorts ensach\u00e9s, haute densit\u00e9, haute portance, anallergique, (800 ressorts ensach\u00e9s pour la version lit double, \u00e0 mouvement individuelle).<\/p>\n","protected":false},"featured_media":0,"template":"","line":[],"kind":[70940],"room":[],"material":[],"color":[],"certification":[],"class_list":["post-129495","product","type-product","status-publish","hentry","kind-accessories-fr"],"acf":{"sku":"50.23","line":false,"is_accessory":true,"is_configurable":false,"kind":[70940],"rooms":false,"seats":"","dimensions":{"diameter":"","x":"80\/85\/90\/120\/140\/150\/160\/170","z":"190\/195\/200","y":"23"},"finishing":{"top":[],"structure":[],"lower_cuff":[],"upper_cuff":[],"matchable_top":[],"builtin_revolving_central_top":[],"throat":[],"lampshade":[],"back":[],"sitting":[],"cushions":[],"decorative_inner":[],"decorative_inserts":[],"side":[],"support":[],"front_doors":[],"top_front_doors":[],"seat_structure":[],"top_structure":[],"covering":[],"optional_shelf":[],"mirror":[],"side_panels":[],"centerpiece":[]},"colors":{"top":[],"structure":[],"lower_cuff":[],"upper_cuff":[],"matchable_top":[],"builtin_revolving_central_top":[],"throat":[],"lampshade":[],"back":[],"sitting":[],"cushions":[],"decorative_inner":[],"decorative_inserts":[],"side":[],"support":[],"front_doors":[],"top_front_doors":[],"seat_structure":[],"top_structure":[],"covering":[],"optional_shelf":[],"mirror":[],"side_panels":[],"centerpiece":[]},"accessories":"","related":"","gallery":"","product_sheet":"","attachments":null,"videos":null,"silhouette":1177},"_links":{"self":[{"href":"https:\/\/www.bontempi.it\/fr\/wp-json\/wp\/v2\/product\/129495","targetHints":{"allow":["GET"]}}],"collection":[{"href":"https:\/\/www.bontempi.it\/fr\/wp-json\/wp\/v2\/product"}],"about":[{"href":"https:\/\/www.bontempi.it\/fr\/wp-json\/wp\/v2\/types\/product"}],"acf:term":[{"embeddable":true,"taxonomy":"kind","href":"https:\/\/www.bontempi.it\/fr\/wp-json\/wp\/v2\/kind\/70940"}],"wp:attachment":[{"href":"https:\/\/www.bontempi.it\/fr\/wp-json\/wp\/v2\/media?parent=129495"}],"wp:term":[{"taxonomy":"line","embeddable":true,"href":"https:\/\/www.bontempi.it\/fr\/wp-json\/wp\/v2\/line?post=129495"},{"taxonomy":"kind","embeddable":true,"href":"https:\/\/www.bontempi.it\/fr\/wp-json\/wp\/v2\/kind?post=129495"},{"taxonomy":"room","embeddable":true,"href":"https:\/\/www.bontempi.it\/fr\/wp-json\/wp\/v2\/room?post=129495"},{"taxonomy":"material","embeddable":true,"href":"https:\/\/www.bontempi.it\/fr\/wp-json\/wp\/v2\/material?post=129495"},{"taxonomy":"color","embeddable":true,"href":"https:\/\/www.bontempi.it\/fr\/wp-json\/wp\/v2\/color?post=129495"},{"taxonomy":"certification","embeddable":true,"href":"https:\/\/www.bontempi.it\/fr\/wp-json\/wp\/v2\/certification?post=129495"}],"curies":[{"name":"wp","href":"https:\/\/api.w.org\/{rel}","templated":true}]}}