{"id":129486,"date":"2023-11-09T10:20:41","date_gmt":"2023-11-09T09:20:41","guid":{"rendered":"https:\/\/www.bontempi.it\/product\/grace-40-92\/"},"modified":"2024-09-25T12:57:02","modified_gmt":"2024-09-25T10:57:02","slug":"grace-40-92","status":"publish","type":"product","link":"https:\/\/www.bontempi.it\/fr\/grace-4092\/","title":{"rendered":"Grace &#8211; 40.92"},"content":{"rendered":"<p>Chaise avec structure en acier, rembourr\u00e9e et rev\u00eatue en: Cuir \u00c9co Premium, Tissu Bouquettissu Bouquet, tissu Gourmet, tissu Nordic, Reine Schnurwolle, Supreme Velours, Tissu Kvadrat Field, Tissu Kvadrat Coda et Peau Premium.<\/p>\n","protected":false},"excerpt":{"rendered":"<p>Rembourr\u00e9e<\/p>\n","protected":false},"featured_media":0,"template":"","line":[74095],"kind":[70955,70956],"room":[71459],"material":[68111,68137,68169,68308,68402,68487,68519,75231,75681,68112,68139,68278,68310,68404,68489,68521,75232,75682,68113,68141,68280,68312,68406,68491,68523,75233,75683,68114,68143,68282,68314,68410,68493,68525,75234,76838,68115,68145,68284,68316,68412,68495,68527,75235,76840,68100,68116,68147,68286,68318,68414,68497,68529,75236,76841,68101,68117,68149,68288,68330,68416,68499,68538,75237,68102,68119,68151,68290,68332,68418,68501,68690,75238,68103,68121,68153,68292,68334,68420,68503,75222,75240,68104,68123,68155,68294,68336,68422,68505,75224,75241,68105,68125,68156,68296,68338,68424,68507,75225,75243,68106,68127,68159,68298,68340,68426,68509,75226,75676,68107,68129,68161,68300,68342,68428,68511,75227,75677,68108,68131,68163,68302,68345,68430,68513,75228,75678,68109,68133,68165,68304,68351,68483,68515,75229,75679,68110,68135,68167,68306,68353,68485,68517,75230,75680],"color":[77345,77346,77347,77349,60635,75039,75171,75753,75754,75755,75756,75758,75759,77336,77344],"certification":[],"class_list":["post-129486","product","type-product","status-publish","hentry","line-grace-fr","kind-seatings-fr","kind-chairs-fr","room-living-fr","material-trp10-fr","material-pr26-fr","material-pr19-fr","material-tebq009-fr","material-teno009-fr","material-tevs017-fr","material-tevs011-fr","material-tego012-fr","material-tesu005-fr","material-trp03-fr","material-pr14-fr","material-tebq020-fr","material-tebq007-fr","material-teno003-fr","material-tevs007-fr","material-tevs001-fr","material-tego014-fr","material-tesu006-fr","material-trp17-fr","material-pr08-fr","material-tebq004-fr","material-tebq008-fr","material-teno015-fr","material-tevs022-fr","material-tevs010-fr","material-tego015-fr","material-tesu007-fr","material-trp01-fr","material-pr20-fr","material-tebq013-fr","material-tebq001-fr","material-teno005-fr","material-tevs021-fr","material-tevs023-fr","material-tego016-fr","material-pg07-fr","material-trp11-fr","material-pr05-fr","material-tebq016-fr","material-tebq006-fr","material-teno007-fr","material-tevs003-fr","material-tevs004-fr","material-tego017-fr","material-pg09-fr","material-trp16-fr","material-trp06-fr","material-pr25-fr","material-tebq017-fr","material-tebq011-fr","material-teno013-fr","material-tevs002-fr","material-tevs012-fr","material-tego018-fr","material-pg10-fr","material-trp02-fr","material-trp18-fr","material-pr11-fr","material-tebq005-fr","material-tkc03-fr","material-teno004-fr","material-tevs009-fr","material-tego024-fr","material-tego019-fr","material-trp14-fr","material-pr24-fr","material-pr15-fr","material-tebq010-fr","material-tkc06-fr","material-teno010-fr","material-tevs006-fr","material-tego021-fr","material-tego020-fr","material-trp12-fr","material-pr10-fr","material-pr23-fr","material-tebq002-fr","material-tkc02-fr","material-teno014-fr","material-tevs018-fr","material-tego002-fr","material-tego022-fr","material-trp04-fr","material-pr12-fr","material-pr21-fr","material-tebq015-fr","material-tkc01-fr","material-teno006-fr","material-tevs020-fr","material-tego005-fr","material-tego023-fr","material-trp08-fr","material-pr02-fr","material-pr22-fr","material-tebq014-fr","material-tkc04-fr","material-teno011-fr","material-tevs005-fr","material-tego006-fr","material-tego025-fr","material-trp15-fr","material-pr03-fr","material-pr04-fr","material-tebq021-fr","material-tkc07-fr","material-teno012-fr","material-tevs013-fr","material-tego007-fr","material-sunrise-fabric-fr","material-trp13-fr","material-pr01-fr","material-pr09-fr","material-tebq018-fr","material-tkc05-fr","material-teno001-fr","material-tevs019-fr","material-tego008-fr","material-tesu001-fr","material-trp07-fr","material-pr13-fr","material-pr17-fr","material-tebq019-fr","material-tkf06-fr","material-teno008-fr","material-tevs014-fr","material-tego009-fr","material-tesu002-fr","material-trp09-fr","material-pr16-fr","material-pr06-fr","material-tebq003-fr","material-tkf02-fr","material-tevs008-fr","material-tevs015-fr","material-tego010-fr","material-tesu003-fr","material-trp05-fr","material-pr07-fr","material-pr18-fr","material-tebq012-fr","material-tkf01-fr","material-tevs016-fr","material-tevs024-fr","material-tego011-fr","material-tesu004-fr","color-chocolate-fr","color-black-fr","color-gold-fr","color-red-fr","color-beige-fr","color-light-blue-fr","color-white-black-fr","color-blue-fr","color-brown-fr","color-green-fr","color-orange-fr","color-rose-fr","color-yellow-fr","color-white-fr","color-grey-fr"],"acf":{"sku":"40.92","line":[74095],"is_accessory":false,"is_configurable":true,"kind":[70955,70956],"rooms":[71459],"seats":"","dimensions":{"diameter":"","x":"49","z":"61","y":"84\/48"},"finishing":{"top":[],"structure":[],"lower_cuff":[],"upper_cuff":[],"matchable_top":[],"builtin_revolving_central_top":[],"throat":[],"lampshade":[],"back":[],"sitting":{"75491":75491,"75487":75487,"75483":75483,"75479":75479,"75475":75475,"75495":75495,"75511":75511,"75527":75527,"75503":75503,"75507":75507,"75523":75523,"75519":75519,"75499":75499,"75515":75515,"76837":76837,"76838":76838,"76840":76840,"76841":76841},"cushions":[],"decorative_inner":[],"decorative_inserts":[],"side":[],"support":[],"front_doors":[],"top_front_doors":[],"seat_structure":{"68100":68100,"68101":68101,"68102":68102,"68103":68103,"68104":68104,"68105":68105,"68106":68106,"68107":68107,"68108":68108,"68109":68109,"68110":68110,"68111":68111,"68112":68112,"68113":68113,"68114":68114,"68115":68115,"68116":68116,"68117":68117,"68119":68119,"68121":68121,"68123":68123,"68125":68125,"68127":68127,"68129":68129,"68131":68131,"68133":68133,"68135":68135,"68137":68137,"68139":68139,"68141":68141,"68143":68143,"68145":68145,"68147":68147,"68149":68149,"68151":68151,"68153":68153,"68155":68155,"68156":68156,"68159":68159,"68161":68161,"68163":68163,"68165":68165,"68167":68167,"68169":68169,"68278":68278,"68280":68280,"68282":68282,"68284":68284,"68286":68286,"68288":68288,"68290":68290,"68292":68292,"68294":68294,"68296":68296,"68298":68298,"68300":68300,"68302":68302,"68304":68304,"68306":68306,"68308":68308,"68310":68310,"68312":68312,"68314":68314,"68316":68316,"68318":68318,"68330":68330,"68332":68332,"68334":68334,"68336":68336,"68338":68338,"68340":68340,"68342":68342,"68345":68345,"68351":68351,"68353":68353,"68402":68402,"68404":68404,"68406":68406,"68410":68410,"68412":68412,"68414":68414,"68416":68416,"68418":68418,"68420":68420,"68422":68422,"68424":68424,"68426":68426,"68428":68428,"68430":68430,"68483":68483,"68485":68485,"68487":68487,"68489":68489,"68491":68491,"68493":68493,"68495":68495,"68497":68497,"68499":68499,"68501":68501,"68503":68503,"68505":68505,"68507":68507,"68509":68509,"68511":68511,"68513":68513,"68515":68515,"68517":68517,"68519":68519,"68521":68521,"68523":68523,"68525":68525,"68527":68527,"68529":68529,"68538":68538,"68690":68690,"75222":75222,"75676":75676,"75224":75224,"75225":75225,"75226":75226,"75227":75227,"75228":75228,"75229":75229,"75230":75230,"75231":75231,"75232":75232,"75233":75233,"75234":75234,"75235":75235,"75236":75236,"75237":75237,"75238":75238,"75240":75240,"75241":75241,"75243":75243,"75677":75677,"75678":75678,"75679":75679,"75680":75680,"75681":75681,"75682":75682,"75683":75683},"top_structure":[],"covering":[],"optional_shelf":[],"mirror":[],"side_panels":[],"centerpiece":[]},"colors":{"top":[],"structure":[],"lower_cuff":[],"upper_cuff":[],"matchable_top":[],"builtin_revolving_central_top":[],"throat":[],"lampshade":[],"back":[],"sitting":{"60635":60635,"77336":77336,"77344":77344,"77346":77346,"75756":75756,"75759":75759,"77345":77345},"cushions":[],"decorative_inner":[],"decorative_inserts":[],"side":[],"support":[],"front_doors":[],"top_front_doors":[],"seat_structure":{"77349":77349,"77344":77344,"75039":75039,"60635":60635,"77336":77336,"77345":77345,"75759":75759,"77346":77346,"77347":77347,"75755":75755,"75758":75758,"75753":75753,"75754":75754,"75756":75756,"75171":75171},"top_structure":[],"covering":[],"optional_shelf":[],"mirror":[],"side_panels":[],"centerpiece":[]},"accessories":"","related":[126943,126909,126846],"gallery":[104568,139305,104283,104573,104188,104183],"product_sheet":"https:\/\/www.bontempi.it\/wp-content\/uploads\/2023\/03\/Grace-40.92-93.pdf","attachments":null,"videos":null,"silhouette":103643},"_links":{"self":[{"href":"https:\/\/www.bontempi.it\/fr\/wp-json\/wp\/v2\/product\/129486","targetHints":{"allow":["GET"]}}],"collection":[{"href":"https:\/\/www.bontempi.it\/fr\/wp-json\/wp\/v2\/product"}],"about":[{"href":"https:\/\/www.bontempi.it\/fr\/wp-json\/wp\/v2\/types\/product"}],"acf:attachment":[{"embeddable":true,"href":"https:\/\/www.bontempi.it\/fr\/wp-json\/wp\/v2\/media\/104183"},{"embeddable":true,"href":"https:\/\/www.bontempi.it\/fr\/wp-json\/wp\/v2\/media\/104188"},{"embeddable":true,"href":"https:\/\/www.bontempi.it\/fr\/wp-json\/wp\/v2\/media\/104573"},{"embeddable":true,"href":"https:\/\/www.bontempi.it\/fr\/wp-json\/wp\/v2\/media\/104283"},{"embeddable":true,"href":"https:\/\/www.bontempi.it\/fr\/wp-json\/wp\/v2\/media\/139305"},{"embeddable":true,"href":"https:\/\/www.bontempi.it\/fr\/wp-json\/wp\/v2\/media\/104568"}],"acf:post":[{"embeddable":true,"href":"https:\/\/www.bontempi.it\/fr\/wp-json\/wp\/v2\/product\/126846"},{"embeddable":true,"href":"https:\/\/www.bontempi.it\/fr\/wp-json\/wp\/v2\/product\/126909"},{"embeddable":true,"href":"https:\/\/www.bontempi.it\/fr\/wp-json\/wp\/v2\/product\/126943"}],"acf:term":[{"embeddable":true,"taxonomy":"room","href":"https:\/\/www.bontempi.it\/fr\/wp-json\/wp\/v2\/room\/71459"},{"embeddable":true,"taxonomy":"kind","href":"https:\/\/www.bontempi.it\/fr\/wp-json\/wp\/v2\/kind\/70956"},{"embeddable":true,"taxonomy":"kind","href":"https:\/\/www.bontempi.it\/fr\/wp-json\/wp\/v2\/kind\/70955"},{"embeddable":true,"taxonomy":"line","href":"https:\/\/www.bontempi.it\/fr\/wp-json\/wp\/v2\/line\/74095"}],"wp:attachment":[{"href":"https:\/\/www.bontempi.it\/fr\/wp-json\/wp\/v2\/media?parent=129486"}],"wp:term":[{"taxonomy":"line","embeddable":true,"href":"https:\/\/www.bontempi.it\/fr\/wp-json\/wp\/v2\/line?post=129486"},{"taxonomy":"kind","embeddable":true,"href":"https:\/\/www.bontempi.it\/fr\/wp-json\/wp\/v2\/kind?post=129486"},{"taxonomy":"room","embeddable":true,"href":"https:\/\/www.bontempi.it\/fr\/wp-json\/wp\/v2\/room?post=129486"},{"taxonomy":"material","embeddable":true,"href":"https:\/\/www.bontempi.it\/fr\/wp-json\/wp\/v2\/material?post=129486"},{"taxonomy":"color","embeddable":true,"href":"https:\/\/www.bontempi.it\/fr\/wp-json\/wp\/v2\/color?post=129486"},{"taxonomy":"certification","embeddable":true,"href":"https:\/\/www.bontempi.it\/fr\/wp-json\/wp\/v2\/certification?post=129486"}],"curies":[{"name":"wp","href":"https:\/\/api.w.org\/{rel}","templated":true}]}}