{"id":129484,"date":"2023-11-09T10:19:21","date_gmt":"2023-11-09T09:19:21","guid":{"rendered":"https:\/\/www.bontempi.it\/product\/clara-40-90\/"},"modified":"2024-09-25T12:56:29","modified_gmt":"2024-09-25T10:56:29","slug":"clara-40-90","status":"publish","type":"product","link":"https:\/\/www.bontempi.it\/fr\/clara-4090\/","title":{"rendered":"Clara &#8211; 40.90"},"content":{"rendered":"<p>Chaise structure en m\u00e9tal laqu\u00e9. Coque rev\u00eatue et rembourr\u00e9 Cuir \u00c9co Premium, tissu Bouquet, tissu Gourmet, tissu Nordic, Pure Virgin Wool, Velours Supreme, et Peau Premium. Aussi disponible avec le rev\u00eatement du dossier matelass\u00e9 (uniquement pour les tissus Nordic, Cuir \u00e9co Premium et Peau Premium). Aussi disponible avec le rev\u00eatement du dossier matelass\u00e9 (uniquement pour les tissus Nordic, Cuir \u00e9co Premium et Peau Premium).<\/p>\n","protected":false},"excerpt":{"rendered":"<p>M\u00e9tal laqu\u00e9<\/p>\n","protected":false},"featured_media":0,"template":"","line":[74007],"kind":[70955,70956],"room":[71459,71460,71461,71464],"material":[68125,68141,68157,68282,68314,68428,68511,75226,75475,75679,68126,68142,68158,68284,68316,68430,68513,75227,75479,75680,68127,68143,68159,68286,68318,68483,68515,75228,75483,75681,68128,68144,68160,68288,68402,68485,68517,75229,75487,75682,68129,68145,68161,68290,68404,68487,68519,75230,75491,75683,68130,68146,68162,68292,68406,68489,68521,75231,75495,76837,68131,68147,68163,68294,68408,68491,68523,75232,75499,76838,68040,68132,68148,68164,68296,68410,68493,68525,75233,75503,76840,68042,68133,68149,68165,68298,68412,68495,68527,75234,75507,76841,68044,68134,68150,68166,68300,68414,68497,68529,75235,75511,68119,68135,68151,68167,68302,68416,68499,68538,75236,75515,68120,68136,68152,68168,68304,68418,68501,68690,75237,75519,68121,68137,68153,68169,68306,68420,68503,68841,75238,75523,68122,68138,68154,68170,68308,68422,68505,75222,75240,75527,68123,68139,68155,68278,68310,68424,68507,75224,75241,75676,68124,68140,68156,68280,68312,68426,68509,75225,75243,75678],"color":[75759,77336,77344,77345,77346,77348,77349,60635,75039,75171,75630,75753,75754,75755,75756,75758],"certification":[60751,60767],"class_list":["post-129484","product","type-product","status-publish","hentry","line-clara-fr","kind-seatings-fr","kind-chairs-fr","room-living-fr","room-hall-fr","room-kitchen-fr","room-contract-fr","material-pr02-fr","material-pr08-fr","material-pr22t-fr","material-tebq013-fr","material-tebq001-fr","material-teno001-fr","material-tevs019-fr","material-tego007-fr","material-pg05-fr","material-tesu003-fr","material-pr02t-fr","material-pr08t-fr","material-pr21t-fr","material-tebq016-fr","material-tebq006-fr","material-teno008-fr","material-tevs014-fr","material-tego008-fr","material-pg04-fr","material-tesu004-fr","material-pr03-fr","material-pr20-fr","material-pr04-fr","material-tebq017-fr","material-tebq011-fr","material-tevs008-fr","material-tevs015-fr","material-tego009-fr","material-pg03-fr","material-tesu005-fr","material-pr03t-fr","material-pr20t-fr","material-pr04t-fr","material-tebq005-fr","material-teno009-fr","material-tevs016-fr","material-tevs024-fr","material-tego010-fr","material-pg01-fr","material-tesu006-fr","material-pr01-fr","material-pr05-fr","material-pr09-fr","material-tebq010-fr","material-teno003-fr","material-tevs017-fr","material-tevs011-fr","material-tego011-fr","material-pg02-fr","material-tesu007-fr","material-pr01t-fr","material-pr05t-fr","material-pr09t-fr","material-tebq002-fr","material-teno015-fr","material-tevs007-fr","material-tevs001-fr","material-tego012-fr","material-vn06-fr","material-pg06-fr","material-pr13-fr","material-pr25-fr","material-pr17-fr","material-tebq015-fr","material-teno002-fr","material-tevs022-fr","material-tevs010-fr","material-tego014-fr","material-vn08-fr","material-pg07-fr","material-m028-fr","material-pr13t-fr","material-pr25t-fr","material-pr17t-fr","material-tebq014-fr","material-teno005-fr","material-tevs021-fr","material-tevs023-fr","material-tego015-fr","material-vn01-fr","material-pg09-fr","material-m312-fr","material-pr16-fr","material-pr11-fr","material-pr06-fr","material-tebq021-fr","material-teno007-fr","material-tevs003-fr","material-tevs004-fr","material-tego016-fr","material-vn04-fr","material-pg10-fr","material-m307-fr","material-pr16t-fr","material-pr11t-fr","material-pr06t-fr","material-tebq018-fr","material-teno013-fr","material-tevs002-fr","material-tevs012-fr","material-tego017-fr","material-vn02-fr","material-pr24-fr","material-pr07-fr","material-pr15-fr","material-pr18-fr","material-tebq019-fr","material-teno004-fr","material-tevs009-fr","material-tego024-fr","material-tego018-fr","material-vn09-fr","material-pr24t-fr","material-pr07t-fr","material-pr15t-fr","material-pr18t-fr","material-tebq003-fr","material-teno010-fr","material-tevs006-fr","material-tego021-fr","material-tego019-fr","material-vn07-fr","material-pr10-fr","material-pr26-fr","material-pr23-fr","material-pr19-fr","material-tebq012-fr","material-teno014-fr","material-tevs018-fr","material-tns09-fr","material-tego020-fr","material-vn05-fr","material-pr10t-fr","material-pr26t-fr","material-pr23t-fr","material-pr19t-fr","material-tebq009-fr","material-teno006-fr","material-tevs020-fr","material-tego002-fr","material-tego022-fr","material-vn03-fr","material-pr12-fr","material-pr14-fr","material-pr21-fr","material-tebq020-fr","material-tebq007-fr","material-teno011-fr","material-tevs005-fr","material-tego005-fr","material-tego023-fr","material-sunrise-fabric-fr","material-pr12t-fr","material-pr14t-fr","material-pr22-fr","material-tebq004-fr","material-tebq008-fr","material-teno012-fr","material-tevs013-fr","material-tego006-fr","material-tego025-fr","material-tesu002-fr","color-yellow-fr","color-white-fr","color-grey-fr","color-chocolate-fr","color-black-fr","color-pink-gold-fr","color-red-fr","color-beige-fr","color-light-blue-fr","color-white-black-fr","color-silver-fr","color-blue-fr","color-brown-fr","color-green-fr","color-orange-fr","color-rose-fr","certification-en-12520-10-en-1728-02-fr","certification-trapuntatura-fr"],"acf":{"sku":"40.90","line":[74007],"is_accessory":false,"is_configurable":true,"kind":[70955,70956],"rooms":[71459,71460,71461,71464],"seats":"","dimensions":{"diameter":"","x":"52","z":"60","y":"91\/48"},"finishing":{"top":[],"structure":{"68013":68013,"68015":68015,"68016":68016,"68029":68029,"68033":68033,"68034":68034,"68035":68035,"68036":68036,"68037":68037,"68040":68040,"68042":68042,"68044":68044},"lower_cuff":[],"upper_cuff":[],"matchable_top":[],"builtin_revolving_central_top":[],"throat":[],"lampshade":[],"back":[],"sitting":{"68119":68119,"68120":68120,"68121":68121,"68122":68122,"68123":68123,"68124":68124,"68125":68125,"68126":68126,"68127":68127,"68128":68128,"68129":68129,"68130":68130,"68131":68131,"68132":68132,"68133":68133,"68134":68134,"68135":68135,"68136":68136,"68137":68137,"68138":68138,"68139":68139,"68140":68140,"68141":68141,"68142":68142,"68143":68143,"68144":68144,"68145":68145,"68146":68146,"68147":68147,"68148":68148,"68149":68149,"68150":68150,"68151":68151,"68152":68152,"68153":68153,"68154":68154,"68155":68155,"68156":68156,"68157":68157,"68158":68158,"68159":68159,"68160":68160,"68161":68161,"68162":68162,"68163":68163,"68164":68164,"68165":68165,"68166":68166,"68167":68167,"68168":68168,"68169":68169,"68170":68170,"68278":68278,"68280":68280,"68282":68282,"68284":68284,"68286":68286,"68288":68288,"68290":68290,"68292":68292,"68294":68294,"68296":68296,"68298":68298,"68300":68300,"68302":68302,"68304":68304,"68306":68306,"68308":68308,"68310":68310,"68312":68312,"68314":68314,"68316":68316,"68318":68318,"68402":68402,"68404":68404,"68406":68406,"68408":68408,"68410":68410,"68412":68412,"68414":68414,"68416":68416,"68418":68418,"68420":68420,"68422":68422,"68424":68424,"68426":68426,"68428":68428,"68430":68430,"68483":68483,"68485":68485,"68487":68487,"68489":68489,"68491":68491,"68493":68493,"68495":68495,"68497":68497,"68499":68499,"68501":68501,"68503":68503,"68505":68505,"68507":68507,"68509":68509,"68511":68511,"68513":68513,"68515":68515,"68517":68517,"68519":68519,"68521":68521,"68523":68523,"68525":68525,"68527":68527,"68529":68529,"68538":68538,"68690":68690,"68841":68841,"75222":75222,"75676":75676,"75224":75224,"75225":75225,"75226":75226,"75227":75227,"75228":75228,"75229":75229,"75230":75230,"75231":75231,"75232":75232,"75233":75233,"75234":75234,"75235":75235,"75236":75236,"75237":75237,"75238":75238,"75240":75240,"75241":75241,"75243":75243,"75491":75491,"75487":75487,"75483":75483,"75479":75479,"75475":75475,"75495":75495,"75511":75511,"75527":75527,"75503":75503,"75507":75507,"75523":75523,"75519":75519,"75499":75499,"75515":75515,"75678":75678,"75679":75679,"75680":75680,"75681":75681,"75682":75682,"75683":75683,"76837":76837,"76838":76838,"76840":76840,"76841":76841},"cushions":[],"decorative_inner":[],"decorative_inserts":[],"side":[],"support":[],"front_doors":[],"top_front_doors":[],"seat_structure":[],"top_structure":[],"covering":[],"optional_shelf":[],"mirror":[],"side_panels":[],"centerpiece":[]},"colors":{"top":[],"structure":{"77344":77344,"75630":75630,"77336":77336,"77346":77346,"77347":77347,"77348":77348,"77345":77345,"60635":60635},"lower_cuff":[],"upper_cuff":[],"matchable_top":[],"builtin_revolving_central_top":[],"throat":[],"lampshade":[],"back":[],"sitting":{"77349":77349,"77344":77344,"75039":75039,"60635":60635,"77336":77336,"77345":77345,"75758":75758,"75756":75756,"75759":75759,"77346":77346,"75755":75755,"75753":75753,"75754":75754,"75171":75171},"cushions":[],"decorative_inner":[],"decorative_inserts":[],"side":[],"support":[],"front_doors":[],"top_front_doors":[],"seat_structure":[],"top_structure":[],"covering":[],"optional_shelf":[],"mirror":[],"side_panels":[],"centerpiece":[]},"accessories":"","related":[126468,126625,126830,126834,126961,126997,127011,127362],"gallery":[27681,27685,27689,40520,10933,18720],"product_sheet":"https:\/\/www.bontempi.it\/wp-content\/uploads\/2023\/03\/Clara-40.11-90.pdf","attachments":null,"videos":null,"silhouette":37232},"_links":{"self":[{"href":"https:\/\/www.bontempi.it\/fr\/wp-json\/wp\/v2\/product\/129484","targetHints":{"allow":["GET"]}}],"collection":[{"href":"https:\/\/www.bontempi.it\/fr\/wp-json\/wp\/v2\/product"}],"about":[{"href":"https:\/\/www.bontempi.it\/fr\/wp-json\/wp\/v2\/types\/product"}],"acf:attachment":[{"embeddable":true,"href":"https:\/\/www.bontempi.it\/fr\/wp-json\/wp\/v2\/media\/18720"},{"embeddable":true,"href":"https:\/\/www.bontempi.it\/fr\/wp-json\/wp\/v2\/media\/10933"},{"embeddable":true,"href":"https:\/\/www.bontempi.it\/fr\/wp-json\/wp\/v2\/media\/40520"},{"embeddable":true,"href":"https:\/\/www.bontempi.it\/fr\/wp-json\/wp\/v2\/media\/27689"},{"embeddable":true,"href":"https:\/\/www.bontempi.it\/fr\/wp-json\/wp\/v2\/media\/27685"},{"embeddable":true,"href":"https:\/\/www.bontempi.it\/fr\/wp-json\/wp\/v2\/media\/27681"}],"acf:post":[{"embeddable":true,"href":"https:\/\/www.bontempi.it\/fr\/wp-json\/wp\/v2\/product\/127362"},{"embeddable":true,"href":"https:\/\/www.bontempi.it\/fr\/wp-json\/wp\/v2\/product\/127011"},{"embeddable":true,"href":"https:\/\/www.bontempi.it\/fr\/wp-json\/wp\/v2\/product\/126997"},{"embeddable":true,"href":"https:\/\/www.bontempi.it\/fr\/wp-json\/wp\/v2\/product\/126961"},{"embeddable":true,"href":"https:\/\/www.bontempi.it\/fr\/wp-json\/wp\/v2\/product\/126834"},{"embeddable":true,"href":"https:\/\/www.bontempi.it\/fr\/wp-json\/wp\/v2\/product\/126830"},{"embeddable":true,"href":"https:\/\/www.bontempi.it\/fr\/wp-json\/wp\/v2\/product\/126625"},{"embeddable":true,"href":"https:\/\/www.bontempi.it\/fr\/wp-json\/wp\/v2\/product\/126468"}],"acf:term":[{"embeddable":true,"taxonomy":"room","href":"https:\/\/www.bontempi.it\/fr\/wp-json\/wp\/v2\/room\/71464"},{"embeddable":true,"taxonomy":"room","href":"https:\/\/www.bontempi.it\/fr\/wp-json\/wp\/v2\/room\/71461"},{"embeddable":true,"taxonomy":"room","href":"https:\/\/www.bontempi.it\/fr\/wp-json\/wp\/v2\/room\/71460"},{"embeddable":true,"taxonomy":"room","href":"https:\/\/www.bontempi.it\/fr\/wp-json\/wp\/v2\/room\/71459"},{"embeddable":true,"taxonomy":"kind","href":"https:\/\/www.bontempi.it\/fr\/wp-json\/wp\/v2\/kind\/70956"},{"embeddable":true,"taxonomy":"kind","href":"https:\/\/www.bontempi.it\/fr\/wp-json\/wp\/v2\/kind\/70955"},{"embeddable":true,"taxonomy":"line","href":"https:\/\/www.bontempi.it\/fr\/wp-json\/wp\/v2\/line\/74007"}],"wp:attachment":[{"href":"https:\/\/www.bontempi.it\/fr\/wp-json\/wp\/v2\/media?parent=129484"}],"wp:term":[{"taxonomy":"line","embeddable":true,"href":"https:\/\/www.bontempi.it\/fr\/wp-json\/wp\/v2\/line?post=129484"},{"taxonomy":"kind","embeddable":true,"href":"https:\/\/www.bontempi.it\/fr\/wp-json\/wp\/v2\/kind?post=129484"},{"taxonomy":"room","embeddable":true,"href":"https:\/\/www.bontempi.it\/fr\/wp-json\/wp\/v2\/room?post=129484"},{"taxonomy":"material","embeddable":true,"href":"https:\/\/www.bontempi.it\/fr\/wp-json\/wp\/v2\/material?post=129484"},{"taxonomy":"color","embeddable":true,"href":"https:\/\/www.bontempi.it\/fr\/wp-json\/wp\/v2\/color?post=129484"},{"taxonomy":"certification","embeddable":true,"href":"https:\/\/www.bontempi.it\/fr\/wp-json\/wp\/v2\/certification?post=129484"}],"curies":[{"name":"wp","href":"https:\/\/api.w.org\/{rel}","templated":true}]}}