{"id":129477,"date":"2023-11-09T10:19:21","date_gmt":"2023-11-09T09:19:21","guid":{"rendered":"https:\/\/www.bontempi.it\/product\/dalila-40-82\/"},"modified":"2024-09-25T12:56:09","modified_gmt":"2024-09-25T10:56:09","slug":"dalila-40-82","status":"publish","type":"product","link":"https:\/\/www.bontempi.it\/fr\/dalila-4082\/","title":{"rendered":"Dalila &#8211; 40.82"},"content":{"rendered":"<p>Chaise structure en m\u00e9tal rev\u00eatue en Cuir \u00e9pais.<\/p>\n","protected":false},"excerpt":{"rendered":"<p>Dossier bas<\/p>\n","protected":false},"featured_media":9935,"template":"","line":[74028],"kind":[70956,70955],"room":[71459],"material":[67923,67939,67924,67940,67925,67941,67926,67942,67927,67943,67928,67944,67929,67945,67930,67946,67931,67947,67932,67948,67933,67934,67935,67936,67937,67922,67938],"color":[75039,77336,77344,77345,77346,77349,60635],"certification":[],"class_list":["post-129477","product","type-product","status-publish","has-post-thumbnail","hentry","line-dalila-fr","kind-chairs-fr","kind-seatings-fr","room-living-fr","material-q406-fr","material-q258-fr","material-q239-fr","material-q435-fr","material-q436-fr","material-q255-fr","material-q256-fr","material-q400-fr","material-q429-fr","material-q230-fr","material-q440-fr","material-q405-fr","material-q260-fr","material-q238-fr","material-q401-fr","material-q408-fr","material-q232-fr","material-q403-fr","material-q504-fr","material-q235-fr","material-q032-fr","material-q439-fr","material-q259-fr","material-q437-fr","material-q257-fr","material-q410-fr","material-q438-fr","color-light-blue-fr","color-white-fr","color-grey-fr","color-chocolate-fr","color-black-fr","color-red-fr","color-beige-fr"],"acf":{"sku":"40.82","line":[74028],"is_accessory":false,"is_configurable":true,"kind":[70955,70956],"rooms":[71459],"seats":"","dimensions":{"diameter":"","x":"44","z":"55","y":"91\/47"},"finishing":{"top":[],"structure":[],"lower_cuff":[],"upper_cuff":[],"matchable_top":[],"builtin_revolving_central_top":[],"throat":[],"lampshade":[],"back":[],"sitting":[],"cushions":[],"decorative_inner":[],"decorative_inserts":[],"side":[],"support":[],"front_doors":[],"top_front_doors":[],"seat_structure":{"67922":67922,"67923":67923,"67924":67924,"67925":67925,"67926":67926,"67927":67927,"67928":67928,"67929":67929,"67930":67930,"67931":67931,"67932":67932,"67933":67933,"67934":67934,"67935":67935,"67936":67936,"67937":67937,"67938":67938,"67939":67939,"67940":67940,"67941":67941,"67942":67942,"67943":67943,"67944":67944,"67945":67945,"67946":67946,"67947":67947,"67948":67948},"top_structure":[],"covering":[],"optional_shelf":[],"mirror":[],"side_panels":[],"centerpiece":[]},"colors":{"top":[],"structure":[],"lower_cuff":[],"upper_cuff":[],"matchable_top":[],"builtin_revolving_central_top":[],"throat":[],"lampshade":[],"back":[],"sitting":[],"cushions":[],"decorative_inner":[],"decorative_inserts":[],"side":[],"support":[],"front_doors":[],"top_front_doors":[],"seat_structure":{"77344":77344,"60635":60635,"75039":75039,"77336":77336,"77349":77349,"77345":77345,"77346":77346},"top_structure":[],"covering":[],"optional_shelf":[],"mirror":[],"side_panels":[],"centerpiece":[]},"accessories":"","related":[127026],"gallery":[39937,9226],"product_sheet":"https:\/\/www.bontempi.it\/wp-content\/uploads\/2023\/03\/Dalila-40.82-83.pdf","attachments":null,"videos":null,"silhouette":37208},"_links":{"self":[{"href":"https:\/\/www.bontempi.it\/fr\/wp-json\/wp\/v2\/product\/129477","targetHints":{"allow":["GET"]}}],"collection":[{"href":"https:\/\/www.bontempi.it\/fr\/wp-json\/wp\/v2\/product"}],"about":[{"href":"https:\/\/www.bontempi.it\/fr\/wp-json\/wp\/v2\/types\/product"}],"acf:attachment":[{"embeddable":true,"href":"https:\/\/www.bontempi.it\/fr\/wp-json\/wp\/v2\/media\/9226"},{"embeddable":true,"href":"https:\/\/www.bontempi.it\/fr\/wp-json\/wp\/v2\/media\/39937"}],"acf:post":[{"embeddable":true,"href":"https:\/\/www.bontempi.it\/fr\/wp-json\/wp\/v2\/product\/127026"}],"acf:term":[{"embeddable":true,"taxonomy":"room","href":"https:\/\/www.bontempi.it\/fr\/wp-json\/wp\/v2\/room\/71459"},{"embeddable":true,"taxonomy":"kind","href":"https:\/\/www.bontempi.it\/fr\/wp-json\/wp\/v2\/kind\/70956"},{"embeddable":true,"taxonomy":"kind","href":"https:\/\/www.bontempi.it\/fr\/wp-json\/wp\/v2\/kind\/70955"},{"embeddable":true,"taxonomy":"line","href":"https:\/\/www.bontempi.it\/fr\/wp-json\/wp\/v2\/line\/74028"}],"wp:featuredmedia":[{"embeddable":true,"href":"https:\/\/www.bontempi.it\/fr\/wp-json\/wp\/v2\/media\/9935"}],"wp:attachment":[{"href":"https:\/\/www.bontempi.it\/fr\/wp-json\/wp\/v2\/media?parent=129477"}],"wp:term":[{"taxonomy":"line","embeddable":true,"href":"https:\/\/www.bontempi.it\/fr\/wp-json\/wp\/v2\/line?post=129477"},{"taxonomy":"kind","embeddable":true,"href":"https:\/\/www.bontempi.it\/fr\/wp-json\/wp\/v2\/kind?post=129477"},{"taxonomy":"room","embeddable":true,"href":"https:\/\/www.bontempi.it\/fr\/wp-json\/wp\/v2\/room?post=129477"},{"taxonomy":"material","embeddable":true,"href":"https:\/\/www.bontempi.it\/fr\/wp-json\/wp\/v2\/material?post=129477"},{"taxonomy":"color","embeddable":true,"href":"https:\/\/www.bontempi.it\/fr\/wp-json\/wp\/v2\/color?post=129477"},{"taxonomy":"certification","embeddable":true,"href":"https:\/\/www.bontempi.it\/fr\/wp-json\/wp\/v2\/certification?post=129477"}],"curies":[{"name":"wp","href":"https:\/\/api.w.org\/{rel}","templated":true}]}}