{"id":129472,"date":"2023-11-09T10:19:21","date_gmt":"2023-11-09T09:19:21","guid":{"rendered":"https:\/\/www.bontempi.it\/product\/lady-40-77\/"},"modified":"2024-09-25T12:56:03","modified_gmt":"2024-09-25T10:56:03","slug":"lady-40-77","status":"publish","type":"product","link":"https:\/\/www.bontempi.it\/fr\/lady-4077\/","title":{"rendered":"Lady &#8211; 40.77"},"content":{"rendered":"<p>Fauteuil avec structure en bois massif rev\u00eatement en Ciur \u00e9co, Cuir \u00e9co premium, Tissu Bouquettissu Bouquet, tissu Gourmet, tissu Nordic, Reine Schnurwolle, Valours Supreme, Tissu Kvadrat Field, Tissu Kvadrat Coda et Peau Premium.<\/p>\n","protected":false},"excerpt":{"rendered":"<p>Bois massif avec accoudoirs<\/p>\n","protected":false},"featured_media":0,"template":"","line":[74127],"kind":[70955,70956,70958],"room":[71459],"material":[68029,68033,68034,68035,68036,68037,68040,68042,68044,76838,76840,76841,68013,68015,68016],"color":[75759,77336,77344,77345,77346,77347,77348,60635,75171,75630],"certification":[],"class_list":["post-129472","product","type-product","status-publish","hentry","line-lady-fr","kind-seatings-fr","kind-chairs-fr","kind-armchair-fr","room-living-fr","material-m097-fr","material-m055-fr","material-m327-fr","material-m325-fr","material-m329-fr","material-m328-fr","material-m028-fr","material-m312-fr","material-m307-fr","material-pg07-fr","material-pg09-fr","material-pg10-fr","material-m310-fr","material-m326-fr","material-m306-fr","color-yellow-fr","color-white-fr","color-grey-fr","color-chocolate-fr","color-black-fr","color-gold-fr","color-pink-gold-fr","color-beige-fr","color-white-black-fr","color-silver-fr"],"acf":{"sku":"40.77","line":[74127],"is_accessory":false,"is_configurable":true,"kind":[70955,70956,70958],"rooms":[71459],"seats":"","dimensions":{"diameter":"","x":"70","z":"78","y":"73"},"finishing":{"top":[],"structure":{"67965":67965,"67990":67990,"67992":67992},"lower_cuff":[],"upper_cuff":[],"matchable_top":[],"builtin_revolving_central_top":[],"throat":[],"lampshade":[],"back":[],"sitting":{"68100":68100,"68101":68101,"68102":68102,"68103":68103,"68104":68104,"68105":68105,"68106":68106,"68107":68107,"68108":68108,"68109":68109,"68110":68110,"68111":68111,"68112":68112,"68113":68113,"68114":68114,"68115":68115,"68116":68116,"68117":68117,"68119":68119,"68121":68121,"68123":68123,"68125":68125,"68127":68127,"68129":68129,"68131":68131,"68133":68133,"68135":68135,"68137":68137,"68139":68139,"68141":68141,"68143":68143,"68145":68145,"68147":68147,"68149":68149,"68151":68151,"68153":68153,"68155":68155,"68156":68156,"68159":68159,"68161":68161,"68163":68163,"68165":68165,"68167":68167,"68169":68169,"68278":68278,"68280":68280,"68282":68282,"68284":68284,"68286":68286,"68288":68288,"68290":68290,"68292":68292,"68294":68294,"68296":68296,"68298":68298,"68300":68300,"68302":68302,"68304":68304,"68306":68306,"68308":68308,"68310":68310,"68312":68312,"68314":68314,"68316":68316,"68318":68318,"68330":68330,"68332":68332,"68334":68334,"68336":68336,"68338":68338,"68340":68340,"68342":68342,"68345":68345,"68351":68351,"68353":68353,"68402":68402,"68404":68404,"68406":68406,"68410":68410,"68412":68412,"68414":68414,"68416":68416,"68418":68418,"68420":68420,"68422":68422,"68424":68424,"68426":68426,"68428":68428,"68430":68430,"68483":68483,"68485":68485,"68487":68487,"68489":68489,"68491":68491,"68493":68493,"68495":68495,"68497":68497,"68499":68499,"68501":68501,"68503":68503,"68505":68505,"68507":68507,"68509":68509,"68511":68511,"68513":68513,"68515":68515,"68517":68517,"68519":68519,"68521":68521,"68523":68523,"68525":68525,"68527":68527,"68529":68529,"68538":68538,"68690":68690,"75222":75222,"75676":75676,"75224":75224,"75225":75225,"75226":75226,"75227":75227,"75228":75228,"75229":75229,"75230":75230,"75231":75231,"75232":75232,"75233":75233,"75234":75234,"75235":75235,"75236":75236,"75237":75237,"75238":75238,"75240":75240,"75241":75241,"75243":75243,"75491":75491,"75487":75487,"75483":75483,"75479":75479,"75475":75475,"75495":75495,"75511":75511,"75527":75527,"75503":75503,"75507":75507,"75523":75523,"75519":75519,"75499":75499,"75515":75515,"75678":75678,"75679":75679,"75680":75680,"75681":75681,"75682":75682,"75683":75683,"76837":76837,"76838":76838,"76840":76840,"76841":76841},"cushions":[],"decorative_inner":[],"decorative_inserts":{"68013":68013,"68015":68015,"68016":68016,"68029":68029,"68033":68033,"68034":68034,"68035":68035,"68036":68036,"68037":68037,"68040":68040,"68042":68042,"68044":68044},"side":[],"support":[],"front_doors":[],"top_front_doors":[],"seat_structure":[],"top_structure":[],"covering":[],"optional_shelf":[],"mirror":[],"side_panels":[],"centerpiece":[]},"colors":{"top":[],"structure":{"77345":77345,"77346":77346},"lower_cuff":[],"upper_cuff":[],"matchable_top":[],"builtin_revolving_central_top":[],"throat":[],"lampshade":[],"back":[],"sitting":{"77349":77349,"77344":77344,"75039":75039,"60635":60635,"77336":77336,"77345":77345,"75759":75759,"77346":77346,"77347":77347,"75755":75755,"75758":75758,"75753":75753,"75754":75754,"75756":75756,"75171":75171},"cushions":[],"decorative_inner":[],"decorative_inserts":{"77344":77344,"75630":75630,"77336":77336,"77346":77346,"77347":77347,"77348":77348,"77345":77345,"60635":60635},"side":[],"support":[],"front_doors":[],"top_front_doors":[],"seat_structure":[],"top_structure":[],"covering":[],"optional_shelf":[],"mirror":[],"side_panels":[],"centerpiece":[]},"accessories":"","related":[127311],"gallery":[104388,104383,104398,104378,104373],"product_sheet":"https:\/\/www.bontempi.it\/wp-content\/uploads\/2023\/03\/Lady-40.77.pdf","attachments":null,"videos":null,"silhouette":103638},"_links":{"self":[{"href":"https:\/\/www.bontempi.it\/fr\/wp-json\/wp\/v2\/product\/129472","targetHints":{"allow":["GET"]}}],"collection":[{"href":"https:\/\/www.bontempi.it\/fr\/wp-json\/wp\/v2\/product"}],"about":[{"href":"https:\/\/www.bontempi.it\/fr\/wp-json\/wp\/v2\/types\/product"}],"acf:attachment":[{"embeddable":true,"href":"https:\/\/www.bontempi.it\/fr\/wp-json\/wp\/v2\/media\/104373"},{"embeddable":true,"href":"https:\/\/www.bontempi.it\/fr\/wp-json\/wp\/v2\/media\/104378"},{"embeddable":true,"href":"https:\/\/www.bontempi.it\/fr\/wp-json\/wp\/v2\/media\/104398"},{"embeddable":true,"href":"https:\/\/www.bontempi.it\/fr\/wp-json\/wp\/v2\/media\/104383"},{"embeddable":true,"href":"https:\/\/www.bontempi.it\/fr\/wp-json\/wp\/v2\/media\/104388"}],"acf:post":[{"embeddable":true,"href":"https:\/\/www.bontempi.it\/fr\/wp-json\/wp\/v2\/product\/127311"}],"acf:term":[{"embeddable":true,"taxonomy":"room","href":"https:\/\/www.bontempi.it\/fr\/wp-json\/wp\/v2\/room\/71459"},{"embeddable":true,"taxonomy":"kind","href":"https:\/\/www.bontempi.it\/fr\/wp-json\/wp\/v2\/kind\/70958"},{"embeddable":true,"taxonomy":"kind","href":"https:\/\/www.bontempi.it\/fr\/wp-json\/wp\/v2\/kind\/70956"},{"embeddable":true,"taxonomy":"kind","href":"https:\/\/www.bontempi.it\/fr\/wp-json\/wp\/v2\/kind\/70955"},{"embeddable":true,"taxonomy":"line","href":"https:\/\/www.bontempi.it\/fr\/wp-json\/wp\/v2\/line\/74127"}],"wp:attachment":[{"href":"https:\/\/www.bontempi.it\/fr\/wp-json\/wp\/v2\/media?parent=129472"}],"wp:term":[{"taxonomy":"line","embeddable":true,"href":"https:\/\/www.bontempi.it\/fr\/wp-json\/wp\/v2\/line?post=129472"},{"taxonomy":"kind","embeddable":true,"href":"https:\/\/www.bontempi.it\/fr\/wp-json\/wp\/v2\/kind?post=129472"},{"taxonomy":"room","embeddable":true,"href":"https:\/\/www.bontempi.it\/fr\/wp-json\/wp\/v2\/room?post=129472"},{"taxonomy":"material","embeddable":true,"href":"https:\/\/www.bontempi.it\/fr\/wp-json\/wp\/v2\/material?post=129472"},{"taxonomy":"color","embeddable":true,"href":"https:\/\/www.bontempi.it\/fr\/wp-json\/wp\/v2\/color?post=129472"},{"taxonomy":"certification","embeddable":true,"href":"https:\/\/www.bontempi.it\/fr\/wp-json\/wp\/v2\/certification?post=129472"}],"curies":[{"name":"wp","href":"https:\/\/api.w.org\/{rel}","templated":true}]}}