{"id":129468,"date":"2023-11-09T10:19:21","date_gmt":"2023-11-09T09:19:21","guid":{"rendered":"https:\/\/www.bontempi.it\/product\/eva-barstool-outdoor-40-73out\/"},"modified":"2024-09-25T12:56:17","modified_gmt":"2024-09-25T10:56:17","slug":"eva-barstool-outdoor-40-73out","status":"publish","type":"product","link":"https:\/\/www.bontempi.it\/fr\/eva-tabouret-pour-lexterieur-4073out\/","title":{"rendered":"Eva Tabouret pour l\u2019ext\u00e9rieur &#8211; 40.73OUT"},"content":{"rendered":"<p>Tabouret haut structure en m\u00e9tal laqu\u00e9 pour l\u2019ext\u00e9rieur. Coque en Polypropyl\u00e8ne.<\/p>\n","protected":false},"excerpt":{"rendered":"<p>Dossier haut<\/p>\n","protected":false},"featured_media":0,"template":"","line":[74059],"kind":[70955,70957],"room":[71461,71463],"material":[68187,68188,68189,68190,68193,68030,68039,68043,68185],"color":[77344,77345,60635,75756,75759,77336],"certification":[60762],"class_list":["post-129468","product","type-product","status-publish","hentry","line-eva-barstool-fr","kind-seatings-fr","kind-footstool-fr","room-kitchen-fr","room-outdoor-fr","material-z031-fr","material-z008-fr","material-z009-fr","material-z006-fr","material-z029-fr","material-m097x-fr","material-m028x-fr","material-m312x-fr","material-z039-fr","color-grey-fr","color-chocolate-fr","color-beige-fr","color-orange-fr","color-yellow-fr","color-white-fr","certification-outdoor-sedie-fr"],"acf":{"sku":"40.73OUT","line":[74059],"is_accessory":false,"is_configurable":true,"kind":[70955,70957],"rooms":[71461,71463],"seats":"","dimensions":{"diameter":"","x":"48","z":"52","y":"116\/75"},"finishing":{"top":[],"structure":{"68014":68014,"68018":68018,"68030":68030,"68039":68039,"68043":68043},"lower_cuff":[],"upper_cuff":[],"matchable_top":[],"builtin_revolving_central_top":[],"throat":[],"lampshade":[],"back":[],"sitting":{"68185":68185,"68187":68187,"68188":68188,"68189":68189,"68190":68190,"68193":68193},"cushions":[],"decorative_inner":[],"decorative_inserts":[],"side":[],"support":[],"front_doors":[],"top_front_doors":[],"seat_structure":[],"top_structure":[],"covering":[],"optional_shelf":[],"mirror":[],"side_panels":[],"centerpiece":[]},"colors":{"top":[],"structure":{"77344":77344,"77336":77336,"77345":77345,"60635":60635},"lower_cuff":[],"upper_cuff":[],"matchable_top":[],"builtin_revolving_central_top":[],"throat":[],"lampshade":[],"back":[],"sitting":{"77344":77344,"77336":77336,"75756":75756,"75759":75759,"60635":60635},"cushions":[],"decorative_inner":[],"decorative_inserts":[],"side":[],"support":[],"front_doors":[],"top_front_doors":[],"seat_structure":[],"top_structure":[],"covering":[],"optional_shelf":[],"mirror":[],"side_panels":[],"centerpiece":[]},"accessories":"","related":[126400,127015],"gallery":[27657,59797],"product_sheet":"https:\/\/www.bontempi.it\/wp-content\/uploads\/2023\/03\/Eva-40.73.pdf","attachments":null,"videos":null,"silhouette":33025},"_links":{"self":[{"href":"https:\/\/www.bontempi.it\/fr\/wp-json\/wp\/v2\/product\/129468","targetHints":{"allow":["GET"]}}],"collection":[{"href":"https:\/\/www.bontempi.it\/fr\/wp-json\/wp\/v2\/product"}],"about":[{"href":"https:\/\/www.bontempi.it\/fr\/wp-json\/wp\/v2\/types\/product"}],"acf:attachment":[{"embeddable":true,"href":"https:\/\/www.bontempi.it\/fr\/wp-json\/wp\/v2\/media\/59797"},{"embeddable":true,"href":"https:\/\/www.bontempi.it\/fr\/wp-json\/wp\/v2\/media\/27657"}],"acf:post":[{"embeddable":true,"href":"https:\/\/www.bontempi.it\/fr\/wp-json\/wp\/v2\/product\/127015"},{"embeddable":true,"href":"https:\/\/www.bontempi.it\/fr\/wp-json\/wp\/v2\/product\/126400"}],"acf:term":[{"embeddable":true,"taxonomy":"room","href":"https:\/\/www.bontempi.it\/fr\/wp-json\/wp\/v2\/room\/71463"},{"embeddable":true,"taxonomy":"room","href":"https:\/\/www.bontempi.it\/fr\/wp-json\/wp\/v2\/room\/71461"},{"embeddable":true,"taxonomy":"kind","href":"https:\/\/www.bontempi.it\/fr\/wp-json\/wp\/v2\/kind\/70957"},{"embeddable":true,"taxonomy":"kind","href":"https:\/\/www.bontempi.it\/fr\/wp-json\/wp\/v2\/kind\/70955"},{"embeddable":true,"taxonomy":"line","href":"https:\/\/www.bontempi.it\/fr\/wp-json\/wp\/v2\/line\/74059"}],"wp:attachment":[{"href":"https:\/\/www.bontempi.it\/fr\/wp-json\/wp\/v2\/media?parent=129468"}],"wp:term":[{"taxonomy":"line","embeddable":true,"href":"https:\/\/www.bontempi.it\/fr\/wp-json\/wp\/v2\/line?post=129468"},{"taxonomy":"kind","embeddable":true,"href":"https:\/\/www.bontempi.it\/fr\/wp-json\/wp\/v2\/kind?post=129468"},{"taxonomy":"room","embeddable":true,"href":"https:\/\/www.bontempi.it\/fr\/wp-json\/wp\/v2\/room?post=129468"},{"taxonomy":"material","embeddable":true,"href":"https:\/\/www.bontempi.it\/fr\/wp-json\/wp\/v2\/material?post=129468"},{"taxonomy":"color","embeddable":true,"href":"https:\/\/www.bontempi.it\/fr\/wp-json\/wp\/v2\/color?post=129468"},{"taxonomy":"certification","embeddable":true,"href":"https:\/\/www.bontempi.it\/fr\/wp-json\/wp\/v2\/certification?post=129468"}],"curies":[{"name":"wp","href":"https:\/\/api.w.org\/{rel}","templated":true}]}}