{"id":129467,"date":"2023-11-09T10:19:21","date_gmt":"2023-11-09T09:19:21","guid":{"rendered":"https:\/\/www.bontempi.it\/product\/eva-sgabello-40-73\/"},"modified":"2024-09-25T12:56:17","modified_gmt":"2024-09-25T10:56:17","slug":"eva-sgabello-40-73","status":"publish","type":"product","link":"https:\/\/www.bontempi.it\/fr\/eva-tabouret-4073\/","title":{"rendered":"Eva Tabouret &#8211; 40.73"},"content":{"rendered":"<p>Tabouret haut structure en m\u00e9tal laqu\u00e9 et coque en Polypropyl\u00e8ne.<\/p>\n","protected":false},"excerpt":{"rendered":"<p>Dossier haut<\/p>\n","protected":false},"featured_media":0,"template":"","line":[74060],"kind":[70955,70957],"room":[71461,71464],"material":[68040,68042,68044,68185,68187,68188,68189,68190,68193],"color":[60635,75630,75756,75759,77336,77344,77348],"certification":[],"class_list":["post-129467","product","type-product","status-publish","hentry","line-eva-footstool-fr","kind-seatings-fr","kind-footstool-fr","room-kitchen-fr","room-contract-fr","material-m028-fr","material-m312-fr","material-m307-fr","material-z039-fr","material-z031-fr","material-z008-fr","material-z009-fr","material-z006-fr","material-z029-fr","color-beige-fr","color-silver-fr","color-orange-fr","color-yellow-fr","color-white-fr","color-grey-fr","color-pink-gold-fr"],"acf":{"sku":"40.73","line":[74060],"is_accessory":false,"is_configurable":true,"kind":[70955,70957],"rooms":[71461,71464],"seats":"","dimensions":{"diameter":"","x":"48","z":"52","y":"116\/75"},"finishing":{"top":[],"structure":{"68013":68013,"68015":68015,"68016":68016,"68029":68029,"68033":68033,"68034":68034,"68035":68035,"68036":68036,"68037":68037,"68040":68040,"68042":68042,"68044":68044},"lower_cuff":[],"upper_cuff":[],"matchable_top":[],"builtin_revolving_central_top":[],"throat":[],"lampshade":[],"back":[],"sitting":{"68185":68185,"68187":68187,"68188":68188,"68189":68189,"68190":68190,"68193":68193},"cushions":[],"decorative_inner":[],"decorative_inserts":[],"side":[],"support":[],"front_doors":[],"top_front_doors":[],"seat_structure":[],"top_structure":[],"covering":[],"optional_shelf":[],"mirror":[],"side_panels":[],"centerpiece":[]},"colors":{"top":[],"structure":{"77344":77344,"75630":75630,"77336":77336,"77346":77346,"77347":77347,"77348":77348,"77345":77345,"60635":60635},"lower_cuff":[],"upper_cuff":[],"matchable_top":[],"builtin_revolving_central_top":[],"throat":[],"lampshade":[],"back":[],"sitting":{"77344":77344,"77336":77336,"75756":75756,"75759":75759,"60635":60635},"cushions":[],"decorative_inner":[],"decorative_inserts":[],"side":[],"support":[],"front_doors":[],"top_front_doors":[],"seat_structure":[],"top_structure":[],"covering":[],"optional_shelf":[],"mirror":[],"side_panels":[],"centerpiece":[]},"accessories":"","related":[126973],"gallery":[27308],"product_sheet":"https:\/\/www.bontempi.it\/wp-content\/uploads\/2023\/03\/Eva-40.73.pdf","attachments":null,"videos":null,"silhouette":33025},"_links":{"self":[{"href":"https:\/\/www.bontempi.it\/fr\/wp-json\/wp\/v2\/product\/129467","targetHints":{"allow":["GET"]}}],"collection":[{"href":"https:\/\/www.bontempi.it\/fr\/wp-json\/wp\/v2\/product"}],"about":[{"href":"https:\/\/www.bontempi.it\/fr\/wp-json\/wp\/v2\/types\/product"}],"acf:attachment":[{"embeddable":true,"href":"https:\/\/www.bontempi.it\/fr\/wp-json\/wp\/v2\/media\/27308"}],"acf:post":[{"embeddable":true,"href":"https:\/\/www.bontempi.it\/fr\/wp-json\/wp\/v2\/product\/126973"}],"acf:term":[{"embeddable":true,"taxonomy":"room","href":"https:\/\/www.bontempi.it\/fr\/wp-json\/wp\/v2\/room\/71464"},{"embeddable":true,"taxonomy":"room","href":"https:\/\/www.bontempi.it\/fr\/wp-json\/wp\/v2\/room\/71461"},{"embeddable":true,"taxonomy":"kind","href":"https:\/\/www.bontempi.it\/fr\/wp-json\/wp\/v2\/kind\/70957"},{"embeddable":true,"taxonomy":"kind","href":"https:\/\/www.bontempi.it\/fr\/wp-json\/wp\/v2\/kind\/70955"},{"embeddable":true,"taxonomy":"line","href":"https:\/\/www.bontempi.it\/fr\/wp-json\/wp\/v2\/line\/74060"}],"wp:attachment":[{"href":"https:\/\/www.bontempi.it\/fr\/wp-json\/wp\/v2\/media?parent=129467"}],"wp:term":[{"taxonomy":"line","embeddable":true,"href":"https:\/\/www.bontempi.it\/fr\/wp-json\/wp\/v2\/line?post=129467"},{"taxonomy":"kind","embeddable":true,"href":"https:\/\/www.bontempi.it\/fr\/wp-json\/wp\/v2\/kind?post=129467"},{"taxonomy":"room","embeddable":true,"href":"https:\/\/www.bontempi.it\/fr\/wp-json\/wp\/v2\/room?post=129467"},{"taxonomy":"material","embeddable":true,"href":"https:\/\/www.bontempi.it\/fr\/wp-json\/wp\/v2\/material?post=129467"},{"taxonomy":"color","embeddable":true,"href":"https:\/\/www.bontempi.it\/fr\/wp-json\/wp\/v2\/color?post=129467"},{"taxonomy":"certification","embeddable":true,"href":"https:\/\/www.bontempi.it\/fr\/wp-json\/wp\/v2\/certification?post=129467"}],"curies":[{"name":"wp","href":"https:\/\/api.w.org\/{rel}","templated":true}]}}