{"id":129459,"date":"2023-11-09T10:18:10","date_gmt":"2023-11-09T09:18:10","guid":{"rendered":"https:\/\/www.bontempi.it\/product\/margot-40-65\/"},"modified":"2024-09-25T12:56:00","modified_gmt":"2024-09-25T10:56:00","slug":"margot-40-65","status":"publish","type":"product","link":"https:\/\/www.bontempi.it\/fr\/margot-4065\/","title":{"rendered":"Margot &#8211; 40.65"},"content":{"rendered":"<p>Chaise structure en bois massif. Coque rembourr\u00e9e et rev\u00eatue en Cuir \u00c9co Premium, tissu Bouquet, tissu Gourmet, tissu Nordic, Pure Virgin Wool, Velours Supreme et Peau Premium. Aussi disponible avec le rev\u00eatement du dossier matelass\u00e9 (uniquement pour les tissus Nordic, Cuir \u00e9co Premium et Peau Premium).<\/p>\n","protected":false},"excerpt":{"rendered":"<p>Bois massif<\/p>\n","protected":false},"featured_media":0,"template":"","line":[74156],"kind":[70955,70956],"room":[71459,71460,71464],"material":[68141,68282,68314,68428,75234,75507,76841,68143,68284,68316,68430,75235,75511,68145,68286,68318,68538,75236,75515,67990,68149,68288,68402,68690,75237,75519,67992,68151,68290,68404,68841,75238,75523,67993,68153,68292,68406,75222,75240,75527,68119,68155,68294,68408,75224,75241,75676,68121,68156,68296,68410,75225,75243,75678,68123,68159,68298,68412,75226,75475,75679,68125,68161,68300,68414,75227,75479,75680,68127,68163,68302,68416,75228,75483,75681,68129,68165,68304,68418,75229,75487,75682,68131,68167,68306,68420,75230,75491,75683,68133,68169,68308,68422,75231,75495,76837,68135,68278,68310,68424,75232,75499,76838,68139,68280,68312,68426,75233,75503,76840],"color":[77349,60635,75039,75171,75753,75754,75755,75756,75758,75759,77336,77344,77345,77346],"certification":[60767],"class_list":["post-129459","product","type-product","status-publish","hentry","line-margot-fr","kind-seatings-fr","kind-chairs-fr","room-living-fr","room-hall-fr","room-contract-fr","material-pr08-fr","material-tebq013-fr","material-tebq001-fr","material-teno001-fr","material-tego016-fr","material-vn04-fr","material-pg10-fr","material-pr20-fr","material-tebq016-fr","material-tebq006-fr","material-teno008-fr","material-tego017-fr","material-vn02-fr","material-pr05-fr","material-tebq017-fr","material-tebq011-fr","material-tego024-fr","material-tego018-fr","material-vn09-fr","material-l006-fr","material-pr11-fr","material-tebq005-fr","material-teno009-fr","material-tego021-fr","material-tego019-fr","material-vn07-fr","material-l110-fr","material-pr15-fr","material-tebq010-fr","material-teno003-fr","material-tns09-fr","material-tego020-fr","material-vn05-fr","material-l109-fr","material-pr23-fr","material-tebq002-fr","material-teno015-fr","material-tego002-fr","material-tego022-fr","material-vn03-fr","material-pr24-fr","material-pr21-fr","material-tebq015-fr","material-teno002-fr","material-tego005-fr","material-tego023-fr","material-sunrise-fabric-fr","material-pr10-fr","material-pr22-fr","material-tebq014-fr","material-teno005-fr","material-tego006-fr","material-tego025-fr","material-tesu002-fr","material-pr12-fr","material-pr04-fr","material-tebq021-fr","material-teno007-fr","material-tego007-fr","material-pg05-fr","material-tesu003-fr","material-pr02-fr","material-pr09-fr","material-tebq018-fr","material-teno013-fr","material-tego008-fr","material-pg04-fr","material-tesu004-fr","material-pr03-fr","material-pr17-fr","material-tebq019-fr","material-teno004-fr","material-tego009-fr","material-pg03-fr","material-tesu005-fr","material-pr01-fr","material-pr06-fr","material-tebq003-fr","material-teno010-fr","material-tego010-fr","material-pg01-fr","material-tesu006-fr","material-pr13-fr","material-pr18-fr","material-tebq012-fr","material-teno014-fr","material-tego011-fr","material-pg02-fr","material-tesu007-fr","material-pr16-fr","material-pr19-fr","material-tebq009-fr","material-teno006-fr","material-tego012-fr","material-vn06-fr","material-pg06-fr","material-pr07-fr","material-tebq020-fr","material-tebq007-fr","material-teno011-fr","material-tego014-fr","material-vn08-fr","material-pg07-fr","material-pr14-fr","material-tebq004-fr","material-tebq008-fr","material-teno012-fr","material-tego015-fr","material-vn01-fr","material-pg09-fr","color-red-fr","color-beige-fr","color-light-blue-fr","color-white-black-fr","color-blue-fr","color-brown-fr","color-green-fr","color-orange-fr","color-rose-fr","color-yellow-fr","color-white-fr","color-grey-fr","color-chocolate-fr","color-black-fr","certification-trapuntatura-fr"],"acf":{"sku":"40.65","line":[74156],"is_accessory":false,"is_configurable":true,"kind":[70955,70956],"rooms":[71459,71460,71464],"seats":"","dimensions":{"diameter":"","x":"51","z":"55","y":"87\/49"},"finishing":{"top":[],"structure":{"67965":67965,"67990":67990,"67992":67992,"67993":67993},"lower_cuff":[],"upper_cuff":[],"matchable_top":[],"builtin_revolving_central_top":[],"throat":[],"lampshade":[],"back":[],"sitting":{"68119":68119,"68121":68121,"68123":68123,"68125":68125,"68127":68127,"68129":68129,"68131":68131,"68133":68133,"68135":68135,"68139":68139,"68141":68141,"68143":68143,"68145":68145,"68149":68149,"68151":68151,"68153":68153,"68155":68155,"68156":68156,"68159":68159,"68161":68161,"68163":68163,"68165":68165,"68167":68167,"68169":68169,"68278":68278,"68280":68280,"68282":68282,"68284":68284,"68286":68286,"68288":68288,"68290":68290,"68292":68292,"68294":68294,"68296":68296,"68298":68298,"68300":68300,"68302":68302,"68304":68304,"68306":68306,"68308":68308,"68310":68310,"68312":68312,"68314":68314,"68316":68316,"68318":68318,"68402":68402,"68404":68404,"68406":68406,"68408":68408,"68410":68410,"68412":68412,"68414":68414,"68416":68416,"68418":68418,"68420":68420,"68422":68422,"68424":68424,"68426":68426,"68428":68428,"68430":68430,"68538":68538,"68690":68690,"68841":68841,"75222":75222,"75676":75676,"75224":75224,"75225":75225,"75226":75226,"75227":75227,"75228":75228,"75229":75229,"75230":75230,"75231":75231,"75232":75232,"75233":75233,"75234":75234,"75235":75235,"75236":75236,"75237":75237,"75238":75238,"75240":75240,"75241":75241,"75243":75243,"75491":75491,"75487":75487,"75483":75483,"75479":75479,"75475":75475,"75495":75495,"75511":75511,"75527":75527,"75503":75503,"75507":75507,"75523":75523,"75519":75519,"75499":75499,"75515":75515,"75678":75678,"75679":75679,"75680":75680,"75681":75681,"75682":75682,"75683":75683,"76837":76837,"76838":76838,"76840":76840,"76841":76841},"cushions":[],"decorative_inner":[],"decorative_inserts":[],"side":[],"support":[],"front_doors":[],"top_front_doors":[],"seat_structure":[],"top_structure":[],"covering":[],"optional_shelf":[],"mirror":[],"side_panels":[],"centerpiece":[]},"colors":{"top":[],"structure":{"77345":77345,"77346":77346,"60635":60635},"lower_cuff":[],"upper_cuff":[],"matchable_top":[],"builtin_revolving_central_top":[],"throat":[],"lampshade":[],"back":[],"sitting":{"77349":77349,"77344":77344,"75039":75039,"60635":60635,"77336":77336,"77345":77345,"75758":75758,"75759":75759,"77346":77346,"75755":75755,"75753":75753,"75754":75754,"75756":75756,"75171":75171},"cushions":[],"decorative_inner":[],"decorative_inserts":[],"side":[],"support":[],"front_doors":[],"top_front_doors":[],"seat_structure":[],"top_structure":[],"covering":[],"optional_shelf":[],"mirror":[],"side_panels":[],"centerpiece":[]},"accessories":"","related":[126461,126689,126692,126694,126695,126705,126831,126983,126984,127008,127064,127102,127184,127195,127244,127255,127256,127263,127362],"gallery":[27573,11622,27575,27623,20222,20223,60267,11510,40744,27593],"product_sheet":"https:\/\/www.bontempi.it\/wp-content\/uploads\/2023\/03\/Margot-40.65.pdf","attachments":null,"videos":null,"silhouette":37180},"_links":{"self":[{"href":"https:\/\/www.bontempi.it\/fr\/wp-json\/wp\/v2\/product\/129459","targetHints":{"allow":["GET"]}}],"collection":[{"href":"https:\/\/www.bontempi.it\/fr\/wp-json\/wp\/v2\/product"}],"about":[{"href":"https:\/\/www.bontempi.it\/fr\/wp-json\/wp\/v2\/types\/product"}],"acf:attachment":[{"embeddable":true,"href":"https:\/\/www.bontempi.it\/fr\/wp-json\/wp\/v2\/media\/27593"},{"embeddable":true,"href":"https:\/\/www.bontempi.it\/fr\/wp-json\/wp\/v2\/media\/40744"},{"embeddable":true,"href":"https:\/\/www.bontempi.it\/fr\/wp-json\/wp\/v2\/media\/11510"},{"embeddable":true,"href":"https:\/\/www.bontempi.it\/fr\/wp-json\/wp\/v2\/media\/60267"},{"embeddable":true,"href":"https:\/\/www.bontempi.it\/fr\/wp-json\/wp\/v2\/media\/20223"},{"embeddable":true,"href":"https:\/\/www.bontempi.it\/fr\/wp-json\/wp\/v2\/media\/20222"},{"embeddable":true,"href":"https:\/\/www.bontempi.it\/fr\/wp-json\/wp\/v2\/media\/27623"},{"embeddable":true,"href":"https:\/\/www.bontempi.it\/fr\/wp-json\/wp\/v2\/media\/27575"},{"embeddable":true,"href":"https:\/\/www.bontempi.it\/fr\/wp-json\/wp\/v2\/media\/11622"},{"embeddable":true,"href":"https:\/\/www.bontempi.it\/fr\/wp-json\/wp\/v2\/media\/27573"}],"acf:post":[{"embeddable":true,"href":"https:\/\/www.bontempi.it\/fr\/wp-json\/wp\/v2\/product\/127362"},{"embeddable":true,"href":"https:\/\/www.bontempi.it\/fr\/wp-json\/wp\/v2\/product\/127263"},{"embeddable":true,"href":"https:\/\/www.bontempi.it\/fr\/wp-json\/wp\/v2\/product\/127256"},{"embeddable":true,"href":"https:\/\/www.bontempi.it\/fr\/wp-json\/wp\/v2\/product\/127255"},{"embeddable":true,"href":"https:\/\/www.bontempi.it\/fr\/wp-json\/wp\/v2\/product\/127244"},{"embeddable":true,"href":"https:\/\/www.bontempi.it\/fr\/wp-json\/wp\/v2\/product\/127195"},{"embeddable":true,"href":"https:\/\/www.bontempi.it\/fr\/wp-json\/wp\/v2\/product\/127184"},{"embeddable":true,"href":"https:\/\/www.bontempi.it\/fr\/wp-json\/wp\/v2\/product\/127102"},{"embeddable":true,"href":"https:\/\/www.bontempi.it\/fr\/wp-json\/wp\/v2\/product\/127064"},{"embeddable":true,"href":"https:\/\/www.bontempi.it\/fr\/wp-json\/wp\/v2\/product\/127008"},{"embeddable":true,"href":"https:\/\/www.bontempi.it\/fr\/wp-json\/wp\/v2\/product\/126984"},{"embeddable":true,"href":"https:\/\/www.bontempi.it\/fr\/wp-json\/wp\/v2\/product\/126983"},{"embeddable":true,"href":"https:\/\/www.bontempi.it\/fr\/wp-json\/wp\/v2\/product\/126831"},{"embeddable":true,"href":"https:\/\/www.bontempi.it\/fr\/wp-json\/wp\/v2\/product\/126705"},{"embeddable":true,"href":"https:\/\/www.bontempi.it\/fr\/wp-json\/wp\/v2\/product\/126695"},{"embeddable":true,"href":"https:\/\/www.bontempi.it\/fr\/wp-json\/wp\/v2\/product\/126694"},{"embeddable":true,"href":"https:\/\/www.bontempi.it\/fr\/wp-json\/wp\/v2\/product\/126692"},{"embeddable":true,"href":"https:\/\/www.bontempi.it\/fr\/wp-json\/wp\/v2\/product\/126689"},{"embeddable":true,"href":"https:\/\/www.bontempi.it\/fr\/wp-json\/wp\/v2\/product\/126461"}],"acf:term":[{"embeddable":true,"taxonomy":"room","href":"https:\/\/www.bontempi.it\/fr\/wp-json\/wp\/v2\/room\/71464"},{"embeddable":true,"taxonomy":"room","href":"https:\/\/www.bontempi.it\/fr\/wp-json\/wp\/v2\/room\/71460"},{"embeddable":true,"taxonomy":"room","href":"https:\/\/www.bontempi.it\/fr\/wp-json\/wp\/v2\/room\/71459"},{"embeddable":true,"taxonomy":"kind","href":"https:\/\/www.bontempi.it\/fr\/wp-json\/wp\/v2\/kind\/70956"},{"embeddable":true,"taxonomy":"kind","href":"https:\/\/www.bontempi.it\/fr\/wp-json\/wp\/v2\/kind\/70955"},{"embeddable":true,"taxonomy":"line","href":"https:\/\/www.bontempi.it\/fr\/wp-json\/wp\/v2\/line\/74156"}],"wp:attachment":[{"href":"https:\/\/www.bontempi.it\/fr\/wp-json\/wp\/v2\/media?parent=129459"}],"wp:term":[{"taxonomy":"line","embeddable":true,"href":"https:\/\/www.bontempi.it\/fr\/wp-json\/wp\/v2\/line?post=129459"},{"taxonomy":"kind","embeddable":true,"href":"https:\/\/www.bontempi.it\/fr\/wp-json\/wp\/v2\/kind?post=129459"},{"taxonomy":"room","embeddable":true,"href":"https:\/\/www.bontempi.it\/fr\/wp-json\/wp\/v2\/room?post=129459"},{"taxonomy":"material","embeddable":true,"href":"https:\/\/www.bontempi.it\/fr\/wp-json\/wp\/v2\/material?post=129459"},{"taxonomy":"color","embeddable":true,"href":"https:\/\/www.bontempi.it\/fr\/wp-json\/wp\/v2\/color?post=129459"},{"taxonomy":"certification","embeddable":true,"href":"https:\/\/www.bontempi.it\/fr\/wp-json\/wp\/v2\/certification?post=129459"}],"curies":[{"name":"wp","href":"https:\/\/api.w.org\/{rel}","templated":true}]}}