{"id":129443,"date":"2023-11-09T10:16:56","date_gmt":"2023-11-09T09:16:56","guid":{"rendered":"https:\/\/www.bontempi.it\/product\/lucrezia-40-53\/"},"modified":"2024-09-25T12:56:27","modified_gmt":"2024-09-25T10:56:27","slug":"lucrezia-40-53","status":"publish","type":"product","link":"https:\/\/www.bontempi.it\/fr\/lucrezia-4053\/","title":{"rendered":"Lucrezia &#8211; 40.53"},"content":{"rendered":"<p>Chaise avec structure en acier laqu\u00e9, rembourr\u00e9e et rev\u00eatue en cuir, couture contrast\u00e9e ou ton sur to.<\/p>\n","protected":false},"excerpt":{"rendered":"<p>M\u00e9tal laqu\u00e9<\/p>\n","protected":false},"featured_media":0,"template":"","line":[74142],"kind":[70955,70956],"room":[],"material":[67950,67951,67952,67953],"color":[60635,75754,77346,77349],"certification":[],"class_list":["post-129443","product","type-product","status-publish","hentry","line-lucrezia-fr","kind-seatings-fr","kind-chairs-fr","material-q504p-fr","material-q400p-fr","material-q408p-fr","material-q403p-fr","color-beige-fr","color-brown-fr","color-black-fr","color-red-fr"],"acf":{"sku":"40.53","line":[74142],"is_accessory":false,"is_configurable":true,"kind":[70955,70956],"rooms":false,"seats":"","dimensions":{"diameter":"","x":"54","z":"60","y":"75\/46"},"finishing":{"top":[],"structure":{"68013":68013,"68015":68015,"68016":68016,"68029":68029,"68033":68033,"68034":68034,"68035":68035,"68036":68036,"68037":68037,"68040":68040,"68042":68042,"68044":68044},"lower_cuff":[],"upper_cuff":[],"matchable_top":[],"builtin_revolving_central_top":[],"throat":[],"lampshade":[],"back":[],"sitting":[],"cushions":[],"decorative_inner":[],"decorative_inserts":[],"side":[],"support":[],"front_doors":[],"top_front_doors":[],"seat_structure":{"67950":67950,"67951":67951,"67952":67952,"67953":67953},"top_structure":[],"covering":[],"optional_shelf":[],"mirror":[],"side_panels":[],"centerpiece":[]},"colors":{"top":[],"structure":{"77344":77344,"75630":75630,"77336":77336,"77346":77346,"77347":77347,"77348":77348,"77345":77345,"60635":60635},"lower_cuff":[],"upper_cuff":[],"matchable_top":[],"builtin_revolving_central_top":[],"throat":[],"lampshade":[],"back":[],"sitting":[],"cushions":[],"decorative_inner":[],"decorative_inserts":[],"side":[],"support":[],"front_doors":[],"top_front_doors":[],"seat_structure":{"77349":77349,"77346":77346,"60635":60635,"75754":75754},"top_structure":[],"covering":[],"optional_shelf":[],"mirror":[],"side_panels":[],"centerpiece":[]},"accessories":"","related":[126911,126946],"gallery":[104513,104533,104538,104508,104478],"product_sheet":"https:\/\/www.bontempi.it\/wp-content\/uploads\/2023\/03\/Lucrezia_40.53.pdf","attachments":null,"videos":null,"silhouette":103628},"_links":{"self":[{"href":"https:\/\/www.bontempi.it\/fr\/wp-json\/wp\/v2\/product\/129443","targetHints":{"allow":["GET"]}}],"collection":[{"href":"https:\/\/www.bontempi.it\/fr\/wp-json\/wp\/v2\/product"}],"about":[{"href":"https:\/\/www.bontempi.it\/fr\/wp-json\/wp\/v2\/types\/product"}],"acf:attachment":[{"embeddable":true,"href":"https:\/\/www.bontempi.it\/fr\/wp-json\/wp\/v2\/media\/104478"},{"embeddable":true,"href":"https:\/\/www.bontempi.it\/fr\/wp-json\/wp\/v2\/media\/104508"},{"embeddable":true,"href":"https:\/\/www.bontempi.it\/fr\/wp-json\/wp\/v2\/media\/104538"},{"embeddable":true,"href":"https:\/\/www.bontempi.it\/fr\/wp-json\/wp\/v2\/media\/104533"},{"embeddable":true,"href":"https:\/\/www.bontempi.it\/fr\/wp-json\/wp\/v2\/media\/104513"}],"acf:post":[{"embeddable":true,"href":"https:\/\/www.bontempi.it\/fr\/wp-json\/wp\/v2\/product\/126946"},{"embeddable":true,"href":"https:\/\/www.bontempi.it\/fr\/wp-json\/wp\/v2\/product\/126911"}],"acf:term":[{"embeddable":true,"taxonomy":"kind","href":"https:\/\/www.bontempi.it\/fr\/wp-json\/wp\/v2\/kind\/70956"},{"embeddable":true,"taxonomy":"kind","href":"https:\/\/www.bontempi.it\/fr\/wp-json\/wp\/v2\/kind\/70955"},{"embeddable":true,"taxonomy":"line","href":"https:\/\/www.bontempi.it\/fr\/wp-json\/wp\/v2\/line\/74142"}],"wp:attachment":[{"href":"https:\/\/www.bontempi.it\/fr\/wp-json\/wp\/v2\/media?parent=129443"}],"wp:term":[{"taxonomy":"line","embeddable":true,"href":"https:\/\/www.bontempi.it\/fr\/wp-json\/wp\/v2\/line?post=129443"},{"taxonomy":"kind","embeddable":true,"href":"https:\/\/www.bontempi.it\/fr\/wp-json\/wp\/v2\/kind?post=129443"},{"taxonomy":"room","embeddable":true,"href":"https:\/\/www.bontempi.it\/fr\/wp-json\/wp\/v2\/room?post=129443"},{"taxonomy":"material","embeddable":true,"href":"https:\/\/www.bontempi.it\/fr\/wp-json\/wp\/v2\/material?post=129443"},{"taxonomy":"color","embeddable":true,"href":"https:\/\/www.bontempi.it\/fr\/wp-json\/wp\/v2\/color?post=129443"},{"taxonomy":"certification","embeddable":true,"href":"https:\/\/www.bontempi.it\/fr\/wp-json\/wp\/v2\/certification?post=129443"}],"curies":[{"name":"wp","href":"https:\/\/api.w.org\/{rel}","templated":true}]}}