{"id":129440,"date":"2023-11-09T10:16:56","date_gmt":"2023-11-09T09:16:56","guid":{"rendered":"https:\/\/www.bontempi.it\/product\/seventy-40-50\/"},"modified":"2024-09-25T12:56:27","modified_gmt":"2024-09-25T10:56:27","slug":"seventy-40-50","status":"publish","type":"product","link":"https:\/\/www.bontempi.it\/fr\/seventy-4050\/","title":{"rendered":"Seventy &#8211; 40.50"},"content":{"rendered":"<p>Chaise structure en m\u00e9tal laqu\u00e9 ou chrom\u00e9. Coque rembourr\u00e9e et rev\u00eatue.<\/p>\n","protected":false},"excerpt":{"rendered":"<p>M\u00e9tal laqu\u00e9<\/p>\n","protected":false},"featured_media":0,"template":"","line":[74242],"kind":[70955,70956],"room":[71461],"material":[75677,75678,75679,75680,75681,75682,75683,75495,75499,75503,75507,75511,75515,75519,75523,75527],"color":[60635,75756,75759,77336,77344,77345],"certification":[],"class_list":["post-129440","product","type-product","status-publish","hentry","line-seventy-fr","kind-seatings-fr","kind-chairs-fr","room-kitchen-fr","material-tesu001-fr","material-tesu002-fr","material-tesu003-fr","material-tesu004-fr","material-tesu005-fr","material-tesu006-fr","material-tesu007-fr","material-vn06-fr","material-vn08-fr","material-vn01-fr","material-vn04-fr","material-vn02-fr","material-vn09-fr","material-vn07-fr","material-vn05-fr","material-vn03-fr","color-beige-fr","color-orange-fr","color-yellow-fr","color-white-fr","color-grey-fr","color-chocolate-fr"],"acf":{"sku":"40.50","line":[74242],"is_accessory":false,"is_configurable":true,"kind":[70955,70956],"rooms":[71461],"seats":"","dimensions":{"diameter":"","x":"52","z":"58","y":"83\/46"},"finishing":{"top":[],"structure":{"68013":68013,"68015":68015,"68016":68016,"68029":68029,"68033":68033,"68034":68034,"68035":68035,"68036":68036,"68037":68037,"68040":68040,"68042":68042,"68044":68044},"lower_cuff":[],"upper_cuff":[],"matchable_top":[],"builtin_revolving_central_top":[],"throat":[],"lampshade":[],"back":[],"sitting":{"75495":75495,"75511":75511,"75527":75527,"75503":75503,"75507":75507,"75523":75523,"75519":75519,"75499":75499,"75515":75515,"75677":75677,"75678":75678,"75679":75679,"75680":75680,"75681":75681,"75682":75682,"75683":75683},"cushions":[],"decorative_inner":[],"decorative_inserts":[],"side":[],"support":[],"front_doors":[],"top_front_doors":[],"seat_structure":[],"top_structure":[],"covering":[],"optional_shelf":[],"mirror":[],"side_panels":[],"centerpiece":[]},"colors":{"top":[],"structure":{"77344":77344,"75630":75630,"77336":77336,"77346":77346,"77347":77347,"77348":77348,"77345":77345,"60635":60635},"lower_cuff":[],"upper_cuff":[],"matchable_top":[],"builtin_revolving_central_top":[],"throat":[],"lampshade":[],"back":[],"sitting":{"75756":75756,"77336":77336,"75759":75759,"77345":77345,"60635":60635,"77344":77344},"cushions":[],"decorative_inner":[],"decorative_inserts":[],"side":[],"support":[],"front_doors":[],"top_front_doors":[],"seat_structure":[],"top_structure":[],"covering":[],"optional_shelf":[],"mirror":[],"side_panels":[],"centerpiece":[]},"accessories":"","related":[126238,126241,126771],"gallery":[9563,20033,20034,59972,79915,10563],"product_sheet":"https:\/\/www.bontempi.it\/wp-content\/uploads\/2023\/03\/Seventy-40.50.pdf","attachments":null,"videos":null,"silhouette":6934},"_links":{"self":[{"href":"https:\/\/www.bontempi.it\/fr\/wp-json\/wp\/v2\/product\/129440","targetHints":{"allow":["GET"]}}],"collection":[{"href":"https:\/\/www.bontempi.it\/fr\/wp-json\/wp\/v2\/product"}],"about":[{"href":"https:\/\/www.bontempi.it\/fr\/wp-json\/wp\/v2\/types\/product"}],"acf:attachment":[{"embeddable":true,"href":"https:\/\/www.bontempi.it\/fr\/wp-json\/wp\/v2\/media\/10563"},{"embeddable":true,"href":"https:\/\/www.bontempi.it\/fr\/wp-json\/wp\/v2\/media\/79915"},{"embeddable":true,"href":"https:\/\/www.bontempi.it\/fr\/wp-json\/wp\/v2\/media\/59972"},{"embeddable":true,"href":"https:\/\/www.bontempi.it\/fr\/wp-json\/wp\/v2\/media\/20034"},{"embeddable":true,"href":"https:\/\/www.bontempi.it\/fr\/wp-json\/wp\/v2\/media\/20033"},{"embeddable":true,"href":"https:\/\/www.bontempi.it\/fr\/wp-json\/wp\/v2\/media\/9563"}],"acf:post":[{"embeddable":true,"href":"https:\/\/www.bontempi.it\/fr\/wp-json\/wp\/v2\/product\/126771"},{"embeddable":true,"href":"https:\/\/www.bontempi.it\/fr\/wp-json\/wp\/v2\/product\/126241"},{"embeddable":true,"href":"https:\/\/www.bontempi.it\/fr\/wp-json\/wp\/v2\/product\/126238"}],"acf:term":[{"embeddable":true,"taxonomy":"room","href":"https:\/\/www.bontempi.it\/fr\/wp-json\/wp\/v2\/room\/71461"},{"embeddable":true,"taxonomy":"kind","href":"https:\/\/www.bontempi.it\/fr\/wp-json\/wp\/v2\/kind\/70956"},{"embeddable":true,"taxonomy":"kind","href":"https:\/\/www.bontempi.it\/fr\/wp-json\/wp\/v2\/kind\/70955"},{"embeddable":true,"taxonomy":"line","href":"https:\/\/www.bontempi.it\/fr\/wp-json\/wp\/v2\/line\/74242"}],"wp:attachment":[{"href":"https:\/\/www.bontempi.it\/fr\/wp-json\/wp\/v2\/media?parent=129440"}],"wp:term":[{"taxonomy":"line","embeddable":true,"href":"https:\/\/www.bontempi.it\/fr\/wp-json\/wp\/v2\/line?post=129440"},{"taxonomy":"kind","embeddable":true,"href":"https:\/\/www.bontempi.it\/fr\/wp-json\/wp\/v2\/kind?post=129440"},{"taxonomy":"room","embeddable":true,"href":"https:\/\/www.bontempi.it\/fr\/wp-json\/wp\/v2\/room?post=129440"},{"taxonomy":"material","embeddable":true,"href":"https:\/\/www.bontempi.it\/fr\/wp-json\/wp\/v2\/material?post=129440"},{"taxonomy":"color","embeddable":true,"href":"https:\/\/www.bontempi.it\/fr\/wp-json\/wp\/v2\/color?post=129440"},{"taxonomy":"certification","embeddable":true,"href":"https:\/\/www.bontempi.it\/fr\/wp-json\/wp\/v2\/certification?post=129440"}],"curies":[{"name":"wp","href":"https:\/\/api.w.org\/{rel}","templated":true}]}}