{"id":129436,"date":"2023-11-09T10:16:56","date_gmt":"2023-11-09T09:16:56","guid":{"rendered":"https:\/\/www.bontempi.it\/product\/margot-40-46\/"},"modified":"2024-09-25T12:56:34","modified_gmt":"2024-09-25T10:56:34","slug":"margot-40-46","status":"publish","type":"product","link":"https:\/\/www.bontempi.it\/fr\/margot-4046\/","title":{"rendered":"Margot &#8211; 40.46"},"content":{"rendered":"<p>Chaise avec accoudoirs structure en m\u00e9tal laqu\u00e9. Coque rembourr\u00e9e et rev\u00eatue en Cuir \u00c9co Premium, tissu Bouquet, tissu Gourmet, tissu Nordic, Pure Virgin Wool, Velours Supreme et Peau Premium. Aussi disponible avec le rev\u00eatement du dossier matelass\u00e9 (uniquement pour les tissus Nordic, Cuir \u00e9co Premium et Peau Premium).<\/p>\n","protected":false},"excerpt":{"rendered":"<p>M\u00e9tal laqu\u00e9 avec accoudoirs<\/p>\n","protected":false},"featured_media":0,"template":"","line":[74156],"kind":[70955,70956],"room":[71460,71464],"material":[75679,75475,75680,75479,75681,75483,75682,75487,75683,75491,76837,75495,76838,75499,76840,75503,76841,75507,75511,75515,75519,75523,75527,75678],"color":[60635,75756,75759,77336,77344,77345,77346],"certification":[60767],"class_list":["post-129436","product","type-product","status-publish","hentry","line-margot-fr","kind-seatings-fr","kind-chairs-fr","room-hall-fr","room-contract-fr","material-tesu003-fr","material-pg05-fr","material-tesu004-fr","material-pg04-fr","material-tesu005-fr","material-pg03-fr","material-tesu006-fr","material-pg01-fr","material-tesu007-fr","material-pg02-fr","material-pg06-fr","material-vn06-fr","material-pg07-fr","material-vn08-fr","material-pg09-fr","material-vn01-fr","material-pg10-fr","material-vn04-fr","material-vn02-fr","material-vn09-fr","material-vn07-fr","material-vn05-fr","material-vn03-fr","material-tesu002-fr","color-beige-fr","color-orange-fr","color-yellow-fr","color-white-fr","color-grey-fr","color-chocolate-fr","color-black-fr","certification-trapuntatura-fr"],"acf":{"sku":"40.46","line":[74156],"is_accessory":false,"is_configurable":true,"kind":[70955,70956],"rooms":[71460,71464],"seats":"","dimensions":{"diameter":"","x":"55","z":"56","y":"83\/48"},"finishing":{"top":[],"structure":{"68013":68013,"68015":68015,"68016":68016,"68029":68029,"68033":68033,"68034":68034,"68035":68035,"68036":68036,"68037":68037,"68040":68040,"68042":68042,"68044":68044},"lower_cuff":[],"upper_cuff":[],"matchable_top":[],"builtin_revolving_central_top":[],"throat":[],"lampshade":[],"back":[],"sitting":{"75491":75491,"75487":75487,"75483":75483,"75479":75479,"75475":75475,"75495":75495,"75511":75511,"75527":75527,"75503":75503,"75507":75507,"75523":75523,"75519":75519,"75499":75499,"75515":75515,"75678":75678,"75679":75679,"75680":75680,"75681":75681,"75682":75682,"75683":75683,"76837":76837,"76838":76838,"76840":76840,"76841":76841},"cushions":[],"decorative_inner":[],"decorative_inserts":[],"side":[],"support":[],"front_doors":[],"top_front_doors":[],"seat_structure":[],"top_structure":[],"covering":[],"optional_shelf":[],"mirror":[],"side_panels":[],"centerpiece":[]},"colors":{"top":[],"structure":{"77344":77344,"75630":75630,"77336":77336,"77346":77346,"77347":77347,"77348":77348,"77345":77345,"60635":60635},"lower_cuff":[],"upper_cuff":[],"matchable_top":[],"builtin_revolving_central_top":[],"throat":[],"lampshade":[],"back":[],"sitting":{"60635":60635,"77336":77336,"77344":77344,"77346":77346,"75756":75756,"75759":75759,"77345":77345},"cushions":[],"decorative_inner":[],"decorative_inserts":[],"side":[],"support":[],"front_doors":[],"top_front_doors":[],"seat_structure":[],"top_structure":[],"covering":[],"optional_shelf":[],"mirror":[],"side_panels":[],"centerpiece":[]},"accessories":"","related":[126983,127007,127008,127139,127184,127268],"gallery":[11922,40959,27593],"product_sheet":"https:\/\/www.bontempi.it\/wp-content\/uploads\/2023\/03\/Margot-40.46.pdf","attachments":null,"videos":null,"silhouette":37240},"_links":{"self":[{"href":"https:\/\/www.bontempi.it\/fr\/wp-json\/wp\/v2\/product\/129436","targetHints":{"allow":["GET"]}}],"collection":[{"href":"https:\/\/www.bontempi.it\/fr\/wp-json\/wp\/v2\/product"}],"about":[{"href":"https:\/\/www.bontempi.it\/fr\/wp-json\/wp\/v2\/types\/product"}],"acf:attachment":[{"embeddable":true,"href":"https:\/\/www.bontempi.it\/fr\/wp-json\/wp\/v2\/media\/27593"},{"embeddable":true,"href":"https:\/\/www.bontempi.it\/fr\/wp-json\/wp\/v2\/media\/40959"},{"embeddable":true,"href":"https:\/\/www.bontempi.it\/fr\/wp-json\/wp\/v2\/media\/11922"}],"acf:post":[{"embeddable":true,"href":"https:\/\/www.bontempi.it\/fr\/wp-json\/wp\/v2\/product\/127268"},{"embeddable":true,"href":"https:\/\/www.bontempi.it\/fr\/wp-json\/wp\/v2\/product\/127184"},{"embeddable":true,"href":"https:\/\/www.bontempi.it\/fr\/wp-json\/wp\/v2\/product\/127139"},{"embeddable":true,"href":"https:\/\/www.bontempi.it\/fr\/wp-json\/wp\/v2\/product\/127008"},{"embeddable":true,"href":"https:\/\/www.bontempi.it\/fr\/wp-json\/wp\/v2\/product\/127007"},{"embeddable":true,"href":"https:\/\/www.bontempi.it\/fr\/wp-json\/wp\/v2\/product\/126983"}],"acf:term":[{"embeddable":true,"taxonomy":"room","href":"https:\/\/www.bontempi.it\/fr\/wp-json\/wp\/v2\/room\/71464"},{"embeddable":true,"taxonomy":"room","href":"https:\/\/www.bontempi.it\/fr\/wp-json\/wp\/v2\/room\/71460"},{"embeddable":true,"taxonomy":"kind","href":"https:\/\/www.bontempi.it\/fr\/wp-json\/wp\/v2\/kind\/70956"},{"embeddable":true,"taxonomy":"kind","href":"https:\/\/www.bontempi.it\/fr\/wp-json\/wp\/v2\/kind\/70955"},{"embeddable":true,"taxonomy":"line","href":"https:\/\/www.bontempi.it\/fr\/wp-json\/wp\/v2\/line\/74156"}],"wp:attachment":[{"href":"https:\/\/www.bontempi.it\/fr\/wp-json\/wp\/v2\/media?parent=129436"}],"wp:term":[{"taxonomy":"line","embeddable":true,"href":"https:\/\/www.bontempi.it\/fr\/wp-json\/wp\/v2\/line?post=129436"},{"taxonomy":"kind","embeddable":true,"href":"https:\/\/www.bontempi.it\/fr\/wp-json\/wp\/v2\/kind?post=129436"},{"taxonomy":"room","embeddable":true,"href":"https:\/\/www.bontempi.it\/fr\/wp-json\/wp\/v2\/room?post=129436"},{"taxonomy":"material","embeddable":true,"href":"https:\/\/www.bontempi.it\/fr\/wp-json\/wp\/v2\/material?post=129436"},{"taxonomy":"color","embeddable":true,"href":"https:\/\/www.bontempi.it\/fr\/wp-json\/wp\/v2\/color?post=129436"},{"taxonomy":"certification","embeddable":true,"href":"https:\/\/www.bontempi.it\/fr\/wp-json\/wp\/v2\/certification?post=129436"}],"curies":[{"name":"wp","href":"https:\/\/api.w.org\/{rel}","templated":true}]}}