{"id":129418,"date":"2023-11-09T10:15:46","date_gmt":"2023-11-09T09:15:46","guid":{"rendered":"https:\/\/www.bontempi.it\/product\/alice-40-18\/"},"modified":"2024-09-25T12:56:07","modified_gmt":"2024-09-25T10:56:07","slug":"alice-40-18","status":"publish","type":"product","link":"https:\/\/www.bontempi.it\/fr\/alice-4018\/","title":{"rendered":"Alice &#8211; 40.18"},"content":{"rendered":"<p>Chaise dossier bas avec structure en m\u00e9tal rev\u00eatue en Cuir \u00e9pais.<\/p>\n","protected":false},"excerpt":{"rendered":"<p>Dossier bas<\/p>\n","protected":false},"featured_media":9863,"template":"","line":[73955],"kind":[70955,70956],"room":[],"material":[67925,67942,67926,67943,67927,67944,67928,67945,67929,67946,67930,67947,67931,67948,67932,67933,67935,67936,67937,67938,67922,67939,67923,67940,67924,67941],"color":[77344,77345,77346,77349,60635,75039,77336],"certification":[60760],"class_list":["post-129418","product","type-product","status-publish","has-post-thumbnail","hentry","line-alice-fr","kind-seatings-fr","kind-chairs-fr","material-q436-fr","material-q400-fr","material-q256-fr","material-q230-fr","material-q429-fr","material-q405-fr","material-q440-fr","material-q238-fr","material-q260-fr","material-q408-fr","material-q401-fr","material-q403-fr","material-q232-fr","material-q235-fr","material-q504-fr","material-q032-fr","material-q259-fr","material-q437-fr","material-q257-fr","material-q438-fr","material-q410-fr","material-q258-fr","material-q406-fr","material-q435-fr","material-q239-fr","material-q255-fr","color-grey-fr","color-chocolate-fr","color-black-fr","color-red-fr","color-beige-fr","color-light-blue-fr","color-white-fr","certification-uni-en-10977-02-uni-en-1728-02-fr"],"acf":{"sku":"40.18","line":[73955],"is_accessory":false,"is_configurable":true,"kind":[70955,70956],"rooms":false,"seats":"","dimensions":{"diameter":"","x":"44","z":"50","y":"81\/46"},"finishing":{"top":[],"structure":[],"lower_cuff":[],"upper_cuff":[],"matchable_top":[],"builtin_revolving_central_top":[],"throat":[],"lampshade":[],"back":[],"sitting":[],"cushions":[],"decorative_inner":[],"decorative_inserts":[],"side":[],"support":[],"front_doors":[],"top_front_doors":[],"seat_structure":{"67922":67922,"67923":67923,"67924":67924,"67925":67925,"67926":67926,"67927":67927,"67928":67928,"67929":67929,"67930":67930,"67931":67931,"67932":67932,"67933":67933,"67935":67935,"67936":67936,"67937":67937,"67938":67938,"67939":67939,"67940":67940,"67941":67941,"67942":67942,"67943":67943,"67944":67944,"67945":67945,"67946":67946,"67947":67947,"67948":67948},"top_structure":[],"covering":[],"optional_shelf":[],"mirror":[],"side_panels":[],"centerpiece":[]},"colors":{"top":[],"structure":[],"lower_cuff":[],"upper_cuff":[],"matchable_top":[],"builtin_revolving_central_top":[],"throat":[],"lampshade":[],"back":[],"sitting":[],"cushions":[],"decorative_inner":[],"decorative_inserts":[],"side":[],"support":[],"front_doors":[],"top_front_doors":[],"seat_structure":{"77344":77344,"60635":60635,"75039":75039,"77336":77336,"77349":77349,"77345":77345,"77346":77346},"top_structure":[],"covering":[],"optional_shelf":[],"mirror":[],"side_panels":[],"centerpiece":[]},"accessories":"","related":[126965,127251],"gallery":[8470,9158],"product_sheet":"https:\/\/www.bontempi.it\/wp-content\/uploads\/2023\/03\/Alice-bassa-40.18.pdf","attachments":null,"videos":null,"silhouette":37096},"_links":{"self":[{"href":"https:\/\/www.bontempi.it\/fr\/wp-json\/wp\/v2\/product\/129418","targetHints":{"allow":["GET"]}}],"collection":[{"href":"https:\/\/www.bontempi.it\/fr\/wp-json\/wp\/v2\/product"}],"about":[{"href":"https:\/\/www.bontempi.it\/fr\/wp-json\/wp\/v2\/types\/product"}],"acf:attachment":[{"embeddable":true,"href":"https:\/\/www.bontempi.it\/fr\/wp-json\/wp\/v2\/media\/9158"},{"embeddable":true,"href":"https:\/\/www.bontempi.it\/fr\/wp-json\/wp\/v2\/media\/8470"}],"acf:post":[{"embeddable":true,"href":"https:\/\/www.bontempi.it\/fr\/wp-json\/wp\/v2\/product\/127251"},{"embeddable":true,"href":"https:\/\/www.bontempi.it\/fr\/wp-json\/wp\/v2\/product\/126965"}],"acf:term":[{"embeddable":true,"taxonomy":"kind","href":"https:\/\/www.bontempi.it\/fr\/wp-json\/wp\/v2\/kind\/70956"},{"embeddable":true,"taxonomy":"kind","href":"https:\/\/www.bontempi.it\/fr\/wp-json\/wp\/v2\/kind\/70955"},{"embeddable":true,"taxonomy":"line","href":"https:\/\/www.bontempi.it\/fr\/wp-json\/wp\/v2\/line\/73955"}],"wp:featuredmedia":[{"embeddable":true,"href":"https:\/\/www.bontempi.it\/fr\/wp-json\/wp\/v2\/media\/9863"}],"wp:attachment":[{"href":"https:\/\/www.bontempi.it\/fr\/wp-json\/wp\/v2\/media?parent=129418"}],"wp:term":[{"taxonomy":"line","embeddable":true,"href":"https:\/\/www.bontempi.it\/fr\/wp-json\/wp\/v2\/line?post=129418"},{"taxonomy":"kind","embeddable":true,"href":"https:\/\/www.bontempi.it\/fr\/wp-json\/wp\/v2\/kind?post=129418"},{"taxonomy":"room","embeddable":true,"href":"https:\/\/www.bontempi.it\/fr\/wp-json\/wp\/v2\/room?post=129418"},{"taxonomy":"material","embeddable":true,"href":"https:\/\/www.bontempi.it\/fr\/wp-json\/wp\/v2\/material?post=129418"},{"taxonomy":"color","embeddable":true,"href":"https:\/\/www.bontempi.it\/fr\/wp-json\/wp\/v2\/color?post=129418"},{"taxonomy":"certification","embeddable":true,"href":"https:\/\/www.bontempi.it\/fr\/wp-json\/wp\/v2\/certification?post=129418"}],"curies":[{"name":"wp","href":"https:\/\/api.w.org\/{rel}","templated":true}]}}